{"id":274,"date":"2015-01-27T17:56:20","date_gmt":"2015-01-27T16:56:20","guid":{"rendered":"http:\/\/agora.xtec.cat\/cfalapau\/?page_id=274"},"modified":"2025-05-24T17:18:34","modified_gmt":"2025-05-24T15:18:34","slug":"ensenyaments","status":"publish","type":"page","link":"https:\/\/agora.xtec.cat\/cfalapau\/ensenyaments\/","title":{"rendered":"Ensenyaments"},"content":{"rendered":"<p>Aquests s\u00f3n els ensenyaments que t&#8217;oferim al Centre de Formaci\u00f3 d&#8217;Adults LA PAU<\/p>\n<p><img loading=\"lazy\" decoding=\"async\" class=\"aligncenter wp-image-2684 size-large\" src=\"https:\/\/agora.xtec.cat\/cfalapau\/wp-content\/uploads\/usu468\/2025\/05\/Oferta-formativa-2526-per-AVV-1024x722.png\" alt=\"\" width=\"1024\" height=\"722\" srcset=\"https:\/\/agora.xtec.cat\/cfalapau\/wp-content\/uploads\/usu468\/2025\/05\/Oferta-formativa-2526-per-AVV-1024x722.png 1024w, https:\/\/agora.xtec.cat\/cfalapau\/wp-content\/uploads\/usu468\/2025\/05\/Oferta-formativa-2526-per-AVV-300x212.png 300w, https:\/\/agora.xtec.cat\/cfalapau\/wp-content\/uploads\/usu468\/2025\/05\/Oferta-formativa-2526-per-AVV-768x541.png 768w, https:\/\/agora.xtec.cat\/cfalapau\/wp-content\/uploads\/usu468\/2025\/05\/Oferta-formativa-2526-per-AVV-1536x1083.png 1536w, https:\/\/agora.xtec.cat\/cfalapau\/wp-content\/uploads\/usu468\/2025\/05\/Oferta-formativa-2526-per-AVV.png 2000w\" sizes=\"auto, (max-width: 1024px) 100vw, 1024px\" \/><\/p>\n<h4>Ensenyaments inicials i b\u00e0sica<\/h4>\n<ul>\n<li><a href=\"http:\/\/agora.xtec.cat\/cfalapau\/ensenyaments\/ensenyaments-de-llengues\/llengua-catalana\/\">Llengua catalana<\/a><\/li>\n<li><a href=\"http:\/\/agora.xtec.cat\/cfalapau\/ensenyaments\/ensenyaments-de-llengues\/llengua-castellana\/\">Llengua castellana<\/a><\/li>\n<\/ul>\n<h4>Formaci\u00f3 b\u00e0sica<\/h4>\n<ul>\n<li>Formaci\u00f3 instrumental nivell 1 (alfabetitzaci\u00f3)<\/li>\n<li><a href=\"https:\/\/agora.xtec.cat\/cfalapau\/ensenyaments\/moduls-de-noves-oportunitats\/\">MEIJN (M\u00f2duls d&#8217;ensenyaments integrats per a joves nouvinguts)<\/a><\/li>\n<\/ul>\n<h4>Ensenyaments interprofessionals<\/h4>\n<ul>\n<li><a href=\"http:\/\/agora.xtec.cat\/cfalapau\/ensenyaments\/ensenyaments-de-llengues\/llengua-anglesa\/\">Llengua anglesa<\/a><\/li>\n<li><a href=\"http:\/\/agora.xtec.cat\/cfalapau\/ensenyaments\/competencia-digital-competic\/\">Compet\u00e8ncia digital COMPETIC<\/a><\/li>\n<\/ul>\n<h4>Ensenyament per a la preparaci\u00f3 de proves d\u2019acc\u00e9s<\/h4>\n<ul>\n<li><a href=\"http:\/\/agora.xtec.cat\/cfalapau\/ensenyaments\/ensenyaments-per-a-la-preparacio-de-proves-dacces\/a-la-universitat-per-a-majors-de-25-anys\/\">A la universitat per a majors de 25 anys<\/a><\/li>\n<\/ul>\n<p>Tamb\u00e9 podeu consultar el <a href=\"https:\/\/www.edubcn.cat\/rcs_gene\/extra\/04_carpeta_orientador\/K02_OfertacentresADULTS-Publica.pdf\">llistat dels centres<\/a> de formaci\u00f3 d&#8217;adults de la ciutat de Barcelona.<\/p>\n","protected":false},"excerpt":{"rendered":"<p>Aquests s\u00f3n els ensenyaments que t&#8217;oferim al Centre de Formaci\u00f3 d&#8217;Adults LA PAU Ensenyaments inicials i b\u00e0sica Llengua catalana Llengua castellana Formaci\u00f3 b\u00e0sica Formaci\u00f3 instrumental nivell 1 (alfabetitzaci\u00f3) MEIJN (M\u00f2duls d&#8217;ensenyaments integrats per a joves nouvinguts) Ensenyaments interprofessionals Llengua anglesa Compet\u00e8ncia digital COMPETIC Ensenyament per a la preparaci\u00f3 de proves d\u2019acc\u00e9s A la universitat per [&hellip;]<\/p>\n","protected":false},"author":2,"featured_media":0,"parent":0,"menu_order":5,"comment_status":"closed","ping_status":"closed","template":"page-templates\/side-menu.php","meta":{"_bbp_topic_count":0,"_bbp_reply_count":0,"_bbp_total_topic_count":0,"_bbp_total_reply_count":0,"_bbp_voice_count":0,"_bbp_anonymous_reply_count":0,"_bbp_topic_count_hidden":0,"_bbp_reply_count_hidden":0,"_bbp_forum_subforum_count":0,"site-sidebar-layout":"default","site-content-layout":"","ast-site-content-layout":"","site-content-style":"default","site-sidebar-style":"default","ast-global-header-display":"","ast-banner-title-visibility":"","ast-main-header-display":"","ast-hfb-above-header-display":"","ast-hfb-below-header-display":"","ast-hfb-mobile-header-display":"","site-post-title":"","ast-breadcrumbs-content":"","ast-featured-img":"","footer-sml-layout":"","theme-transparent-header-meta":"","adv-header-id-meta":"","stick-header-meta":"","header-above-stick-meta":"","header-main-stick-meta":"","header-below-stick-meta":"","astra-migrate-meta-layouts":"default","ast-page-background-enabled":"default","ast-page-background-meta":{"desktop":{"background-color":"var(--ast-global-color-4)","background-image":"","background-repeat":"repeat","background-position":"center center","background-size":"auto","background-attachment":"scroll","background-type":"","background-media":"","overlay-type":"","overlay-color":"","overlay-opacity":"","overlay-gradient":""},"tablet":{"background-color":"","background-image":"","background-repeat":"repeat","background-position":"center center","background-size":"auto","background-attachment":"scroll","background-type":"","background-media":"","overlay-type":"","overlay-color":"","overlay-opacity":"","overlay-gradient":""},"mobile":{"background-color":"","background-image":"","background-repeat":"repeat","background-position":"center center","background-size":"auto","background-attachment":"scroll","background-type":"","background-media":"","overlay-type":"","overlay-color":"","overlay-opacity":"","overlay-gradient":""}},"ast-content-background-meta":{"desktop":{"background-color":"var(--ast-global-color-5)","background-image":"","background-repeat":"repeat","background-position":"center center","background-size":"auto","background-attachment":"scroll","background-type":"","background-media":"","overlay-type":"","overlay-color":"","overlay-opacity":"","overlay-gradient":""},"tablet":{"background-color":"var(--ast-global-color-5)","background-image":"","background-repeat":"repeat","background-position":"center center","background-size":"auto","background-attachment":"scroll","background-type":"","background-media":"","overlay-type":"","overlay-color":"","overlay-opacity":"","overlay-gradient":""},"mobile":{"background-color":"var(--ast-global-color-5)","background-image":"","background-repeat":"repeat","background-position":"center center","background-size":"auto","background-attachment":"scroll","background-type":"","background-media":"","overlay-type":"","overlay-color":"","overlay-opacity":"","overlay-gradient":""}},"footnotes":""},"class_list":["post-274","page","type-page","status-publish","hentry"],"post_mailing_queue_ids":[],"_links":{"self":[{"href":"https:\/\/agora.xtec.cat\/cfalapau\/wp-json\/wp\/v2\/pages\/274","targetHints":{"allow":["GET"]}}],"collection":[{"href":"https:\/\/agora.xtec.cat\/cfalapau\/wp-json\/wp\/v2\/pages"}],"about":[{"href":"https:\/\/agora.xtec.cat\/cfalapau\/wp-json\/wp\/v2\/types\/page"}],"author":[{"embeddable":true,"href":"https:\/\/agora.xtec.cat\/cfalapau\/wp-json\/wp\/v2\/users\/2"}],"replies":[{"embeddable":true,"href":"https:\/\/agora.xtec.cat\/cfalapau\/wp-json\/wp\/v2\/comments?post=274"}],"version-history":[{"count":6,"href":"https:\/\/agora.xtec.cat\/cfalapau\/wp-json\/wp\/v2\/pages\/274\/revisions"}],"predecessor-version":[{"id":2713,"href":"https:\/\/agora.xtec.cat\/cfalapau\/wp-json\/wp\/v2\/pages\/274\/revisions\/2713"}],"wp:attachment":[{"href":"https:\/\/agora.xtec.cat\/cfalapau\/wp-json\/wp\/v2\/media?parent=274"}],"curies":[{"name":"wp","href":"https:\/\/api.w.org\/{rel}","templated":true}]}}