{"id":2718,"date":"2025-05-24T17:33:31","date_gmt":"2025-05-24T15:33:31","guid":{"rendered":"https:\/\/agora.xtec.cat\/cfalapau\/?page_id=2718"},"modified":"2025-05-27T18:07:21","modified_gmt":"2025-05-27T16:07:21","slug":"oferta-educativa-2025-2026","status":"publish","type":"page","link":"https:\/\/agora.xtec.cat\/cfalapau\/secretaria\/oferta-educativa-2025-2026\/","title":{"rendered":"Oferta educativa 2025-2026"},"content":{"rendered":"<p>Els ensenyaments que oferim s\u00f3n els seg\u00fcents:<\/p>\n<ul>\n<li class=\"zfr3Q\" dir=\"ltr\"><a href=\"https:\/\/agora.xtec.cat\/cfalapau\/wp-content\/uploads\/usu468\/2020\/05\/Llengues-CFA-La-Pau-2020_lectura_web.pdf\">Llengua catalana<\/a>\n<ul>\n<li class=\"zfr3Q\" dir=\"ltr\">nivell 1: tarda, amb duraci\u00f3 quadrimestral<\/li>\n<li dir=\"ltr\">nivell 2: tarda, amb duraci\u00f3 anual<\/li>\n<\/ul>\n<\/li>\n<\/ul>\n<ul>\n<li><a href=\"https:\/\/agora.xtec.cat\/cfalapau\/wp-content\/uploads\/usu468\/2020\/05\/Llengues-CFA-La-Pau-2020_lectura_web.pdf\">Llengua castellana<\/a>\n<ul>\n<li class=\"zfr3Q\" dir=\"ltr\">nivell 1: mat\u00ed, amb duraci\u00f3 anual<\/li>\n<li dir=\"ltr\">nivell 1: vespre, amb duraci\u00f3 quadrimestral<\/li>\n<li>nivell 2: vespre, amb duraci\u00f3 anual<\/li>\n<li>nivell 3: mat\u00ed, amb duraci\u00f3 anual<\/li>\n<\/ul>\n<\/li>\n<\/ul>\n<ul>\n<li class=\"zfr3Q\" dir=\"ltr\"><a href=\"https:\/\/agora.xtec.cat\/cfalapau\/wp-content\/uploads\/usu468\/2020\/05\/Llengues-CFA-La-Pau-2020_lectura_web.pdf\">Llengua anglesa<\/a>\n<ul>\n<li class=\"zfr3Q\" dir=\"ltr\">nivell 1: tarda, amb duraci\u00f3 anual<\/li>\n<li>nivell 2: tarda, amb duraci\u00f3 anual<\/li>\n<li>nivell 3: vespre, amb duraci\u00f3 anual<\/li>\n<\/ul>\n<\/li>\n<\/ul>\n<ul>\n<li class=\"zfr3Q\" dir=\"ltr\"><a href=\"https:\/\/agora.xtec.cat\/cfalapau\/wp-content\/uploads\/usu468\/2020\/05\/triptic-competic-2020-21.pdf\">Competic<\/a>\n<ul>\n<li class=\"zfr3Q\" dir=\"ltr\">nivell inicial: mat\u00ed, amb duraci\u00f3 anual<\/li>\n<li class=\"zfr3Q\" dir=\"ltr\">nivell 1: mat\u00ed, amb duraci\u00f3 anual<\/li>\n<li>nivell 2: mat\u00ed, amb duraci\u00f3 anual<\/li>\n<\/ul>\n<\/li>\n<\/ul>\n<ul>\n<li class=\"zfr3Q\" dir=\"ltr\"><a href=\"https:\/\/agora.xtec.cat\/cfalapau\/wp-content\/uploads\/usu468\/2020\/05\/Proves-PAU-2545-CFA-La-Pau_lectura_web-2020.pdf\">Preparaci\u00f3 per a la prova d&#8217;acc\u00e9s a Universitat &gt;25 i 45 anys<\/a>:\n<ul>\n<li dir=\"ltr\">mat\u00ed, de dilluns a divendres<\/li>\n<\/ul>\n<\/li>\n<\/ul>\n<ul>\n<li dir=\"ltr\"><a href=\"https:\/\/agora.xtec.cat\/cfalapau\/ensenyaments\/moduls-de-noves-oportunitats\/\">M\u00f2duls d&#8217;Ensenyaments Integrats per a Jovent Nouvingut<\/a>:\n<ul>\n<li dir=\"ltr\">mat\u00ed, de dilluns a divendres<\/li>\n<\/ul>\n<\/li>\n<\/ul>\n<ul>\n<li><a href=\"https:\/\/agora.xtec.cat\/cfalapau\/ensenyaments\/formacio-instrumental-1-alfabetitzacio\/\">Formaci\u00f3 instrumental 1 (Alfabetitzaci\u00f3):<\/a>\n<ul>\n<li dir=\"ltr\">mat\u00ed, de dilluns a divendres<\/li>\n<\/ul>\n<\/li>\n<\/ul>\n<p>&nbsp;<\/p>\n","protected":false},"excerpt":{"rendered":"<p>Els ensenyaments que oferim s\u00f3n els seg\u00fcents: Llengua catalana nivell 1: tarda, amb duraci\u00f3 quadrimestral nivell 2: tarda, amb duraci\u00f3 anual Llengua castellana nivell 1: mat\u00ed, amb duraci\u00f3 anual nivell 1: vespre, amb duraci\u00f3 quadrimestral nivell 2: vespre, amb duraci\u00f3 anual nivell 3: mat\u00ed, amb duraci\u00f3 anual Llengua anglesa nivell 1: tarda, amb duraci\u00f3 anual [&hellip;]<\/p>\n","protected":false},"author":5,"featured_media":0,"parent":81,"menu_order":0,"comment_status":"closed","ping_status":"closed","template":"","meta":{"_bbp_topic_count":0,"_bbp_reply_count":0,"_bbp_total_topic_count":0,"_bbp_total_reply_count":0,"_bbp_voice_count":0,"_bbp_anonymous_reply_count":0,"_bbp_topic_count_hidden":0,"_bbp_reply_count_hidden":0,"_bbp_forum_subforum_count":0,"site-sidebar-layout":"default","site-content-layout":"","ast-site-content-layout":"","site-content-style":"default","site-sidebar-style":"default","ast-global-header-display":"","ast-banner-title-visibility":"","ast-main-header-display":"","ast-hfb-above-header-display":"","ast-hfb-below-header-display":"","ast-hfb-mobile-header-display":"","site-post-title":"","ast-breadcrumbs-content":"","ast-featured-img":"","footer-sml-layout":"","theme-transparent-header-meta":"","adv-header-id-meta":"","stick-header-meta":"","header-above-stick-meta":"","header-main-stick-meta":"","header-below-stick-meta":"","astra-migrate-meta-layouts":"default","ast-page-background-enabled":"default","ast-page-background-meta":{"desktop":{"background-color":"var(--ast-global-color-4)","background-image":"","background-repeat":"repeat","background-position":"center center","background-size":"auto","background-attachment":"scroll","background-type":"","background-media":"","overlay-type":"","overlay-color":"","overlay-opacity":"","overlay-gradient":""},"tablet":{"background-color":"","background-image":"","background-repeat":"repeat","background-position":"center center","background-size":"auto","background-attachment":"scroll","background-type":"","background-media":"","overlay-type":"","overlay-color":"","overlay-opacity":"","overlay-gradient":""},"mobile":{"background-color":"","background-image":"","background-repeat":"repeat","background-position":"center center","background-size":"auto","background-attachment":"scroll","background-type":"","background-media":"","overlay-type":"","overlay-color":"","overlay-opacity":"","overlay-gradient":""}},"ast-content-background-meta":{"desktop":{"background-color":"var(--ast-global-color-5)","background-image":"","background-repeat":"repeat","background-position":"center center","background-size":"auto","background-attachment":"scroll","background-type":"","background-media":"","overlay-type":"","overlay-color":"","overlay-opacity":"","overlay-gradient":""},"tablet":{"background-color":"var(--ast-global-color-5)","background-image":"","background-repeat":"repeat","background-position":"center center","background-size":"auto","background-attachment":"scroll","background-type":"","background-media":"","overlay-type":"","overlay-color":"","overlay-opacity":"","overlay-gradient":""},"mobile":{"background-color":"var(--ast-global-color-5)","background-image":"","background-repeat":"repeat","background-position":"center center","background-size":"auto","background-attachment":"scroll","background-type":"","background-media":"","overlay-type":"","overlay-color":"","overlay-opacity":"","overlay-gradient":""}},"footnotes":""},"class_list":["post-2718","page","type-page","status-publish","hentry"],"post_mailing_queue_ids":[],"_links":{"self":[{"href":"https:\/\/agora.xtec.cat\/cfalapau\/wp-json\/wp\/v2\/pages\/2718","targetHints":{"allow":["GET"]}}],"collection":[{"href":"https:\/\/agora.xtec.cat\/cfalapau\/wp-json\/wp\/v2\/pages"}],"about":[{"href":"https:\/\/agora.xtec.cat\/cfalapau\/wp-json\/wp\/v2\/types\/page"}],"author":[{"embeddable":true,"href":"https:\/\/agora.xtec.cat\/cfalapau\/wp-json\/wp\/v2\/users\/5"}],"replies":[{"embeddable":true,"href":"https:\/\/agora.xtec.cat\/cfalapau\/wp-json\/wp\/v2\/comments?post=2718"}],"version-history":[{"count":4,"href":"https:\/\/agora.xtec.cat\/cfalapau\/wp-json\/wp\/v2\/pages\/2718\/revisions"}],"predecessor-version":[{"id":2789,"href":"https:\/\/agora.xtec.cat\/cfalapau\/wp-json\/wp\/v2\/pages\/2718\/revisions\/2789"}],"up":[{"embeddable":true,"href":"https:\/\/agora.xtec.cat\/cfalapau\/wp-json\/wp\/v2\/pages\/81"}],"wp:attachment":[{"href":"https:\/\/agora.xtec.cat\/cfalapau\/wp-json\/wp\/v2\/media?parent=2718"}],"curies":[{"name":"wp","href":"https:\/\/api.w.org\/{rel}","templated":true}]}}