{"id":2716,"date":"2025-05-24T17:29:54","date_gmt":"2025-05-24T15:29:54","guid":{"rendered":"https:\/\/agora.xtec.cat\/cfalapau\/?page_id=2716"},"modified":"2025-05-24T17:34:39","modified_gmt":"2025-05-24T15:34:39","slug":"queixes-i-suggerimients","status":"publish","type":"page","link":"https:\/\/agora.xtec.cat\/cfalapau\/secretaria\/queixes-i-suggerimients\/","title":{"rendered":"Queixes i suggerimients"},"content":{"rendered":"<p>Formulari de suggeriments <a href=\"https:\/\/forms.gle\/X7JT9c3wTXkfUMdY6\">en aquest enlla\u00e7<\/a> o fes servir la b\u00fastia que trobar\u00e0s al centre.<\/p>\n<p><a href=\"https:\/\/agora.xtec.cat\/cfalapau\/wp-content\/uploads\/usu468\/2019\/09\/Formulari-de-queixa-cfalapau.pdf\">Full oficial de queixes i suggeriments (s&#8217;ha d&#8217;imprimir i entregar a secretaria)<\/a><\/p>\n","protected":false},"excerpt":{"rendered":"<p>Formulari de suggeriments en aquest enlla\u00e7 o fes servir la b\u00fastia que trobar\u00e0s al centre. Full oficial de queixes i suggeriments (s&#8217;ha d&#8217;imprimir i entregar a secretaria)<\/p>\n","protected":false},"author":5,"featured_media":0,"parent":81,"menu_order":5,"comment_status":"closed","ping_status":"closed","template":"","meta":{"_bbp_topic_count":0,"_bbp_reply_count":0,"_bbp_total_topic_count":0,"_bbp_total_reply_count":0,"_bbp_voice_count":0,"_bbp_anonymous_reply_count":0,"_bbp_topic_count_hidden":0,"_bbp_reply_count_hidden":0,"_bbp_forum_subforum_count":0,"site-sidebar-layout":"default","site-content-layout":"","ast-site-content-layout":"","site-content-style":"default","site-sidebar-style":"default","ast-global-header-display":"","ast-banner-title-visibility":"","ast-main-header-display":"","ast-hfb-above-header-display":"","ast-hfb-below-header-display":"","ast-hfb-mobile-header-display":"","site-post-title":"","ast-breadcrumbs-content":"","ast-featured-img":"","footer-sml-layout":"","theme-transparent-header-meta":"","adv-header-id-meta":"","stick-header-meta":"","header-above-stick-meta":"","header-main-stick-meta":"","header-below-stick-meta":"","astra-migrate-meta-layouts":"default","ast-page-background-enabled":"default","ast-page-background-meta":{"desktop":{"background-color":"var(--ast-global-color-4)","background-image":"","background-repeat":"repeat","background-position":"center center","background-size":"auto","background-attachment":"scroll","background-type":"","background-media":"","overlay-type":"","overlay-color":"","overlay-opacity":"","overlay-gradient":""},"tablet":{"background-color":"","background-image":"","background-repeat":"repeat","background-position":"center center","background-size":"auto","background-attachment":"scroll","background-type":"","background-media":"","overlay-type":"","overlay-color":"","overlay-opacity":"","overlay-gradient":""},"mobile":{"background-color":"","background-image":"","background-repeat":"repeat","background-position":"center center","background-size":"auto","background-attachment":"scroll","background-type":"","background-media":"","overlay-type":"","overlay-color":"","overlay-opacity":"","overlay-gradient":""}},"ast-content-background-meta":{"desktop":{"background-color":"var(--ast-global-color-5)","background-image":"","background-repeat":"repeat","background-position":"center center","background-size":"auto","background-attachment":"scroll","background-type":"","background-media":"","overlay-type":"","overlay-color":"","overlay-opacity":"","overlay-gradient":""},"tablet":{"background-color":"var(--ast-global-color-5)","background-image":"","background-repeat":"repeat","background-position":"center center","background-size":"auto","background-attachment":"scroll","background-type":"","background-media":"","overlay-type":"","overlay-color":"","overlay-opacity":"","overlay-gradient":""},"mobile":{"background-color":"var(--ast-global-color-5)","background-image":"","background-repeat":"repeat","background-position":"center center","background-size":"auto","background-attachment":"scroll","background-type":"","background-media":"","overlay-type":"","overlay-color":"","overlay-opacity":"","overlay-gradient":""}},"footnotes":""},"class_list":["post-2716","page","type-page","status-publish","hentry"],"post_mailing_queue_ids":[],"_links":{"self":[{"href":"https:\/\/agora.xtec.cat\/cfalapau\/wp-json\/wp\/v2\/pages\/2716","targetHints":{"allow":["GET"]}}],"collection":[{"href":"https:\/\/agora.xtec.cat\/cfalapau\/wp-json\/wp\/v2\/pages"}],"about":[{"href":"https:\/\/agora.xtec.cat\/cfalapau\/wp-json\/wp\/v2\/types\/page"}],"author":[{"embeddable":true,"href":"https:\/\/agora.xtec.cat\/cfalapau\/wp-json\/wp\/v2\/users\/5"}],"replies":[{"embeddable":true,"href":"https:\/\/agora.xtec.cat\/cfalapau\/wp-json\/wp\/v2\/comments?post=2716"}],"version-history":[{"count":1,"href":"https:\/\/agora.xtec.cat\/cfalapau\/wp-json\/wp\/v2\/pages\/2716\/revisions"}],"predecessor-version":[{"id":2717,"href":"https:\/\/agora.xtec.cat\/cfalapau\/wp-json\/wp\/v2\/pages\/2716\/revisions\/2717"}],"up":[{"embeddable":true,"href":"https:\/\/agora.xtec.cat\/cfalapau\/wp-json\/wp\/v2\/pages\/81"}],"wp:attachment":[{"href":"https:\/\/agora.xtec.cat\/cfalapau\/wp-json\/wp\/v2\/media?parent=2716"}],"curies":[{"name":"wp","href":"https:\/\/api.w.org\/{rel}","templated":true}]}}