{"id":2705,"date":"2025-05-24T09:06:25","date_gmt":"2025-05-24T07:06:25","guid":{"rendered":"https:\/\/agora.xtec.cat\/cfalapau\/?page_id=2705"},"modified":"2025-07-25T15:06:24","modified_gmt":"2025-07-25T13:06:24","slug":"activitats","status":"publish","type":"page","link":"https:\/\/agora.xtec.cat\/cfalapau\/activitats\/","title":{"rendered":"Activitats"},"content":{"rendered":"<p>Durant el curs programem diverses activitats culturals al centre per tal de con\u00e8ixer la cultura catalana, les cultures de l&#8217;alumnat, divertir-nos, tastar menjar o acomiadar-nos abans de les vacances. Tamb\u00e9 organitzem diverses sortides per tal de con\u00e8ixer diferents espais de la ciutat.<\/p>\n<ul>\n<li>Podeu consultar les <a href=\"https:\/\/agora.xtec.cat\/cfalapau\/categoria\/activitats\/\">darreres activitats en el nostre blog<\/a><\/li>\n<li>Consulteu tamb\u00e9 el calendari de les <a href=\"https:\/\/agora.xtec.cat\/cfalapau\/activitats\/agenda-dactivitats-del-cfa-la-pau\/\">activitats que estem preparant<\/a><\/li>\n<\/ul>\n<p>Tamb\u00e9 us oferim:<\/p>\n<ul>\n<li><a href=\"https:\/\/agora.xtec.cat\/cfalapau\/general\/suport-digital\/\">L&#8217;espai de suport digital<\/a><\/li>\n<li><a href=\"https:\/\/agora.xtec.cat\/cfalapau\/activitats\/taller-de-yoga\/\">El taller de ioga<\/a><\/li>\n<\/ul>\n","protected":false},"excerpt":{"rendered":"<p>Durant el curs programem diverses activitats culturals al centre per tal de con\u00e8ixer la cultura catalana, les cultures de l&#8217;alumnat, divertir-nos, tastar menjar o acomiadar-nos abans de les vacances. Tamb\u00e9 organitzem diverses sortides per tal de con\u00e8ixer diferents espais de la ciutat. Podeu consultar les darreres activitats en el nostre blog Consulteu tamb\u00e9 el calendari [&hellip;]<\/p>\n","protected":false},"author":5,"featured_media":0,"parent":0,"menu_order":4,"comment_status":"closed","ping_status":"closed","template":"","meta":{"_bbp_topic_count":0,"_bbp_reply_count":0,"_bbp_total_topic_count":0,"_bbp_total_reply_count":0,"_bbp_voice_count":0,"_bbp_anonymous_reply_count":0,"_bbp_topic_count_hidden":0,"_bbp_reply_count_hidden":0,"_bbp_forum_subforum_count":0,"site-sidebar-layout":"default","site-content-layout":"","ast-site-content-layout":"default","site-content-style":"default","site-sidebar-style":"default","ast-global-header-display":"","ast-banner-title-visibility":"","ast-main-header-display":"","ast-hfb-above-header-display":"","ast-hfb-below-header-display":"","ast-hfb-mobile-header-display":"","site-post-title":"","ast-breadcrumbs-content":"","ast-featured-img":"","footer-sml-layout":"","theme-transparent-header-meta":"default","adv-header-id-meta":"","stick-header-meta":"","header-above-stick-meta":"","header-main-stick-meta":"","header-below-stick-meta":"","astra-migrate-meta-layouts":"set","ast-page-background-enabled":"default","ast-page-background-meta":{"desktop":{"background-color":"var(--ast-global-color-4)","background-image":"","background-repeat":"repeat","background-position":"center center","background-size":"auto","background-attachment":"scroll","background-type":"","background-media":"","overlay-type":"","overlay-color":"","overlay-opacity":"","overlay-gradient":""},"tablet":{"background-color":"","background-image":"","background-repeat":"repeat","background-position":"center center","background-size":"auto","background-attachment":"scroll","background-type":"","background-media":"","overlay-type":"","overlay-color":"","overlay-opacity":"","overlay-gradient":""},"mobile":{"background-color":"","background-image":"","background-repeat":"repeat","background-position":"center center","background-size":"auto","background-attachment":"scroll","background-type":"","background-media":"","overlay-type":"","overlay-color":"","overlay-opacity":"","overlay-gradient":""}},"ast-content-background-meta":{"desktop":{"background-color":"var(--ast-global-color-5)","background-image":"","background-repeat":"repeat","background-position":"center center","background-size":"auto","background-attachment":"scroll","background-type":"","background-media":"","overlay-type":"","overlay-color":"","overlay-opacity":"","overlay-gradient":""},"tablet":{"background-color":"var(--ast-global-color-5)","background-image":"","background-repeat":"repeat","background-position":"center center","background-size":"auto","background-attachment":"scroll","background-type":"","background-media":"","overlay-type":"","overlay-color":"","overlay-opacity":"","overlay-gradient":""},"mobile":{"background-color":"var(--ast-global-color-5)","background-image":"","background-repeat":"repeat","background-position":"center center","background-size":"auto","background-attachment":"scroll","background-type":"","background-media":"","overlay-type":"","overlay-color":"","overlay-opacity":"","overlay-gradient":""}},"footnotes":""},"class_list":["post-2705","page","type-page","status-publish","hentry"],"post_mailing_queue_ids":[],"_links":{"self":[{"href":"https:\/\/agora.xtec.cat\/cfalapau\/wp-json\/wp\/v2\/pages\/2705","targetHints":{"allow":["GET"]}}],"collection":[{"href":"https:\/\/agora.xtec.cat\/cfalapau\/wp-json\/wp\/v2\/pages"}],"about":[{"href":"https:\/\/agora.xtec.cat\/cfalapau\/wp-json\/wp\/v2\/types\/page"}],"author":[{"embeddable":true,"href":"https:\/\/agora.xtec.cat\/cfalapau\/wp-json\/wp\/v2\/users\/5"}],"replies":[{"embeddable":true,"href":"https:\/\/agora.xtec.cat\/cfalapau\/wp-json\/wp\/v2\/comments?post=2705"}],"version-history":[{"count":2,"href":"https:\/\/agora.xtec.cat\/cfalapau\/wp-json\/wp\/v2\/pages\/2705\/revisions"}],"predecessor-version":[{"id":2877,"href":"https:\/\/agora.xtec.cat\/cfalapau\/wp-json\/wp\/v2\/pages\/2705\/revisions\/2877"}],"wp:attachment":[{"href":"https:\/\/agora.xtec.cat\/cfalapau\/wp-json\/wp\/v2\/media?parent=2705"}],"curies":[{"name":"wp","href":"https:\/\/api.w.org\/{rel}","templated":true}]}}