{"id":27,"date":"2014-09-17T16:24:03","date_gmt":"2014-09-17T16:24:03","guid":{"rendered":"http:\/\/agora.xtec.cat\/cfalapau\/?page_id=27"},"modified":"2025-05-27T09:34:33","modified_gmt":"2025-05-27T07:34:33","slug":"historia","status":"publish","type":"page","link":"https:\/\/agora.xtec.cat\/cfalapau\/el-centre\/historia\/","title":{"rendered":"Hist\u00f2ria"},"content":{"rendered":"<p style=\"text-align: justify;\">El barri de La Pau es va projectar el 1963 com un enorme pol\u00edgon d&#8217;habitatges a l\u2019est de la ciutat en una extensi\u00f3 de boscos i terrenys agr\u00edcoles. S\u2019hi van construir blocs d\u2019edificis lineals i sense cap mena d\u2019ornamentaci\u00f3 per a la poblaci\u00f3 procedent d\u2019altres zones de l\u2019estat que van instal\u00b7lar-se a Catalunya a la recerca de noves oportunitats. A difer\u00e8ncia d\u2019altres dissenys urban\u00edstics de l\u2019\u00e8poca, La Pau disposava d\u2019espaioses zones verdes, separades per petits camins, estructura que ha conservat fins als temps presents. Actualment el barri t\u00e9 bona comunicaci\u00f3 de metro i autobusos amb la resta de la ciutat i de l\u2019\u00e0rea metropolitana.<\/p>\n<p><a href=\"https:\/\/agora.xtec.cat\/cfalapau\/wp-content\/uploads\/usu468\/2022\/05\/El-Piramidon.jpg\"><img loading=\"lazy\" decoding=\"async\" class=\"size-full wp-image-1913 aligncenter\" src=\"https:\/\/agora.xtec.cat\/cfalapau\/wp-content\/uploads\/usu468\/2022\/05\/El-Piramidon.jpg\" alt=\"\" width=\"418\" height=\"541\" srcset=\"https:\/\/agora.xtec.cat\/cfalapau\/wp-content\/uploads\/usu468\/2022\/05\/El-Piramidon.jpg 418w, https:\/\/agora.xtec.cat\/cfalapau\/wp-content\/uploads\/usu468\/2022\/05\/El-Piramidon-232x300.jpg 232w\" sizes=\"auto, (max-width: 418px) 100vw, 418px\" \/><\/a><\/p>\n<p>L&#8217;edifici Piramid\u00f3n, un gratacel de disset pisos d&#8217;al\u00e7ada, es va construir l&#8217;any 1971. Despr\u00e9s d&#8217;un temps sense cap destinaci\u00f3 concreta, actualment \u00e9s la seu de diferents entitats i associacions culturals, ve\u00efnals i socials, com l&#8217;Escola d&#8217;Adults <em>CFA La Pau<\/em>, el centre c\u00edvic <a href=\"https:\/\/www.barcelona.cat\/casalsdebarri\/lapau\/es\"><em>Casal de Barri La Pau<\/em><\/a> i el <a href=\"https:\/\/www.piramidon.com\/es\/\"><em>Centre d&#8217;Art Contemporani Piramid\u00f3n<\/em><\/a>.<\/p>\n<p style=\"text-align: justify;\">L\u2019Ajuntament de Barcelona va crear l\u2019Escola d\u2019Adults La Pau l\u2019any 1985 per acollir els alumnes dels cursos d\u2019adults de l\u2019Escola Casas quan aquest centre va haver de prescindir dels locals que ocupaven per cedir-los al Conservatori de M\u00fasica. Inicialment, s\u2019hi feien cursos de mecanografia, c\u00e0lcul mercantil i correspond\u00e8ncia comercial i, m\u00e9s endavant, s\u2019hi van incloure graduats escolars, certificats i alfabetitzaci\u00f3.<\/p>\n<p style=\"text-align: justify;\">Actualment, l\u2019escola imparteix cursos de llengua catalana, castellana i anglesa, cursos d\u2019inform\u00e0tica i de preparaci\u00f3 per a les proves d\u2019acc\u00e9s a cicles formatius de grau superior i d\u2019acc\u00e9s a la universitat per a majors de 25 i de 45 anys, entre altres.<\/p>\n","protected":false},"excerpt":{"rendered":"<p>El barri de La Pau es va projectar el 1963 com un enorme pol\u00edgon d&#8217;habitatges a l\u2019est de la ciutat en una extensi\u00f3 de boscos i terrenys agr\u00edcoles. S\u2019hi van construir blocs d\u2019edificis lineals i sense cap mena d\u2019ornamentaci\u00f3 per a la poblaci\u00f3 procedent d\u2019altres zones de l\u2019estat que van instal\u00b7lar-se a Catalunya a la [&hellip;]<\/p>\n","protected":false},"author":1,"featured_media":0,"parent":261,"menu_order":2,"comment_status":"closed","ping_status":"closed","template":"page-templates\/side-menu.php","meta":{"_bbp_topic_count":0,"_bbp_reply_count":0,"_bbp_total_topic_count":0,"_bbp_total_reply_count":0,"_bbp_voice_count":0,"_bbp_anonymous_reply_count":0,"_bbp_topic_count_hidden":0,"_bbp_reply_count_hidden":0,"_bbp_forum_subforum_count":0,"site-sidebar-layout":"default","site-content-layout":"","ast-site-content-layout":"","site-content-style":"default","site-sidebar-style":"default","ast-global-header-display":"","ast-banner-title-visibility":"","ast-main-header-display":"","ast-hfb-above-header-display":"","ast-hfb-below-header-display":"","ast-hfb-mobile-header-display":"","site-post-title":"","ast-breadcrumbs-content":"","ast-featured-img":"","footer-sml-layout":"","theme-transparent-header-meta":"","adv-header-id-meta":"","stick-header-meta":"","header-above-stick-meta":"","header-main-stick-meta":"","header-below-stick-meta":"","astra-migrate-meta-layouts":"default","ast-page-background-enabled":"default","ast-page-background-meta":{"desktop":{"background-color":"var(--ast-global-color-4)","background-image":"","background-repeat":"repeat","background-position":"center center","background-size":"auto","background-attachment":"scroll","background-type":"","background-media":"","overlay-type":"","overlay-color":"","overlay-opacity":"","overlay-gradient":""},"tablet":{"background-color":"","background-image":"","background-repeat":"repeat","background-position":"center center","background-size":"auto","background-attachment":"scroll","background-type":"","background-media":"","overlay-type":"","overlay-color":"","overlay-opacity":"","overlay-gradient":""},"mobile":{"background-color":"","background-image":"","background-repeat":"repeat","background-position":"center center","background-size":"auto","background-attachment":"scroll","background-type":"","background-media":"","overlay-type":"","overlay-color":"","overlay-opacity":"","overlay-gradient":""}},"ast-content-background-meta":{"desktop":{"background-color":"var(--ast-global-color-5)","background-image":"","background-repeat":"repeat","background-position":"center center","background-size":"auto","background-attachment":"scroll","background-type":"","background-media":"","overlay-type":"","overlay-color":"","overlay-opacity":"","overlay-gradient":""},"tablet":{"background-color":"var(--ast-global-color-5)","background-image":"","background-repeat":"repeat","background-position":"center center","background-size":"auto","background-attachment":"scroll","background-type":"","background-media":"","overlay-type":"","overlay-color":"","overlay-opacity":"","overlay-gradient":""},"mobile":{"background-color":"var(--ast-global-color-5)","background-image":"","background-repeat":"repeat","background-position":"center center","background-size":"auto","background-attachment":"scroll","background-type":"","background-media":"","overlay-type":"","overlay-color":"","overlay-opacity":"","overlay-gradient":""}},"footnotes":""},"class_list":["post-27","page","type-page","status-publish","hentry"],"post_mailing_queue_ids":[],"_links":{"self":[{"href":"https:\/\/agora.xtec.cat\/cfalapau\/wp-json\/wp\/v2\/pages\/27","targetHints":{"allow":["GET"]}}],"collection":[{"href":"https:\/\/agora.xtec.cat\/cfalapau\/wp-json\/wp\/v2\/pages"}],"about":[{"href":"https:\/\/agora.xtec.cat\/cfalapau\/wp-json\/wp\/v2\/types\/page"}],"author":[{"embeddable":true,"href":"https:\/\/agora.xtec.cat\/cfalapau\/wp-json\/wp\/v2\/users\/1"}],"replies":[{"embeddable":true,"href":"https:\/\/agora.xtec.cat\/cfalapau\/wp-json\/wp\/v2\/comments?post=27"}],"version-history":[{"count":5,"href":"https:\/\/agora.xtec.cat\/cfalapau\/wp-json\/wp\/v2\/pages\/27\/revisions"}],"predecessor-version":[{"id":2769,"href":"https:\/\/agora.xtec.cat\/cfalapau\/wp-json\/wp\/v2\/pages\/27\/revisions\/2769"}],"up":[{"embeddable":true,"href":"https:\/\/agora.xtec.cat\/cfalapau\/wp-json\/wp\/v2\/pages\/261"}],"wp:attachment":[{"href":"https:\/\/agora.xtec.cat\/cfalapau\/wp-json\/wp\/v2\/media?parent=27"}],"curies":[{"name":"wp","href":"https:\/\/api.w.org\/{rel}","templated":true}]}}