{"id":265,"date":"2015-01-27T17:28:56","date_gmt":"2015-01-27T16:28:56","guid":{"rendered":"http:\/\/agora.xtec.cat\/cfalapau\/?page_id=265"},"modified":"2025-07-25T15:49:04","modified_gmt":"2025-07-25T13:49:04","slug":"organitzacio-interna","status":"publish","type":"page","link":"https:\/\/agora.xtec.cat\/cfalapau\/el-centre\/organitzacio-interna\/","title":{"rendered":"Equip"},"content":{"rendered":"<h3><strong>Equip directiu<\/strong><\/h3>\n<ul>\n<li style=\"list-style-type: none;\">\n<ul>\n<li>Direcci\u00f3: Montserrat Richou i Llimona.<\/li>\n<li>Coordinaci\u00f3 (secretaria i cap d&#8217;estudis): Llu\u00eds Romance Mart\u00ednez. (<a href=\"https:\/\/agora.xtec.cat\/cfalapau\/wp-content\/uploads\/usu468\/2021\/03\/PerfilTrajectoriaProfessional_LluisRomance_signat.pdf\">Perfil i traject\u00f2ria professional<\/a>)<\/li>\n<\/ul>\n<\/li>\n<\/ul>\n<h3>Professorat<\/h3>\n<ul>\n<li><strong>Coordinacions<\/strong>\n<ul>\n<li>Coordinaci\u00f3 d&#8217;ensenyaments inicials i b\u00e0sics: Yolanda Colino<\/li>\n<li>Coordinaci\u00f3 de proves d&#8217;acc\u00e9s: Lupe Julian<\/li>\n<li>Coordinaci\u00f3 de compet\u00e8ncies per la societat de la informaci\u00f3: Llu\u00eds Romance<\/li>\n<li>Coordinaci\u00f3 de formaci\u00f3 b\u00e0sica: Karen Constantine<\/li>\n<\/ul>\n<\/li>\n<li><strong>Altres docents<\/strong>\n<ul>\n<li>Lleng\u00fces: \u00c0ngela G\u00f3mez<\/li>\n<li>Lleng\u00fces: Marc Bartol\u00f3<\/li>\n<li>Ci\u00e8ncies: Marta Masachs<\/li>\n<li>Inform\u00e0tica: Laura Millan<\/li>\n<\/ul>\n<\/li>\n<\/ul>\n<h3>Personal d&#8217;administraci\u00f3 i serveis<\/h3>\n<ul>\n<li><strong>Secretaria<\/strong>\n<ul>\n<li>Jacqueline Deltrejo<\/li>\n<\/ul>\n<\/li>\n<li><strong>Consergeria<\/strong>\n<ul>\n<li>Mat\u00ed: Rosa Mary Varela.<\/li>\n<li>Tarda: Irene G\u00f3mez.<\/li>\n<\/ul>\n<\/li>\n<\/ul>\n<h3><strong>Consell Escolar<\/strong><\/h3>\n<p>El CFA La Pau participa en el consell escolar del <a href=\"http:\/\/www.cfalayret.cat\/\">CFA Francesc Layret<\/a>.<\/p>\n","protected":false},"excerpt":{"rendered":"<p>Equip directiu Direcci\u00f3: Montserrat Richou i Llimona. Coordinaci\u00f3 (secretaria i cap d&#8217;estudis): Llu\u00eds Romance Mart\u00ednez. (Perfil i traject\u00f2ria professional) Professorat Coordinacions Coordinaci\u00f3 d&#8217;ensenyaments inicials i b\u00e0sics: Yolanda Colino Coordinaci\u00f3 de proves d&#8217;acc\u00e9s: Lupe Julian Coordinaci\u00f3 de compet\u00e8ncies per la societat de la informaci\u00f3: Llu\u00eds Romance Coordinaci\u00f3 de formaci\u00f3 b\u00e0sica: Karen Constantine Altres docents Lleng\u00fces: \u00c0ngela [&hellip;]<\/p>\n","protected":false},"author":2,"featured_media":0,"parent":261,"menu_order":1,"comment_status":"closed","ping_status":"closed","template":"","meta":{"_bbp_topic_count":0,"_bbp_reply_count":0,"_bbp_total_topic_count":0,"_bbp_total_reply_count":0,"_bbp_voice_count":0,"_bbp_anonymous_reply_count":0,"_bbp_topic_count_hidden":0,"_bbp_reply_count_hidden":0,"_bbp_forum_subforum_count":0,"site-sidebar-layout":"default","site-content-layout":"","ast-site-content-layout":"default","site-content-style":"default","site-sidebar-style":"default","ast-global-header-display":"","ast-banner-title-visibility":"","ast-main-header-display":"","ast-hfb-above-header-display":"","ast-hfb-below-header-display":"","ast-hfb-mobile-header-display":"","site-post-title":"","ast-breadcrumbs-content":"","ast-featured-img":"","footer-sml-layout":"","theme-transparent-header-meta":"default","adv-header-id-meta":"","stick-header-meta":"","header-above-stick-meta":"","header-main-stick-meta":"","header-below-stick-meta":"","astra-migrate-meta-layouts":"set","ast-page-background-enabled":"default","ast-page-background-meta":{"desktop":{"background-color":"var(--ast-global-color-4)","background-image":"","background-repeat":"repeat","background-position":"center center","background-size":"auto","background-attachment":"scroll","background-type":"","background-media":"","overlay-type":"","overlay-color":"","overlay-opacity":"","overlay-gradient":""},"tablet":{"background-color":"","background-image":"","background-repeat":"repeat","background-position":"center center","background-size":"auto","background-attachment":"scroll","background-type":"","background-media":"","overlay-type":"","overlay-color":"","overlay-opacity":"","overlay-gradient":""},"mobile":{"background-color":"","background-image":"","background-repeat":"repeat","background-position":"center center","background-size":"auto","background-attachment":"scroll","background-type":"","background-media":"","overlay-type":"","overlay-color":"","overlay-opacity":"","overlay-gradient":""}},"ast-content-background-meta":{"desktop":{"background-color":"var(--ast-global-color-5)","background-image":"","background-repeat":"repeat","background-position":"center center","background-size":"auto","background-attachment":"scroll","background-type":"","background-media":"","overlay-type":"","overlay-color":"","overlay-opacity":"","overlay-gradient":""},"tablet":{"background-color":"var(--ast-global-color-5)","background-image":"","background-repeat":"repeat","background-position":"center center","background-size":"auto","background-attachment":"scroll","background-type":"","background-media":"","overlay-type":"","overlay-color":"","overlay-opacity":"","overlay-gradient":""},"mobile":{"background-color":"var(--ast-global-color-5)","background-image":"","background-repeat":"repeat","background-position":"center center","background-size":"auto","background-attachment":"scroll","background-type":"","background-media":"","overlay-type":"","overlay-color":"","overlay-opacity":"","overlay-gradient":""}},"footnotes":""},"class_list":["post-265","page","type-page","status-publish","hentry"],"post_mailing_queue_ids":[],"_links":{"self":[{"href":"https:\/\/agora.xtec.cat\/cfalapau\/wp-json\/wp\/v2\/pages\/265","targetHints":{"allow":["GET"]}}],"collection":[{"href":"https:\/\/agora.xtec.cat\/cfalapau\/wp-json\/wp\/v2\/pages"}],"about":[{"href":"https:\/\/agora.xtec.cat\/cfalapau\/wp-json\/wp\/v2\/types\/page"}],"author":[{"embeddable":true,"href":"https:\/\/agora.xtec.cat\/cfalapau\/wp-json\/wp\/v2\/users\/2"}],"replies":[{"embeddable":true,"href":"https:\/\/agora.xtec.cat\/cfalapau\/wp-json\/wp\/v2\/comments?post=265"}],"version-history":[{"count":6,"href":"https:\/\/agora.xtec.cat\/cfalapau\/wp-json\/wp\/v2\/pages\/265\/revisions"}],"predecessor-version":[{"id":2884,"href":"https:\/\/agora.xtec.cat\/cfalapau\/wp-json\/wp\/v2\/pages\/265\/revisions\/2884"}],"up":[{"embeddable":true,"href":"https:\/\/agora.xtec.cat\/cfalapau\/wp-json\/wp\/v2\/pages\/261"}],"wp:attachment":[{"href":"https:\/\/agora.xtec.cat\/cfalapau\/wp-json\/wp\/v2\/media?parent=265"}],"curies":[{"name":"wp","href":"https:\/\/api.w.org\/{rel}","templated":true}]}}