{"id":261,"date":"2015-01-27T17:25:01","date_gmt":"2015-01-27T16:25:01","guid":{"rendered":"http:\/\/agora.xtec.cat\/cfalapau\/?page_id=261"},"modified":"2025-05-24T17:23:14","modified_gmt":"2025-05-24T15:23:14","slug":"el-centre","status":"publish","type":"page","link":"https:\/\/agora.xtec.cat\/cfalapau\/el-centre\/","title":{"rendered":"El centre"},"content":{"rendered":"<div class=\"ast-oembed-container \" style=\"height: 100%;\"><iframe loading=\"lazy\" title=\"El CFA La Pau Jornada de Portes Obertes 2018\" width=\"500\" height=\"375\" src=\"https:\/\/www.youtube.com\/embed\/E9M6kiv8F3M?start=16&#038;feature=oembed\" frameborder=\"0\" allow=\"accelerometer; autoplay; clipboard-write; encrypted-media; gyroscope; picture-in-picture; web-share\" referrerpolicy=\"strict-origin-when-cross-origin\" allowfullscreen><\/iframe><\/div>\n<p>La formaci\u00f3 de persones adultes \u00e9s el conjunt d\u2019activitats d\u2019aprenentatge que, en el marc d\u2019aprendre al llarg de tota la vida, permet que les persones adultes desenvolupin les seves capacitats, enriqueixin els seus coneixements i millorin les seves compet\u00e8ncies t\u00e8cniques i professionals. Aix\u00f2 fa que hi participin persones amb objectius diferents, com poden ser obtenir una titulaci\u00f3, posar-se al dia o ampliar els seus coneixements.<\/p>\n<p style=\"text-align: justify;\">El Centre Municipal de Formaci\u00f3 d\u2019Adults La Pau es defineix com:<\/p>\n<ul>\n<li style=\"text-align: justify;\"><strong>Escola catalana<\/strong>. Utilitza el catal\u00e0 com a llengua pr\u00f2pia i vehicular de l\u2019ensenyament, respectant l\u2019expressi\u00f3 personal de cada alumne.<\/li>\n<li style=\"text-align: justify;\"><strong>Escola aconfessional i pluralista<\/strong>. Respecta les diferents maneres de pensar, creences religioses i \u00e9s oberta a tothom.<\/li>\n<li style=\"text-align: justify;\"><strong>Escola coeducadora i no sexista<\/strong>. Treballa per la conviv\u00e8ncia i el respecte als altres.<\/li>\n<li style=\"text-align: justify;\"><strong>Escola solid\u00e0ria i tolerant<\/strong>. Defensa l\u2019educaci\u00f3 per la just\u00edcia, la solidaritat i la no discriminaci\u00f3.<\/li>\n<li style=\"text-align: justify;\"><strong>Ensenyament personalitzat i de qualitat<\/strong>. L\u2019escola aspira a un ensenyament que ensenyi a aprendre, a consultar i a adaptar-se a la constant evoluci\u00f3 social.<\/li>\n<li style=\"text-align: justify;\"><strong>Escola oberta a la participaci\u00f3<\/strong>. El centre valora com a fonamental la participaci\u00f3 de l\u2019alumnat en totes les tasques d\u2019aprenentatge i en les diferents activitats del centre.<\/li>\n<li style=\"text-align: justify;\"><strong>Escola respectuosa amb l\u2019entorn i compromesa amb el medi ambient<\/strong>: Es vol treballar per la sostenibilitat.<\/li>\n<li style=\"text-align: justify;\"><strong>Escola democr\u00e0tica<\/strong>: L\u2019escola pret\u00e9n ser un reflex de la societat actual estimulant els valors d\u2019una societat democr\u00e0tica.<\/li>\n<\/ul>\n<p>Presentaci\u00f3 utilitzada l&#8217;inici de curs<\/p>\n<p><a href=\"http:\/\/xtec.gencat.cat\/ca\/curriculum\/educacio-llarg-vida\/\">Educaci\u00f3 al llarg de la vida<\/a><\/p>\n","protected":false},"excerpt":{"rendered":"<p>La formaci\u00f3 de persones adultes \u00e9s el conjunt d\u2019activitats d\u2019aprenentatge que, en el marc d\u2019aprendre al llarg de tota la vida, permet que les persones adultes desenvolupin les seves capacitats, enriqueixin els seus coneixements i millorin les seves compet\u00e8ncies t\u00e8cniques i professionals. Aix\u00f2 fa que hi participin persones amb objectius diferents, com poden ser obtenir [&hellip;]<\/p>\n","protected":false},"author":2,"featured_media":0,"parent":0,"menu_order":1,"comment_status":"closed","ping_status":"closed","template":"page-templates\/side-menu.php","meta":{"_bbp_topic_count":0,"_bbp_reply_count":0,"_bbp_total_topic_count":0,"_bbp_total_reply_count":0,"_bbp_voice_count":0,"_bbp_anonymous_reply_count":0,"_bbp_topic_count_hidden":0,"_bbp_reply_count_hidden":0,"_bbp_forum_subforum_count":0,"site-sidebar-layout":"default","site-content-layout":"","ast-site-content-layout":"","site-content-style":"default","site-sidebar-style":"default","ast-global-header-display":"","ast-banner-title-visibility":"","ast-main-header-display":"","ast-hfb-above-header-display":"","ast-hfb-below-header-display":"","ast-hfb-mobile-header-display":"","site-post-title":"","ast-breadcrumbs-content":"","ast-featured-img":"","footer-sml-layout":"","theme-transparent-header-meta":"","adv-header-id-meta":"","stick-header-meta":"","header-above-stick-meta":"","header-main-stick-meta":"","header-below-stick-meta":"","astra-migrate-meta-layouts":"default","ast-page-background-enabled":"default","ast-page-background-meta":{"desktop":{"background-color":"var(--ast-global-color-4)","background-image":"","background-repeat":"repeat","background-position":"center center","background-size":"auto","background-attachment":"scroll","background-type":"","background-media":"","overlay-type":"","overlay-color":"","overlay-opacity":"","overlay-gradient":""},"tablet":{"background-color":"","background-image":"","background-repeat":"repeat","background-position":"center center","background-size":"auto","background-attachment":"scroll","background-type":"","background-media":"","overlay-type":"","overlay-color":"","overlay-opacity":"","overlay-gradient":""},"mobile":{"background-color":"","background-image":"","background-repeat":"repeat","background-position":"center center","background-size":"auto","background-attachment":"scroll","background-type":"","background-media":"","overlay-type":"","overlay-color":"","overlay-opacity":"","overlay-gradient":""}},"ast-content-background-meta":{"desktop":{"background-color":"var(--ast-global-color-5)","background-image":"","background-repeat":"repeat","background-position":"center center","background-size":"auto","background-attachment":"scroll","background-type":"","background-media":"","overlay-type":"","overlay-color":"","overlay-opacity":"","overlay-gradient":""},"tablet":{"background-color":"var(--ast-global-color-5)","background-image":"","background-repeat":"repeat","background-position":"center center","background-size":"auto","background-attachment":"scroll","background-type":"","background-media":"","overlay-type":"","overlay-color":"","overlay-opacity":"","overlay-gradient":""},"mobile":{"background-color":"var(--ast-global-color-5)","background-image":"","background-repeat":"repeat","background-position":"center center","background-size":"auto","background-attachment":"scroll","background-type":"","background-media":"","overlay-type":"","overlay-color":"","overlay-opacity":"","overlay-gradient":""}},"footnotes":""},"class_list":["post-261","page","type-page","status-publish","hentry"],"post_mailing_queue_ids":[],"_links":{"self":[{"href":"https:\/\/agora.xtec.cat\/cfalapau\/wp-json\/wp\/v2\/pages\/261","targetHints":{"allow":["GET"]}}],"collection":[{"href":"https:\/\/agora.xtec.cat\/cfalapau\/wp-json\/wp\/v2\/pages"}],"about":[{"href":"https:\/\/agora.xtec.cat\/cfalapau\/wp-json\/wp\/v2\/types\/page"}],"author":[{"embeddable":true,"href":"https:\/\/agora.xtec.cat\/cfalapau\/wp-json\/wp\/v2\/users\/2"}],"replies":[{"embeddable":true,"href":"https:\/\/agora.xtec.cat\/cfalapau\/wp-json\/wp\/v2\/comments?post=261"}],"version-history":[{"count":7,"href":"https:\/\/agora.xtec.cat\/cfalapau\/wp-json\/wp\/v2\/pages\/261\/revisions"}],"predecessor-version":[{"id":2714,"href":"https:\/\/agora.xtec.cat\/cfalapau\/wp-json\/wp\/v2\/pages\/261\/revisions\/2714"}],"wp:attachment":[{"href":"https:\/\/agora.xtec.cat\/cfalapau\/wp-json\/wp\/v2\/media?parent=261"}],"curies":[{"name":"wp","href":"https:\/\/api.w.org\/{rel}","templated":true}]}}