{"id":21,"date":"2014-09-17T16:14:14","date_gmt":"2014-09-17T16:14:14","guid":{"rendered":"http:\/\/agora.xtec.cat\/cfalapau\/?page_id=21"},"modified":"2025-07-25T15:56:35","modified_gmt":"2025-07-25T13:56:35","slug":"on-som-horari-i-contacte","status":"publish","type":"page","link":"https:\/\/agora.xtec.cat\/cfalapau\/el-centre\/on-som-horari-i-contacte\/","title":{"rendered":"On som, horari i contacte"},"content":{"rendered":"<p style=\"color: #666666;\"><strong>CFA La Pau<\/strong><br \/>\nc\/ de Pere Verg\u00e9s, 1, 4a planta.<br \/>\n(Edifici Piramid\u00f3n)<br \/>\n08020 Barcelona<\/p>\n<p style=\"color: #666666;\"><a href=\"http:\/\/agora.xtec.cat\/cfalapau\/el-centre\/secretaria\/\">Visita&#8217;ns<\/a><\/p>\n<p style=\"color: #666666;\">Tel. 933 147 078<br \/>\nsecretaria@cfalapau.cat<\/p>\n<p><strong>Horari del centre durant el curs escolar:<\/strong><\/p>\n<ul>\n<li>De dilluns a dijous, de 9.00 a 21.00 h.<\/li>\n<li>Divendres, de 9.00 a 14.00 h<\/li>\n<\/ul>\n<p>L&#8217;ATENCI\u00d3 SER\u00c0 PRINCIPALMENT TELEM\u00c0TICA. EN CAS CONTRARI, CALDR\u00c0 CONCERTAR CITA.<\/p>\n<p><strong>Horari de la secretaria durant el curs escolar:<\/strong><\/p>\n<table style=\"width: 100%; border-collapse: collapse; margin: 20px 0;\">\n<thead>\n<tr style=\"background-color: #f0f0f0;\">\n<th style=\"border: 1px solid #ccc; padding: 10px; text-align: center; font-weight: bold;\">Dilluns<\/th>\n<th style=\"border: 1px solid #ccc; padding: 10px; text-align: center; font-weight: bold;\">Dimarts<\/th>\n<th style=\"border: 1px solid #ccc; padding: 10px; text-align: center; font-weight: bold;\">Dimecres<\/th>\n<th style=\"border: 1px solid #ccc; padding: 10px; text-align: center; font-weight: bold;\">Dijous<\/th>\n<th style=\"border: 1px solid #ccc; padding: 10px; text-align: center; font-weight: bold;\">Divendres<\/th>\n<\/tr>\n<\/thead>\n<tbody>\n<tr>\n<td style=\"border: 1px solid #cccccc; padding: 10px; text-align: center; vertical-align: middle;\">09:00 &#8211; 15:30<\/td>\n<td style=\"border: 1px solid #ccc; padding: 10px; text-align: center;\">09:00 &#8211; 14:30<br \/>\n15:00 &#8211; 18:30<\/td>\n<td style=\"border: 1px solid #cccccc; padding: 10px; text-align: center; vertical-align: middle;\">09:00 &#8211; 15:30<\/td>\n<td style=\"border: 1px solid #ccc; padding: 10px; text-align: center;\">09:00 &#8211; 14:30<br \/>\n15:00 &#8211; 18:30<\/td>\n<td style=\"border: 1px solid #cccccc; padding: 10px; text-align: center; vertical-align: middle;\">\u2014<\/td>\n<\/tr>\n<\/tbody>\n<\/table>\n<p><strong>Horari de secretaria de l&#8217;1 al 15 de juliol i de l&#8217;1 al 19 de setembre:<\/strong><\/p>\n<table style=\"width: 100%; border-collapse: collapse; margin: 20px 0;\">\n<thead>\n<tr style=\"background-color: #f0f0f0;\">\n<th style=\"border: 1px solid #ccc; padding: 10px; text-align: center; font-weight: bold;\">Dilluns<\/th>\n<th style=\"border: 1px solid #ccc; padding: 10px; text-align: center; font-weight: bold;\">Dimarts<\/th>\n<th style=\"border: 1px solid #ccc; padding: 10px; text-align: center; font-weight: bold;\">Dimecres<\/th>\n<th style=\"border: 1px solid #ccc; padding: 10px; text-align: center; font-weight: bold;\">Dijous<\/th>\n<th style=\"border: 1px solid #ccc; padding: 10px; text-align: center; font-weight: bold;\">Divendres<\/th>\n<\/tr>\n<\/thead>\n<tbody>\n<tr>\n<td style=\"border: 1px solid #ccc; padding: 10px; text-align: center;\">9:00 a 14:00<\/td>\n<td style=\"border: 1px solid #ccc; padding: 10px; text-align: center;\">9:00 a 14:00<\/td>\n<td style=\"border: 1px solid #ccc; padding: 10px; text-align: center;\">9:00 a 14:00<\/td>\n<td style=\"border: 1px solid #ccc; padding: 10px; text-align: center;\">9:00 a 14:00<\/td>\n<td style=\"border: 1px solid #ccc; padding: 10px; text-align: center;\">9:00 a 14:00<\/td>\n<\/tr>\n<\/tbody>\n<\/table>\n<p><strong>Atenci\u00f3 de l&#8217;equip directiu i matr\u00edcula viva (truqueu per tel\u00e8fon)<\/strong><\/p>\n<p><iframe loading=\"lazy\" style=\"border: 0; max-width: 100%;\" src=\"https:\/\/www.google.com\/maps\/embed?pb=!1m18!1m12!1m3!1d1495.8793580913268!2d2.208968699999991!3d41.42275610000002!2m3!1f0!2f0!3f0!3m2!1i1024!2i768!4f13.1!3m3!1m2!1s0x12a4bcb38066a6a3%3A0xd1e0742ed3f085f3!2sCarrer+de+Pere+Verg%C3%A9s%2C+1%2C+08020+Barcelona%2C+Espanya!5e0!3m2!1sca!2sus!4v1441359762359\" width=\"600\" height=\"450\" frameborder=\"0\"><\/iframe><\/p>\n<p><strong>Com arribar-hi:<\/strong><\/p>\n<ul>\n<li>Amb metro: Estaci\u00f3 La Pau; L\u00ednies 2 (lila) i 4 (groga).<\/li>\n<li>Amb bus: 60, 33, 136, B25, H10, H12.<\/li>\n<li>Amb Bicing: Estaci\u00f3 131 (Rambla de Guip\u00fascoa, 158\/ Ca n&#8217;Oliva)<\/li>\n<\/ul>\n","protected":false},"excerpt":{"rendered":"<p>CFA La Pau c\/ de Pere Verg\u00e9s, 1, 4a planta. (Edifici Piramid\u00f3n) 08020 Barcelona Visita&#8217;ns Tel. 933 147 078 secretaria@cfalapau.cat Horari del centre durant el curs escolar: De dilluns a dijous, de 9.00 a 21.00 h. Divendres, de 9.00 a 14.00 h L&#8217;ATENCI\u00d3 SER\u00c0 PRINCIPALMENT TELEM\u00c0TICA. EN CAS CONTRARI, CALDR\u00c0 CONCERTAR CITA. Horari de la [&hellip;]<\/p>\n","protected":false},"author":1,"featured_media":0,"parent":261,"menu_order":4,"comment_status":"closed","ping_status":"closed","template":"","meta":{"_bbp_topic_count":0,"_bbp_reply_count":0,"_bbp_total_topic_count":0,"_bbp_total_reply_count":0,"_bbp_voice_count":0,"_bbp_anonymous_reply_count":0,"_bbp_topic_count_hidden":0,"_bbp_reply_count_hidden":0,"_bbp_forum_subforum_count":0,"site-sidebar-layout":"default","site-content-layout":"","ast-site-content-layout":"default","site-content-style":"default","site-sidebar-style":"default","ast-global-header-display":"","ast-banner-title-visibility":"","ast-main-header-display":"","ast-hfb-above-header-display":"","ast-hfb-below-header-display":"","ast-hfb-mobile-header-display":"","site-post-title":"","ast-breadcrumbs-content":"","ast-featured-img":"","footer-sml-layout":"","theme-transparent-header-meta":"default","adv-header-id-meta":"","stick-header-meta":"","header-above-stick-meta":"","header-main-stick-meta":"","header-below-stick-meta":"","astra-migrate-meta-layouts":"set","ast-page-background-enabled":"default","ast-page-background-meta":{"desktop":{"background-color":"var(--ast-global-color-4)","background-image":"","background-repeat":"repeat","background-position":"center center","background-size":"auto","background-attachment":"scroll","background-type":"","background-media":"","overlay-type":"","overlay-color":"","overlay-opacity":"","overlay-gradient":""},"tablet":{"background-color":"","background-image":"","background-repeat":"repeat","background-position":"center center","background-size":"auto","background-attachment":"scroll","background-type":"","background-media":"","overlay-type":"","overlay-color":"","overlay-opacity":"","overlay-gradient":""},"mobile":{"background-color":"","background-image":"","background-repeat":"repeat","background-position":"center center","background-size":"auto","background-attachment":"scroll","background-type":"","background-media":"","overlay-type":"","overlay-color":"","overlay-opacity":"","overlay-gradient":""}},"ast-content-background-meta":{"desktop":{"background-color":"var(--ast-global-color-5)","background-image":"","background-repeat":"repeat","background-position":"center center","background-size":"auto","background-attachment":"scroll","background-type":"","background-media":"","overlay-type":"","overlay-color":"","overlay-opacity":"","overlay-gradient":""},"tablet":{"background-color":"var(--ast-global-color-5)","background-image":"","background-repeat":"repeat","background-position":"center center","background-size":"auto","background-attachment":"scroll","background-type":"","background-media":"","overlay-type":"","overlay-color":"","overlay-opacity":"","overlay-gradient":""},"mobile":{"background-color":"var(--ast-global-color-5)","background-image":"","background-repeat":"repeat","background-position":"center center","background-size":"auto","background-attachment":"scroll","background-type":"","background-media":"","overlay-type":"","overlay-color":"","overlay-opacity":"","overlay-gradient":""}},"footnotes":""},"class_list":["post-21","page","type-page","status-publish","hentry"],"post_mailing_queue_ids":[],"_links":{"self":[{"href":"https:\/\/agora.xtec.cat\/cfalapau\/wp-json\/wp\/v2\/pages\/21","targetHints":{"allow":["GET"]}}],"collection":[{"href":"https:\/\/agora.xtec.cat\/cfalapau\/wp-json\/wp\/v2\/pages"}],"about":[{"href":"https:\/\/agora.xtec.cat\/cfalapau\/wp-json\/wp\/v2\/types\/page"}],"author":[{"embeddable":true,"href":"https:\/\/agora.xtec.cat\/cfalapau\/wp-json\/wp\/v2\/users\/1"}],"replies":[{"embeddable":true,"href":"https:\/\/agora.xtec.cat\/cfalapau\/wp-json\/wp\/v2\/comments?post=21"}],"version-history":[{"count":8,"href":"https:\/\/agora.xtec.cat\/cfalapau\/wp-json\/wp\/v2\/pages\/21\/revisions"}],"predecessor-version":[{"id":2887,"href":"https:\/\/agora.xtec.cat\/cfalapau\/wp-json\/wp\/v2\/pages\/21\/revisions\/2887"}],"up":[{"embeddable":true,"href":"https:\/\/agora.xtec.cat\/cfalapau\/wp-json\/wp\/v2\/pages\/261"}],"wp:attachment":[{"href":"https:\/\/agora.xtec.cat\/cfalapau\/wp-json\/wp\/v2\/media?parent=21"}],"curies":[{"name":"wp","href":"https:\/\/api.w.org\/{rel}","templated":true}]}}