{"id":2056,"date":"2022-07-08T12:22:24","date_gmt":"2022-07-08T10:22:24","guid":{"rendered":"https:\/\/agora.xtec.cat\/cfalapau\/?page_id=2056"},"modified":"2025-05-23T22:45:14","modified_gmt":"2025-05-23T20:45:14","slug":"acces","status":"publish","type":"page","link":"https:\/\/agora.xtec.cat\/cfalapau\/ensenyaments\/acces\/","title":{"rendered":"Acc\u00e9s als ensenyaments d&#8217;adults"},"content":{"rendered":"<div class=\"mfn_heading align_left\">\n<h2 class=\"title\">Acc\u00e9s als ensenyaments d&#8217;adults<\/h2>\n<\/div>\n<p>Poden accedir a aquests estudis totes les persones que tenen m\u00e9s de 18 anys o b\u00e9 els compleixen durant l\u2019any natural en qu\u00e8 inicien la formaci\u00f3.<\/p>\n<p>Quan hi ha un motiu justificat, tamb\u00e9 hi poden accedir les persones que tenen m\u00e9s de 16 anys i les que els compleixen durant l\u2019any natural en qu\u00e8 inicien la formaci\u00f3.<\/p>\n<p>Per cursar aquests estudis cal formalitzar la preinscripci\u00f3, d\u2019acord amb els criteris fixats pel Departament d\u2019Ensenyament, i, posteriorment i segons el calendari del centre, formalitzar la matr\u00edcula.<\/p>\n<p>Aquests estudis s\u00f3n gratu\u00efts tot i que s\u2019haur\u00e0 d\u2019abonar una quota al moment de matricular-se, en concepte de material.<\/p>\n","protected":false},"excerpt":{"rendered":"<p>Acc\u00e9s als ensenyaments d&#8217;adults Poden accedir a aquests estudis totes les persones que tenen m\u00e9s de 18 anys o b\u00e9 els compleixen durant l\u2019any natural en qu\u00e8 inicien la formaci\u00f3. Quan hi ha un motiu justificat, tamb\u00e9 hi poden accedir les persones que tenen m\u00e9s de 16 anys i les que els compleixen durant l\u2019any [&hellip;]<\/p>\n","protected":false},"author":24,"featured_media":0,"parent":274,"menu_order":0,"comment_status":"closed","ping_status":"closed","template":"page-templates\/side-menu.php","meta":{"_bbp_topic_count":0,"_bbp_reply_count":0,"_bbp_total_topic_count":0,"_bbp_total_reply_count":0,"_bbp_voice_count":0,"_bbp_anonymous_reply_count":0,"_bbp_topic_count_hidden":0,"_bbp_reply_count_hidden":0,"_bbp_forum_subforum_count":0,"site-sidebar-layout":"default","site-content-layout":"","ast-site-content-layout":"","site-content-style":"default","site-sidebar-style":"default","ast-global-header-display":"","ast-banner-title-visibility":"","ast-main-header-display":"","ast-hfb-above-header-display":"","ast-hfb-below-header-display":"","ast-hfb-mobile-header-display":"","site-post-title":"","ast-breadcrumbs-content":"","ast-featured-img":"","footer-sml-layout":"","theme-transparent-header-meta":"","adv-header-id-meta":"","stick-header-meta":"","header-above-stick-meta":"","header-main-stick-meta":"","header-below-stick-meta":"","astra-migrate-meta-layouts":"default","ast-page-background-enabled":"default","ast-page-background-meta":{"desktop":{"background-color":"var(--ast-global-color-4)","background-image":"","background-repeat":"repeat","background-position":"center center","background-size":"auto","background-attachment":"scroll","background-type":"","background-media":"","overlay-type":"","overlay-color":"","overlay-opacity":"","overlay-gradient":""},"tablet":{"background-color":"","background-image":"","background-repeat":"repeat","background-position":"center center","background-size":"auto","background-attachment":"scroll","background-type":"","background-media":"","overlay-type":"","overlay-color":"","overlay-opacity":"","overlay-gradient":""},"mobile":{"background-color":"","background-image":"","background-repeat":"repeat","background-position":"center center","background-size":"auto","background-attachment":"scroll","background-type":"","background-media":"","overlay-type":"","overlay-color":"","overlay-opacity":"","overlay-gradient":""}},"ast-content-background-meta":{"desktop":{"background-color":"var(--ast-global-color-5)","background-image":"","background-repeat":"repeat","background-position":"center center","background-size":"auto","background-attachment":"scroll","background-type":"","background-media":"","overlay-type":"","overlay-color":"","overlay-opacity":"","overlay-gradient":""},"tablet":{"background-color":"var(--ast-global-color-5)","background-image":"","background-repeat":"repeat","background-position":"center center","background-size":"auto","background-attachment":"scroll","background-type":"","background-media":"","overlay-type":"","overlay-color":"","overlay-opacity":"","overlay-gradient":""},"mobile":{"background-color":"var(--ast-global-color-5)","background-image":"","background-repeat":"repeat","background-position":"center center","background-size":"auto","background-attachment":"scroll","background-type":"","background-media":"","overlay-type":"","overlay-color":"","overlay-opacity":"","overlay-gradient":""}},"footnotes":""},"class_list":["post-2056","page","type-page","status-publish","hentry"],"post_mailing_queue_ids":[],"_links":{"self":[{"href":"https:\/\/agora.xtec.cat\/cfalapau\/wp-json\/wp\/v2\/pages\/2056","targetHints":{"allow":["GET"]}}],"collection":[{"href":"https:\/\/agora.xtec.cat\/cfalapau\/wp-json\/wp\/v2\/pages"}],"about":[{"href":"https:\/\/agora.xtec.cat\/cfalapau\/wp-json\/wp\/v2\/types\/page"}],"author":[{"embeddable":true,"href":"https:\/\/agora.xtec.cat\/cfalapau\/wp-json\/wp\/v2\/users\/24"}],"replies":[{"embeddable":true,"href":"https:\/\/agora.xtec.cat\/cfalapau\/wp-json\/wp\/v2\/comments?post=2056"}],"version-history":[{"count":4,"href":"https:\/\/agora.xtec.cat\/cfalapau\/wp-json\/wp\/v2\/pages\/2056\/revisions"}],"predecessor-version":[{"id":2691,"href":"https:\/\/agora.xtec.cat\/cfalapau\/wp-json\/wp\/v2\/pages\/2056\/revisions\/2691"}],"up":[{"embeddable":true,"href":"https:\/\/agora.xtec.cat\/cfalapau\/wp-json\/wp\/v2\/pages\/274"}],"wp:attachment":[{"href":"https:\/\/agora.xtec.cat\/cfalapau\/wp-json\/wp\/v2\/media?parent=2056"}],"curies":[{"name":"wp","href":"https:\/\/api.w.org\/{rel}","templated":true}]}}