{"id":1092,"date":"2019-03-07T15:23:28","date_gmt":"2019-03-07T14:23:28","guid":{"rendered":"http:\/\/agora.xtec.cat\/cfalapau\/?page_id=1092"},"modified":"2025-05-28T13:25:27","modified_gmt":"2025-05-28T11:25:27","slug":"recursos-para-el-aprendizaje-de-la-lengua-castellana","status":"publish","type":"page","link":"https:\/\/agora.xtec.cat\/cfalapau\/ensenyaments\/ensenyaments-de-llengues\/recursos-para-el-aprendizaje-de-la-lengua-castellana\/","title":{"rendered":"Recursos para el aprendizaje de la lengua castellana"},"content":{"rendered":"<p><strong>RECURSOS PER PRACTICAR:<\/strong><\/p>\n<p><a href=\"http:\/\/www.aulaplaneta.com\/2015\/09\/16\/recursos-tic\/30-herramientas-tic-para-tu-clase-de-lengua-castellana-y-literatura-infografia\/\">Aulaplaneta.com: 30-herramientas-tic-para-tu-clase-de-lengua-castelllana<\/a><\/p>\n<p><a href=\"https:\/\/espanolparainmigrantes.wordpress.com\">https:\/\/espanolparainmigrantes.wordpress.com<\/a><\/p>\n<p><a href=\"http:\/\/aprenderespanol.org\/\">http:\/\/aprenderespanol.org\/<\/a> &#8211; para aprender el castellano: vocabulario, gram\u00e1tica, verbos, canciones, textos, audio-videos, etc. Para todos los niveles.<\/p>\n<p><a href=\"http:\/\/www.todoele.net\/\">http:\/\/www.todoele.net\/<\/a>\u00a0&#8211; v\u00cddeos para aprender castellano como lengua extranjera<\/p>\n<p><a href=\"http:\/\/pot-pourri.fltr.ucl.ac.be\/gra\/\">Gram@clicando<\/a>\u00a0&#8211;\u00a0Ejercicios de gram\u00e1tica espanyol<\/p>\n<p><a href=\"http:\/\/www.videoele.com\/\">V\u00eddeos para aprender espa\u00f1ol como lengua extranjera<\/a><\/p>\n<p><a href=\"http:\/\/formespa.rediris.es\/canciones\/\">Canciones para el aula de ELE<\/a><\/p>\n<p><a href=\"https:\/\/examenes.cervantes.es\/es\">DELE (Diplomas de Espa\u00f1ol como Lengua Extranjera)<\/a><\/p>\n<p><a href=\"https:\/\/deleahora.com\/\">DELE Ahora<\/a><\/p>\n<p><a href=\"https:\/\/www.profedeele.es\/\">Profe De ELE<\/a><\/p>\n<p><strong>MATERIAL DE CONSULTA:<\/strong><\/p>\n<p><a href=\"http:\/\/www.diccionarios.com\/\">http:\/\/www.diccionarios.com\/<\/a>\u00a0&#8211; Diccionarios biling\u00fces<\/p>\n<p><strong>CURR\u00cdCULUM:<\/strong><\/p>\n<p><a href=\"http:\/\/educacio.gencat.cat\/documents\/IPCNormativa\/DisposicionsInternes\/Resolucio_curriculums_llengues_CFA.pdf\">http:\/\/educacio.gencat.cat\/documents\/IPCNormativa\/DisposicionsInternes\/Resolucio_curriculums_llengues_CFA.pdf<\/a><\/p>\n<p><strong>\u00a0<\/strong><strong>PLANA WEB OFICIAL AMB ELS CONTINGUTS DE LA MATERIA: <\/strong><\/p>\n<p><a href=\"http:\/\/es.wikipedia.org\/wiki\/Marco_com\u00fan_europeo_de_referencia_para_las_lenguas\">http:\/\/es.wikipedia.org\/wiki\/Marco_com\u00fan_europeo_de_referencia_para_las_lenguas<\/a><\/p>\n","protected":false},"excerpt":{"rendered":"<p>RECURSOS PER PRACTICAR: Aulaplaneta.com: 30-herramientas-tic-para-tu-clase-de-lengua-castelllana https:\/\/espanolparainmigrantes.wordpress.com http:\/\/aprenderespanol.org\/ &#8211; para aprender el castellano: vocabulario, gram\u00e1tica, verbos, canciones, textos, audio-videos, etc. Para todos los niveles. http:\/\/www.todoele.net\/\u00a0&#8211; v\u00cddeos para aprender castellano como lengua extranjera Gram@clicando\u00a0&#8211;\u00a0Ejercicios de gram\u00e1tica espanyol V\u00eddeos para aprender espa\u00f1ol como lengua extranjera Canciones para el aula de ELE DELE (Diplomas de Espa\u00f1ol como Lengua Extranjera) [&hellip;]<\/p>\n","protected":false},"author":5,"featured_media":0,"parent":283,"menu_order":1,"comment_status":"closed","ping_status":"closed","template":"page-templates\/side-menu.php","meta":{"_bbp_topic_count":0,"_bbp_reply_count":0,"_bbp_total_topic_count":0,"_bbp_total_reply_count":0,"_bbp_voice_count":0,"_bbp_anonymous_reply_count":0,"_bbp_topic_count_hidden":0,"_bbp_reply_count_hidden":0,"_bbp_forum_subforum_count":0,"site-sidebar-layout":"default","site-content-layout":"","ast-site-content-layout":"","site-content-style":"default","site-sidebar-style":"default","ast-global-header-display":"","ast-banner-title-visibility":"","ast-main-header-display":"","ast-hfb-above-header-display":"","ast-hfb-below-header-display":"","ast-hfb-mobile-header-display":"","site-post-title":"","ast-breadcrumbs-content":"","ast-featured-img":"","footer-sml-layout":"","theme-transparent-header-meta":"","adv-header-id-meta":"","stick-header-meta":"","header-above-stick-meta":"","header-main-stick-meta":"","header-below-stick-meta":"","astra-migrate-meta-layouts":"default","ast-page-background-enabled":"default","ast-page-background-meta":{"desktop":{"background-color":"var(--ast-global-color-4)","background-image":"","background-repeat":"repeat","background-position":"center center","background-size":"auto","background-attachment":"scroll","background-type":"","background-media":"","overlay-type":"","overlay-color":"","overlay-opacity":"","overlay-gradient":""},"tablet":{"background-color":"","background-image":"","background-repeat":"repeat","background-position":"center center","background-size":"auto","background-attachment":"scroll","background-type":"","background-media":"","overlay-type":"","overlay-color":"","overlay-opacity":"","overlay-gradient":""},"mobile":{"background-color":"","background-image":"","background-repeat":"repeat","background-position":"center center","background-size":"auto","background-attachment":"scroll","background-type":"","background-media":"","overlay-type":"","overlay-color":"","overlay-opacity":"","overlay-gradient":""}},"ast-content-background-meta":{"desktop":{"background-color":"var(--ast-global-color-5)","background-image":"","background-repeat":"repeat","background-position":"center center","background-size":"auto","background-attachment":"scroll","background-type":"","background-media":"","overlay-type":"","overlay-color":"","overlay-opacity":"","overlay-gradient":""},"tablet":{"background-color":"var(--ast-global-color-5)","background-image":"","background-repeat":"repeat","background-position":"center center","background-size":"auto","background-attachment":"scroll","background-type":"","background-media":"","overlay-type":"","overlay-color":"","overlay-opacity":"","overlay-gradient":""},"mobile":{"background-color":"var(--ast-global-color-5)","background-image":"","background-repeat":"repeat","background-position":"center center","background-size":"auto","background-attachment":"scroll","background-type":"","background-media":"","overlay-type":"","overlay-color":"","overlay-opacity":"","overlay-gradient":""}},"footnotes":""},"class_list":["post-1092","page","type-page","status-publish","hentry"],"post_mailing_queue_ids":[],"_links":{"self":[{"href":"https:\/\/agora.xtec.cat\/cfalapau\/wp-json\/wp\/v2\/pages\/1092","targetHints":{"allow":["GET"]}}],"collection":[{"href":"https:\/\/agora.xtec.cat\/cfalapau\/wp-json\/wp\/v2\/pages"}],"about":[{"href":"https:\/\/agora.xtec.cat\/cfalapau\/wp-json\/wp\/v2\/types\/page"}],"author":[{"embeddable":true,"href":"https:\/\/agora.xtec.cat\/cfalapau\/wp-json\/wp\/v2\/users\/5"}],"replies":[{"embeddable":true,"href":"https:\/\/agora.xtec.cat\/cfalapau\/wp-json\/wp\/v2\/comments?post=1092"}],"version-history":[{"count":4,"href":"https:\/\/agora.xtec.cat\/cfalapau\/wp-json\/wp\/v2\/pages\/1092\/revisions"}],"predecessor-version":[{"id":2794,"href":"https:\/\/agora.xtec.cat\/cfalapau\/wp-json\/wp\/v2\/pages\/1092\/revisions\/2794"}],"up":[{"embeddable":true,"href":"https:\/\/agora.xtec.cat\/cfalapau\/wp-json\/wp\/v2\/pages\/283"}],"wp:attachment":[{"href":"https:\/\/agora.xtec.cat\/cfalapau\/wp-json\/wp\/v2\/media?parent=1092"}],"curies":[{"name":"wp","href":"https:\/\/api.w.org\/{rel}","templated":true}]}}