{"id":829,"date":"2019-02-06T19:50:22","date_gmt":"2019-02-06T18:50:22","guid":{"rendered":"http:\/\/agora.xtec.cat\/cfajujol\/?page_id=829"},"modified":"2026-03-21T20:32:57","modified_gmt":"2026-03-21T19:32:57","slug":"documentacio-del-centre","status":"publish","type":"page","link":"https:\/\/agora.xtec.cat\/cfajujol\/el-centre\/documentacio-del-centre\/","title":{"rendered":"Documentaci\u00f3 de centre"},"content":{"rendered":"<p><a href=\"https:\/\/agora.xtec.cat\/cfajujol\/wp-content\/uploads\/usu253\/2026\/03\/PEC.pdf\" target=\"_blank\" rel=\"noopener noreferrer\" style=\"color: #2795b6;\"><br \/>\n  Projecte Educatiu de Centre<br \/>\n<\/a><br \/>\nDefineix la missi\u00f3, valors i objectius pedag\u00f2gics del CFA.<\/p>\n<p><a href=\"https:\/\/agora.xtec.cat\/cfajujol\/wp-content\/uploads\/usu253\/2026\/03\/Projecte-de-Direccio-1.pdf\" target=\"_blank\" rel=\"noopener noreferrer\"><br \/>\n  Projecte de Direcci\u00f3<br \/>\n<\/a><br \/>\nMarca les l\u00ednies estrat\u00e8giques de gesti\u00f3 i organitzaci\u00f3 del centre.<\/p>\n<p><a href=\"https:\/\/agora.xtec.cat\/cfajujol\/wp-content\/uploads\/usu253\/2026\/03\/NOFC.pdf\" target=\"_blank\" rel=\"noopener noreferrer\"><br \/>\n  NOFC<br \/>\n<\/a><br \/>\nCont\u00e9 les normes internes, procediments i funcionament general del centre.<\/p>\n","protected":false},"excerpt":{"rendered":"<p><a href=\"https:\/\/agora.xtec.cat\/cfajujol\/wp-content\/uploads\/usu253\/2026\/03\/PEC.pdf\" target=\"_blank\" rel=\"noopener noreferrer\" style=\"color: #2795b6;\"><br \/>\n  Projecte Educatiu de Centre<br \/>\n<\/a><br \/>\nDefineix la missi\u00f3, valors i objectius pedag\u00f2gics del CFA.<br \/>\n<a href=\"https:\/\/agora.xtec.cat\/cfajujol\/wp-content\/uploads\/usu253\/2026\/03\/Projecte-de-Direccio-1.pdf\" target=\"_blank\" rel=\"noopener noreferrer\"><br \/>\n  Projecte de Direcci\u00f3<br \/>\n<\/a><br \/>\nMarca les l\u00ednies estrat\u00e8giques de gesti\u00f3 i organitzaci\u00f3 del centre.<br \/>\n<a href=\"https:\/\/agora.xtec.cat\/cfajujol\/wp-content\/uploads\/usu253\/2026\/03\/NOFC.pdf\" target=\"_blank\" rel=\"noopener noreferrer\"><br \/>\n  NOFC<br \/>\n<\/a><br \/>\nCont\u00e9 les normes&hellip;  <a href=\"https:\/\/agora.xtec.cat\/cfajujol\/el-centre\/documentacio-del-centre\/\" title=\"Read Documentaci\u00f3 de centre\">Llegeix m\u00e9s\u00bb<\/a><\/p>\n","protected":false},"author":1,"featured_media":0,"parent":261,"menu_order":0,"comment_status":"closed","ping_status":"closed","template":"","meta":{"_bbp_topic_count":0,"_bbp_reply_count":0,"_bbp_total_topic_count":0,"_bbp_total_reply_count":0,"_bbp_voice_count":0,"_bbp_anonymous_reply_count":0,"_bbp_topic_count_hidden":0,"_bbp_reply_count_hidden":0,"_bbp_forum_subforum_count":0,"footnotes":""},"class_list":["post-829","page","type-page","status-publish","hentry"],"post_mailing_queue_ids":[],"_links":{"self":[{"href":"https:\/\/agora.xtec.cat\/cfajujol\/wp-json\/wp\/v2\/pages\/829","targetHints":{"allow":["GET"]}}],"collection":[{"href":"https:\/\/agora.xtec.cat\/cfajujol\/wp-json\/wp\/v2\/pages"}],"about":[{"href":"https:\/\/agora.xtec.cat\/cfajujol\/wp-json\/wp\/v2\/types\/page"}],"author":[{"embeddable":true,"href":"https:\/\/agora.xtec.cat\/cfajujol\/wp-json\/wp\/v2\/users\/1"}],"replies":[{"embeddable":true,"href":"https:\/\/agora.xtec.cat\/cfajujol\/wp-json\/wp\/v2\/comments?post=829"}],"version-history":[{"count":6,"href":"https:\/\/agora.xtec.cat\/cfajujol\/wp-json\/wp\/v2\/pages\/829\/revisions"}],"predecessor-version":[{"id":2377,"href":"https:\/\/agora.xtec.cat\/cfajujol\/wp-json\/wp\/v2\/pages\/829\/revisions\/2377"}],"up":[{"embeddable":true,"href":"https:\/\/agora.xtec.cat\/cfajujol\/wp-json\/wp\/v2\/pages\/261"}],"wp:attachment":[{"href":"https:\/\/agora.xtec.cat\/cfajujol\/wp-json\/wp\/v2\/media?parent=829"}],"curies":[{"name":"wp","href":"https:\/\/api.w.org\/{rel}","templated":true}]}}