{"id":771,"date":"2018-10-12T08:20:40","date_gmt":"2018-10-12T06:20:40","guid":{"rendered":"http:\/\/agora.xtec.cat\/cfajujol\/?page_id=771"},"modified":"2024-10-24T19:13:30","modified_gmt":"2024-10-24T17:13:30","slug":"recursos-educatius","status":"publish","type":"page","link":"https:\/\/agora.xtec.cat\/cfajujol\/el-centre\/recursos-educatius\/","title":{"rendered":"Recursos educatius"},"content":{"rendered":"<p>En aquest apartat, podr\u00e0s veure els recursos que el professorat de l&#8217;escola t&#8217;ofereix per ajudar-te en el teu procediment d&#8217;aprenentatge:<\/p>\n<p>\u00c0rea ling\u00fc\u00edstica<\/p>\n<p>\u00c0rea cientificotecnol\u00f2gica<\/p>\n<p>\u00c0rea social<\/p>\n<p>\u00c0rea benestar i emocional<\/p>\n","protected":false},"excerpt":{"rendered":"<p>En aquest apartat, podr\u00e0s veure els recursos que el professorat de l&#8217;escola t&#8217;ofereix per ajudar-te en el teu procediment d&#8217;aprenentatge:<br \/>\n\u00c0rea ling\u00fc\u00edstica<br \/>\n\u00c0rea cientificotecnol\u00f2gica<br \/>\n\u00c0rea social<br \/>\n\u00c0rea benestar i emocional<\/p>\n","protected":false},"author":1,"featured_media":0,"parent":261,"menu_order":0,"comment_status":"closed","ping_status":"closed","template":"page-templates\/side-menu.php","meta":{"_bbp_topic_count":0,"_bbp_reply_count":0,"_bbp_total_topic_count":0,"_bbp_total_reply_count":0,"_bbp_voice_count":0,"_bbp_anonymous_reply_count":0,"_bbp_topic_count_hidden":0,"_bbp_reply_count_hidden":0,"_bbp_forum_subforum_count":0,"footnotes":""},"class_list":["post-771","page","type-page","status-publish","hentry"],"post_mailing_queue_ids":[],"_links":{"self":[{"href":"https:\/\/agora.xtec.cat\/cfajujol\/wp-json\/wp\/v2\/pages\/771","targetHints":{"allow":["GET"]}}],"collection":[{"href":"https:\/\/agora.xtec.cat\/cfajujol\/wp-json\/wp\/v2\/pages"}],"about":[{"href":"https:\/\/agora.xtec.cat\/cfajujol\/wp-json\/wp\/v2\/types\/page"}],"author":[{"embeddable":true,"href":"https:\/\/agora.xtec.cat\/cfajujol\/wp-json\/wp\/v2\/users\/1"}],"replies":[{"embeddable":true,"href":"https:\/\/agora.xtec.cat\/cfajujol\/wp-json\/wp\/v2\/comments?post=771"}],"version-history":[{"count":4,"href":"https:\/\/agora.xtec.cat\/cfajujol\/wp-json\/wp\/v2\/pages\/771\/revisions"}],"predecessor-version":[{"id":2121,"href":"https:\/\/agora.xtec.cat\/cfajujol\/wp-json\/wp\/v2\/pages\/771\/revisions\/2121"}],"up":[{"embeddable":true,"href":"https:\/\/agora.xtec.cat\/cfajujol\/wp-json\/wp\/v2\/pages\/261"}],"wp:attachment":[{"href":"https:\/\/agora.xtec.cat\/cfajujol\/wp-json\/wp\/v2\/media?parent=771"}],"curies":[{"name":"wp","href":"https:\/\/api.w.org\/{rel}","templated":true}]}}