{"id":39,"date":"2014-09-17T16:36:44","date_gmt":"2014-09-17T16:36:44","guid":{"rendered":"http:\/\/agora.xtec.cat\/cfajujol\/\/?page_id=39"},"modified":"2016-09-12T08:48:21","modified_gmt":"2016-09-12T07:48:21","slug":"instal%c2%b7lacions","status":"publish","type":"page","link":"https:\/\/agora.xtec.cat\/cfajujol\/el-centre\/instal%c2%b7lacions\/","title":{"rendered":"Instal\u00b7lacions"},"content":{"rendered":"<p style=\"text-align: left;\"><\/p>\n<p>&nbsp;<\/p>\n<p>L&#8217;edifici t\u00e9 10 aules distrib\u00fcides en dues plantes en les quals s&#8217;ubiquen la biblioteca, el laboratori, l&#8217;aula d&#8217;inform\u00e0tica, la sala de professorat, la secretaria, els serveis i un espai de magatzem. Al llarg d&#8217;aquests anys hems anat realitzant millores en els locals per tal d&#8217;aconseguir que el centre resulti m\u00e9s c\u00f2mode i acollidor encara que l&#8217;espai s&#8217;ha anat quedant petit en les diferents franges hor\u00e0ries i hem hagut de fer servir el laboratori i la Biblioteca com aules. Tamb\u00e9, es va instal\u00b7lar un ascensor, per tal d&#8217;evitar les barreres arquitect\u00f2niques i facilitar l&#8217;acces al primer pis a persones amb mobilitat redu\u00efda. Hi ha un espai d&#8217;esbarjo amb unes maquines dispensadores de caf\u00e9 i refrescs. Tanmateix, a partir de l&#8217;elaboraci\u00f3 i les propostes del projecte d&#8217;Escola verda, l&#8217;Ajuntament va realitzar la separaci\u00f3 de la zona vianants d&#8217;entrada, i de l&#8217;acces a l&#8217;aparcament de cotxes, tamb\u00e9 es va condicionar el pati perqu\u00e8 result\u00e9s mes agradable i segur.<\/p>\n<p>Per treballar les noves tecnologies disposem de diferents mitjans multim\u00e8dia: ordinadors, PDI, wifi&#8230;<\/p>\n","protected":false},"excerpt":{"rendered":"<p>&nbsp;<br \/>\nL&#8217;edifici t\u00e9 10 aules distrib\u00fcides en dues plantes en les quals s&#8217;ubiquen la biblioteca, el laboratori, l&#8217;aula d&#8217;inform\u00e0tica, la sala de professorat, la secretaria, els serveis i un espai de magatzem. Al llarg d&#8217;aquests anys hems anat realitzant millores en els locals per tal d&#8217;aconseguir&hellip;  <a href=\"https:\/\/agora.xtec.cat\/cfajujol\/el-centre\/instal%c2%b7lacions\/\" title=\"Read Instal\u00b7lacions\">Llegeix m\u00e9s\u00bb<\/a><\/p>\n","protected":false},"author":1,"featured_media":0,"parent":261,"menu_order":30,"comment_status":"closed","ping_status":"closed","template":"page-templates\/side-menu.php","meta":{"_bbp_topic_count":0,"_bbp_reply_count":0,"_bbp_total_topic_count":0,"_bbp_total_reply_count":0,"_bbp_voice_count":0,"_bbp_anonymous_reply_count":0,"_bbp_topic_count_hidden":0,"_bbp_reply_count_hidden":0,"_bbp_forum_subforum_count":0,"footnotes":""},"class_list":["post-39","page","type-page","status-publish","hentry"],"post_mailing_queue_ids":[],"_links":{"self":[{"href":"https:\/\/agora.xtec.cat\/cfajujol\/wp-json\/wp\/v2\/pages\/39","targetHints":{"allow":["GET"]}}],"collection":[{"href":"https:\/\/agora.xtec.cat\/cfajujol\/wp-json\/wp\/v2\/pages"}],"about":[{"href":"https:\/\/agora.xtec.cat\/cfajujol\/wp-json\/wp\/v2\/types\/page"}],"author":[{"embeddable":true,"href":"https:\/\/agora.xtec.cat\/cfajujol\/wp-json\/wp\/v2\/users\/1"}],"replies":[{"embeddable":true,"href":"https:\/\/agora.xtec.cat\/cfajujol\/wp-json\/wp\/v2\/comments?post=39"}],"version-history":[{"count":4,"href":"https:\/\/agora.xtec.cat\/cfajujol\/wp-json\/wp\/v2\/pages\/39\/revisions"}],"predecessor-version":[{"id":532,"href":"https:\/\/agora.xtec.cat\/cfajujol\/wp-json\/wp\/v2\/pages\/39\/revisions\/532"}],"up":[{"embeddable":true,"href":"https:\/\/agora.xtec.cat\/cfajujol\/wp-json\/wp\/v2\/pages\/261"}],"wp:attachment":[{"href":"https:\/\/agora.xtec.cat\/cfajujol\/wp-json\/wp\/v2\/media?parent=39"}],"curies":[{"name":"wp","href":"https:\/\/api.w.org\/{rel}","templated":true}]}}