{"id":320,"date":"2015-01-28T11:35:13","date_gmt":"2015-01-28T10:35:13","guid":{"rendered":"http:\/\/agora.xtec.cat\/cfajujol\/\/?page_id=320"},"modified":"2025-10-05T00:10:47","modified_gmt":"2025-10-04T22:10:47","slug":"a-cicles-formatius-de-grau-superior","status":"publish","type":"page","link":"https:\/\/agora.xtec.cat\/cfajujol\/el-centre\/ensenyaments\/ensenyament-per-a-la-preparacio-de-proves-dacces\/a-cicles-formatius-de-grau-superior\/","title":{"rendered":"CAS: Curs d&#8217;acc\u00e9s directe a cicles formatius de grau superior"},"content":{"rendered":"<h3>En qu\u00e8 consisteix el curs<\/h3>\n<div class=\"entry-content\">\n<p>El nom oficial d\u2019aquest curs \u00e9s Curs de Formaci\u00f3 Preparatori per a l\u2019Acc\u00e9s a Cicles de Grau Superior, per\u00f2 tothom el coneix col.loquialment com CAS o curs d\u2019\u00e0cc\u00e9s directe a grau superior.<\/p>\n<p><strong>Descripci\u00f3<\/strong><\/p>\n<p><img loading=\"lazy\" decoding=\"async\" class=\" wp-image-2203 alignright\" src=\"https:\/\/agora.xtec.cat\/cfajujol\/wp-content\/uploads\/usu253\/2025\/07\/Captura-de-pantalla-2025-07-09-a-las-22.49.24-300x74.png\" alt=\"\" width=\"446\" height=\"110\" srcset=\"https:\/\/agora.xtec.cat\/cfajujol\/wp-content\/uploads\/usu253\/2025\/07\/Captura-de-pantalla-2025-07-09-a-las-22.49.24-300x74.png 300w, https:\/\/agora.xtec.cat\/cfajujol\/wp-content\/uploads\/usu253\/2025\/07\/Captura-de-pantalla-2025-07-09-a-las-22.49.24-768x191.png 768w, https:\/\/agora.xtec.cat\/cfajujol\/wp-content\/uploads\/usu253\/2025\/07\/Captura-de-pantalla-2025-07-09-a-las-22.49.24.png 818w\" sizes=\"auto, (max-width: 446px) 100vw, 446px\" \/><\/p>\n<ul>\n<li>Aquests estudis permeten a les persones que el superen l\u2019acc\u00e9s directe als cicles de grau superior de formaci\u00f3 professional.<\/li>\n<li>Per a l\u2019acc\u00e9s als ensenyaments esportius de r\u00e8gim especial, comporta l\u2019exempci\u00f3 de la prova d\u2019acc\u00e9s de car\u00e0cter general de la prova d\u2019acc\u00e9s a cicles de grau superior.<\/li>\n<\/ul>\n<p><strong>Acc\u00e9s<\/strong><\/p>\n<ul>\n<li>Per matricular-se del curs es requereix tenir, almenys 19 anys complerts l\u2019any d\u2019inici de la formaci\u00f3.<\/li>\n<li>Encara que no \u00e9s obligatori es recomana tenir l&#8217;ESO<\/li>\n<li>No complir cap dels requisits que permeten l\u2019acc\u00e9s a cicles formatius de grau superior (Cicle de grau mitj\u00e0 acabat, proves de Majors 25 aprovades o Batxillerat aprovat)<\/li>\n<\/ul>\n<p><strong>Continguts del curs<\/strong><\/p>\n<p>El curs t\u00e9 dues parts: la part comuna i la part espec\u00edfica. S\u2019han de cursar les dues obligat\u00f2riament.<\/p>\n<ul>\n<li><em><strong>Part comuna<\/strong><\/em>\n<ul>\n<li>Llengua catalana (3h\/set)<\/li>\n<li>Llengua castellana (3h\/set)<\/li>\n<li>Llengua anglesa (3h\/set)<\/li>\n<li>Matem\u00e0tiques (3h\/set)<\/li>\n<li>Tutoria (1h\/set. No avaluable)<\/li>\n<\/ul>\n<\/li>\n<li><em><strong>Part espec\u00edfica<\/strong><\/em>\n<ul>\n<li>Cal escollir dues mat\u00e8ries (3h setmanals cadascuna) en funci\u00f3 de les opcions del grau superior que es vulgui cursar en el futur.\n<ul>\n<li>Opci\u00f3 B (Familia de Sanitat) : Biologia, Ci\u00e8ncies de la Terra o Qu\u00edmica<\/li>\n<li>Amb la part espec\u00edfica que fem al CFA Jujol aquest\u00a0curs, un cop superat, dona acc\u00e9s directe a les fam\u00edlies professionals o amb els cicles<span style=\"font-family: OpenSansRegular, Helvetica, Arial, sans-serif;\">\u00a0<\/span>d&#8217;FP seg\u00fcents:\n<ul>\n<li style=\"list-style-type: none;\">\n<ul>\n<li style=\"list-style-type: none;\">\n<ul>\n<li>Activitats f\u00edsiques i esportives<\/li>\n<li>Agr\u00e0ria<\/li>\n<li>Imatge personal<\/li>\n<li>Ind\u00fastries aliment\u00e0ries<\/li>\n<li>Qu\u00edmica<\/li>\n<li>Sanitat<\/li>\n<li>Seguretat i medi ambient<\/li>\n<li>Serveis socioculturals a la comunitat<\/li>\n<li>Prevenci\u00f3 de riscos professional<\/li>\n<\/ul>\n<\/li>\n<\/ul>\n<\/li>\n<\/ul>\n<\/li>\n<\/ul>\n<\/li>\n<\/ul>\n<\/li>\n<\/ul>\n<p><strong>Organitzaci\u00f3<\/strong><\/p>\n<ul>\n<li>El Centre organitza els estudis en horari de tarda (de 16:00 a 20:30 h).<\/li>\n<li>Els horaris matinals s\u00f3n de dilluns a dijous.<\/li>\n<li>El curs es desenvolupar\u00e0 de mitjans de setembre fins a mitjans de juny amb una c\u00e0rrega lectiva de 19 hores setmanals.<\/li>\n<li>Els materials per a fer el curs s\u00f3n d\u2019elaboraci\u00f3 pr\u00f2pia, aix\u00ed com les proves d\u2019avaluaci\u00f3.<\/li>\n<li>El centre compta amb un EVA (Classrrom) de suport a la doc\u00e8ncia.<\/li>\n<\/ul>\n<p><strong>Avaluaci\u00f3 i qualificaci\u00f3<\/strong><\/p>\n<ul>\n<li>L\u2019avaluaci\u00f3 \u00e9s cont\u00ednua i inclou l\u2019assist\u00e8ncia, la participaci\u00f3 a l\u2019aula, els resultats de les tasques encomanades i\u00a0 els resultats de les proves parcials i finals realitzades.<\/li>\n<li>Per superar el curs s\u2019han de complir els seg\u00fcents requisits:\n<ul>\n<li>Tenir una assist\u00e8ncia m\u00ednima del 80% a cada mat\u00e8ria.<\/li>\n<li>La mitjana aritm\u00e8tica de les qualificacions obtingudes ha de ser de 5 o superior.<\/li>\n<li>No es podr\u00e0 fer la mitjana si una o m\u00e9s mat\u00e8ries tenen una qualificaci\u00f3 inferior a 4.<\/li>\n<\/ul>\n<\/li>\n<\/ul>\n<p><strong>Superaci\u00f3 del curs<\/strong><\/p>\n<ul>\n<li>La superaci\u00f3 del curs permet l\u2019acc\u00e9s directe a un cicle de grau superior professional, relacionat amb la opci\u00f3 escollida,\u00a0 en funci\u00f3 de les notes tall. T\u00e9 els mateixos efectes que la superaci\u00f3 de la prova externa a grau superior. Per\u00f2 la normativa <strong>NO<\/strong> contempla que la superaci\u00f3 d&#8217;aquest curs tingui l&#8217;equival\u00e8ncia a <strong>Batxillerat a efectes\u00a0laborals,<\/strong> per tant cal tenir-lo en compte.<\/li>\n<\/ul>\n<p><strong>Cost<\/strong><\/p>\n<ul>\n<li>La matr\u00edcula del curs \u00e9s gratu\u00efta. Nom\u00e9s cal abonar un pagament \u00fanic en concepte de materials did\u00e0ctics i serveis digitals.<\/li>\n<\/ul>\n<\/div>\n<p><a href=\"https:\/\/triaeducativa.gencat.cat\/ca\/estudis\/?curs-formacio-preparatori-acces-cicles-grau-superior&amp;p_id=7330\">M\u00e9s informaci\u00f3 al web de la Generalitat<\/a><\/p>\n","protected":false},"excerpt":{"rendered":"<p>En qu\u00e8 consisteix el curs El nom oficial d\u2019aquest curs \u00e9s Curs de Formaci\u00f3 Preparatori per a l\u2019Acc\u00e9s a Cicles de Grau Superior, per\u00f2 tothom el coneix col.loquialment com CAS o curs d\u2019\u00e0cc\u00e9s directe a grau superior. Descripci\u00f3 Aquests estudis permeten a les persones que el superen l\u2019acc\u00e9s directe als cicles de grau superior de [&hellip;]<\/p>\n","protected":false},"author":2,"featured_media":0,"parent":539,"menu_order":0,"comment_status":"closed","ping_status":"closed","template":"page-templates\/side-menu.php","meta":{"_bbp_topic_count":0,"_bbp_reply_count":0,"_bbp_total_topic_count":0,"_bbp_total_reply_count":0,"_bbp_voice_count":0,"_bbp_anonymous_reply_count":0,"_bbp_topic_count_hidden":0,"_bbp_reply_count_hidden":0,"_bbp_forum_subforum_count":0,"site-sidebar-layout":"default","site-content-layout":"","ast-site-content-layout":"","site-content-style":"default","site-sidebar-style":"default","ast-global-header-display":"","ast-banner-title-visibility":"","ast-main-header-display":"","ast-hfb-above-header-display":"","ast-hfb-below-header-display":"","ast-hfb-mobile-header-display":"","site-post-title":"","ast-breadcrumbs-content":"","ast-featured-img":"","footer-sml-layout":"","theme-transparent-header-meta":"","adv-header-id-meta":"","stick-header-meta":"","header-above-stick-meta":"","header-main-stick-meta":"","header-below-stick-meta":"","astra-migrate-meta-layouts":"default","ast-page-background-enabled":"default","ast-page-background-meta":{"desktop":{"background-color":"var(--ast-global-color-4)","background-image":"","background-repeat":"repeat","background-position":"center center","background-size":"auto","background-attachment":"scroll","background-type":"","background-media":"","overlay-type":"","overlay-color":"","overlay-opacity":"","overlay-gradient":""},"tablet":{"background-color":"","background-image":"","background-repeat":"repeat","background-position":"center center","background-size":"auto","background-attachment":"scroll","background-type":"","background-media":"","overlay-type":"","overlay-color":"","overlay-opacity":"","overlay-gradient":""},"mobile":{"background-color":"","background-image":"","background-repeat":"repeat","background-position":"center center","background-size":"auto","background-attachment":"scroll","background-type":"","background-media":"","overlay-type":"","overlay-color":"","overlay-opacity":"","overlay-gradient":""}},"ast-content-background-meta":{"desktop":{"background-color":"var(--ast-global-color-5)","background-image":"","background-repeat":"repeat","background-position":"center center","background-size":"auto","background-attachment":"scroll","background-type":"","background-media":"","overlay-type":"","overlay-color":"","overlay-opacity":"","overlay-gradient":""},"tablet":{"background-color":"var(--ast-global-color-5)","background-image":"","background-repeat":"repeat","background-position":"center center","background-size":"auto","background-attachment":"scroll","background-type":"","background-media":"","overlay-type":"","overlay-color":"","overlay-opacity":"","overlay-gradient":""},"mobile":{"background-color":"var(--ast-global-color-5)","background-image":"","background-repeat":"repeat","background-position":"center center","background-size":"auto","background-attachment":"scroll","background-type":"","background-media":"","overlay-type":"","overlay-color":"","overlay-opacity":"","overlay-gradient":""}},"footnotes":""},"class_list":["post-320","page","type-page","status-publish","hentry"],"post_mailing_queue_ids":[],"_links":{"self":[{"href":"https:\/\/agora.xtec.cat\/cfajujol\/wp-json\/wp\/v2\/pages\/320","targetHints":{"allow":["GET"]}}],"collection":[{"href":"https:\/\/agora.xtec.cat\/cfajujol\/wp-json\/wp\/v2\/pages"}],"about":[{"href":"https:\/\/agora.xtec.cat\/cfajujol\/wp-json\/wp\/v2\/types\/page"}],"author":[{"embeddable":true,"href":"https:\/\/agora.xtec.cat\/cfajujol\/wp-json\/wp\/v2\/users\/2"}],"replies":[{"embeddable":true,"href":"https:\/\/agora.xtec.cat\/cfajujol\/wp-json\/wp\/v2\/comments?post=320"}],"version-history":[{"count":6,"href":"https:\/\/agora.xtec.cat\/cfajujol\/wp-json\/wp\/v2\/pages\/320\/revisions"}],"predecessor-version":[{"id":2058,"href":"https:\/\/agora.xtec.cat\/cfajujol\/wp-json\/wp\/v2\/pages\/320\/revisions\/2058"}],"up":[{"embeddable":true,"href":"https:\/\/agora.xtec.cat\/cfajujol\/wp-json\/wp\/v2\/pages\/539"}],"wp:attachment":[{"href":"https:\/\/agora.xtec.cat\/cfajujol\/wp-json\/wp\/v2\/media?parent=320"}],"curies":[{"name":"wp","href":"https:\/\/api.w.org\/{rel}","templated":true}]}}