{"id":316,"date":"2015-01-28T11:33:51","date_gmt":"2015-01-28T10:33:51","guid":{"rendered":"http:\/\/agora.xtec.cat\/cfajujol\/\/?page_id=316"},"modified":"2016-09-12T09:35:58","modified_gmt":"2016-09-12T08:35:58","slug":"competencia-digital-competic","status":"publish","type":"page","link":"https:\/\/agora.xtec.cat\/cfajujol\/el-centre\/ensenyaments\/ensenyaments-transprofessionals\/competencia-digital-competic\/","title":{"rendered":"Compet\u00e8ncia digital COMPETIC"},"content":{"rendered":"<p>Els ensenyaments d&#8217;inform\u00e0tica tenen com a objectiu facilitar l&#8217;adquisici\u00f3 de la compet\u00e8ncia digital, entesa com la combinaci\u00f3 de coneixements, habilitats i actituds en l&#8217;\u00e0mbit de les tecnologies de la informaci\u00f3 i la comunicaci\u00f3 (TIC) per desenvolupar-se en la societat actual. S&#8217;imparteixen en quatre nivells: COMPETIC Inicial, 1, 2 i 3.<\/p>\n<ul>\n<li>Nivells\n<ul>\n<li>COMPETIC INICIAL\n<ul>\n<li>El nivell inicial d&#8217;inform\u00e0tica (COMPETIC inicial) s&#8217;adre\u00e7a a les persones adultes que volen assolir un domini b\u00e0sic de les tecnologies de la informaci\u00f3 i la comunicaci\u00f3 (TIC).<\/li>\n<\/ul>\n<\/li>\n<li>COMPETIC 1\n<ul>\n<li>El curs COMPETIC 1 va adre\u00e7at a persones que han superat el curs de COMPETIC Inicial o que tenen o poden acreditar uns coneixements elementals del funcionament de l\u2019ordinador, del tractament de textos, de l\u2019\u00fas del correu electr\u00f2nic i de la recerca d\u2019informaci\u00f3 per Internet.<\/li>\n<\/ul>\n<\/li>\n<li>COMPETIC 2\n<ul>\n<li>El curs COMPETIC 2 va adre\u00e7at a persones que han superat el curs de COMPETIC1 o que tenen o poden acreditar un domini elemental en l\u2019\u00fas de les TIC; s\u00f3n usuaris d\u2019aquestes tecnologies, amb capacitat per con\u00e8ixer i aplicar-les.<\/li>\n<\/ul>\n<\/li>\n<li>COMPETIC 3\n<ul>\n<li>El curs COMPETIC 3 va adre\u00e7at a persones que han superat el curs de COMPETIC 2 o tenen el certificat ACTIC mitj\u00e0 o poden acreditar un domini efectiu en l\u2019\u00fas de les TIC; usuaris que gaudeixen d\u2019autonomia i capacitat cr\u00edtica envers l\u2019\u00fas d\u2019aquestes tecnologies.<\/li>\n<\/ul>\n<\/li>\n<\/ul>\n<\/li>\n<\/ul>\n<p>&nbsp;<\/p>\n<p><img loading=\"lazy\" decoding=\"async\" class=\"wp-image-403  aligncenter\" src=\"http:\/\/agora.xtec.cat\/cfajujol\/wp-content\/uploads\/usu253\/2015\/03\/DSC_16692-300x225.jpg\" width=\"544\" height=\"408\" srcset=\"https:\/\/agora.xtec.cat\/cfajujol\/wp-content\/uploads\/usu253\/2015\/03\/DSC_16692-300x225.jpg 300w, https:\/\/agora.xtec.cat\/cfajujol\/wp-content\/uploads\/usu253\/2015\/03\/DSC_16692-1024x768.jpg 1024w, https:\/\/agora.xtec.cat\/cfajujol\/wp-content\/uploads\/usu253\/2015\/03\/DSC_16692-200x150.jpg 200w\" sizes=\"auto, (max-width: 544px) 100vw, 544px\" \/><\/p>\n<p>&nbsp;<\/p>\n<p>&nbsp;<\/p>\n<p>&nbsp;<\/p>\n<p>&nbsp;<\/p>\n<p>&nbsp;<\/p>\n","protected":false},"excerpt":{"rendered":"<p>Els ensenyaments d&#8217;inform\u00e0tica tenen com a objectiu facilitar l&#8217;adquisici\u00f3 de la compet\u00e8ncia digital, entesa com la combinaci\u00f3 de coneixements, habilitats i actituds en l&#8217;\u00e0mbit de les tecnologies de la informaci\u00f3 i la comunicaci\u00f3 (TIC) per desenvolupar-se en la societat actual. S&#8217;imparteixen en quatre nivells: COMPETIC Inicial, 1, 2 i 3. Nivells COMPETIC INICIAL El nivell [&hellip;]<\/p>\n","protected":false},"author":2,"featured_media":0,"parent":286,"menu_order":0,"comment_status":"closed","ping_status":"closed","template":"page-templates\/side-menu.php","meta":{"_bbp_topic_count":0,"_bbp_reply_count":0,"_bbp_total_topic_count":0,"_bbp_total_reply_count":0,"_bbp_voice_count":0,"_bbp_anonymous_reply_count":0,"_bbp_topic_count_hidden":0,"_bbp_reply_count_hidden":0,"_bbp_forum_subforum_count":0,"site-sidebar-layout":"default","site-content-layout":"","ast-site-content-layout":"","site-content-style":"default","site-sidebar-style":"default","ast-global-header-display":"","ast-banner-title-visibility":"","ast-main-header-display":"","ast-hfb-above-header-display":"","ast-hfb-below-header-display":"","ast-hfb-mobile-header-display":"","site-post-title":"","ast-breadcrumbs-content":"","ast-featured-img":"","footer-sml-layout":"","theme-transparent-header-meta":"","adv-header-id-meta":"","stick-header-meta":"","header-above-stick-meta":"","header-main-stick-meta":"","header-below-stick-meta":"","astra-migrate-meta-layouts":"default","ast-page-background-enabled":"default","ast-page-background-meta":{"desktop":{"background-color":"var(--ast-global-color-4)","background-image":"","background-repeat":"repeat","background-position":"center center","background-size":"auto","background-attachment":"scroll","background-type":"","background-media":"","overlay-type":"","overlay-color":"","overlay-opacity":"","overlay-gradient":""},"tablet":{"background-color":"","background-image":"","background-repeat":"repeat","background-position":"center center","background-size":"auto","background-attachment":"scroll","background-type":"","background-media":"","overlay-type":"","overlay-color":"","overlay-opacity":"","overlay-gradient":""},"mobile":{"background-color":"","background-image":"","background-repeat":"repeat","background-position":"center center","background-size":"auto","background-attachment":"scroll","background-type":"","background-media":"","overlay-type":"","overlay-color":"","overlay-opacity":"","overlay-gradient":""}},"ast-content-background-meta":{"desktop":{"background-color":"var(--ast-global-color-5)","background-image":"","background-repeat":"repeat","background-position":"center center","background-size":"auto","background-attachment":"scroll","background-type":"","background-media":"","overlay-type":"","overlay-color":"","overlay-opacity":"","overlay-gradient":""},"tablet":{"background-color":"var(--ast-global-color-5)","background-image":"","background-repeat":"repeat","background-position":"center center","background-size":"auto","background-attachment":"scroll","background-type":"","background-media":"","overlay-type":"","overlay-color":"","overlay-opacity":"","overlay-gradient":""},"mobile":{"background-color":"var(--ast-global-color-5)","background-image":"","background-repeat":"repeat","background-position":"center center","background-size":"auto","background-attachment":"scroll","background-type":"","background-media":"","overlay-type":"","overlay-color":"","overlay-opacity":"","overlay-gradient":""}},"footnotes":""},"class_list":["post-316","page","type-page","status-publish","hentry"],"post_mailing_queue_ids":[],"_links":{"self":[{"href":"https:\/\/agora.xtec.cat\/cfajujol\/wp-json\/wp\/v2\/pages\/316","targetHints":{"allow":["GET"]}}],"collection":[{"href":"https:\/\/agora.xtec.cat\/cfajujol\/wp-json\/wp\/v2\/pages"}],"about":[{"href":"https:\/\/agora.xtec.cat\/cfajujol\/wp-json\/wp\/v2\/types\/page"}],"author":[{"embeddable":true,"href":"https:\/\/agora.xtec.cat\/cfajujol\/wp-json\/wp\/v2\/users\/2"}],"replies":[{"embeddable":true,"href":"https:\/\/agora.xtec.cat\/cfajujol\/wp-json\/wp\/v2\/comments?post=316"}],"version-history":[{"count":3,"href":"https:\/\/agora.xtec.cat\/cfajujol\/wp-json\/wp\/v2\/pages\/316\/revisions"}],"predecessor-version":[{"id":541,"href":"https:\/\/agora.xtec.cat\/cfajujol\/wp-json\/wp\/v2\/pages\/316\/revisions\/541"}],"up":[{"embeddable":true,"href":"https:\/\/agora.xtec.cat\/cfajujol\/wp-json\/wp\/v2\/pages\/286"}],"wp:attachment":[{"href":"https:\/\/agora.xtec.cat\/cfajujol\/wp-json\/wp\/v2\/media?parent=316"}],"curies":[{"name":"wp","href":"https:\/\/api.w.org\/{rel}","templated":true}]}}