{"id":312,"date":"2015-01-28T11:32:38","date_gmt":"2015-01-28T10:32:38","guid":{"rendered":"http:\/\/agora.xtec.cat\/cfajujol\/\/?page_id=312"},"modified":"2015-03-11T12:17:36","modified_gmt":"2015-03-11T11:17:36","slug":"llengua-anglesa","status":"publish","type":"page","link":"https:\/\/agora.xtec.cat\/cfajujol\/el-centre\/ensenyaments\/ensenyaments-transprofessionals\/llengua-anglesa\/","title":{"rendered":"Llengua anglesa"},"content":{"rendered":"<ul>\n<li>Aquests estudis permeten que les persones adultes assoleixin un grau de compet\u00e8ncia comunicativa b\u00e0sica en angl\u00e8s. (A partir del curs 2013-2014 aquests estudis inclouran els nivells 1, 2 i 3, que es corresponen amb els nivells A1, A2.1 i A2.2 respectivament, del MECR-Marc Europeu Com\u00fa de Refer\u00e8ncia per a les Lleng\u00fces: aprendre, ensenyar, avaluar).&nbsp;\n<p>L\u2019alumnat que accedeix de nou a un d\u2019aquests cursos far\u00e0 una prova de nivell.<\/li>\n<\/ul>\n<p><a href=\"http:\/\/agora.xtec.cat\/cfajujol\/wp-content\/uploads\/usu253\/2015\/01\/SEO_ingles.jpg\"><img loading=\"lazy\" decoding=\"async\" class=\"size-medium wp-image-418 aligncenter\" src=\"http:\/\/agora.xtec.cat\/cfajujol\/wp-content\/uploads\/usu253\/2015\/01\/SEO_ingles-300x157.jpg\" alt=\"Flag of England from symbols of the United Kingdom and London\" width=\"300\" height=\"157\" srcset=\"https:\/\/agora.xtec.cat\/cfajujol\/wp-content\/uploads\/usu253\/2015\/01\/SEO_ingles-300x157.jpg 300w, https:\/\/agora.xtec.cat\/cfajujol\/wp-content\/uploads\/usu253\/2015\/01\/SEO_ingles.jpg 660w\" sizes=\"auto, (max-width: 300px) 100vw, 300px\" \/><\/a><\/p>\n","protected":false},"excerpt":{"rendered":"<ul>\n<li>Aquests estudis permeten que les persones adultes assoleixin un grau de compet\u00e8ncia comunicativa b\u00e0sica en angl\u00e8s. (A partir del curs 2013-2014 aquests estudis inclouran els nivells 1, 2 i 3, que es corresponen amb els nivells A1, A2.1 i A2.2 respectivament, del MECR-Marc Europeu Com\u00fa&hellip;  <a href=\"https:\/\/agora.xtec.cat\/cfajujol\/el-centre\/ensenyaments\/ensenyaments-transprofessionals\/llengua-anglesa\/\" title=\"Read Llengua anglesa\">Llegeix m\u00e9s\u00bb<\/a><br \/>\n","protected":false},"author":2,"featured_media":0,"parent":286,"menu_order":0,"comment_status":"closed","ping_status":"closed","template":"page-templates\/side-menu.php","meta":{"_bbp_topic_count":0,"_bbp_reply_count":0,"_bbp_total_topic_count":0,"_bbp_total_reply_count":0,"_bbp_voice_count":0,"_bbp_anonymous_reply_count":0,"_bbp_topic_count_hidden":0,"_bbp_reply_count_hidden":0,"_bbp_forum_subforum_count":0,"footnotes":""},"class_list":["post-312","page","type-page","status-publish","hentry"],"post_mailing_queue_ids":[],"_links":{"self":[{"href":"https:\/\/agora.xtec.cat\/cfajujol\/wp-json\/wp\/v2\/pages\/312","targetHints":{"allow":["GET"]}}],"collection":[{"href":"https:\/\/agora.xtec.cat\/cfajujol\/wp-json\/wp\/v2\/pages"}],"about":[{"href":"https:\/\/agora.xtec.cat\/cfajujol\/wp-json\/wp\/v2\/types\/page"}],"author":[{"embeddable":true,"href":"https:\/\/agora.xtec.cat\/cfajujol\/wp-json\/wp\/v2\/users\/2"}],"replies":[{"embeddable":true,"href":"https:\/\/agora.xtec.cat\/cfajujol\/wp-json\/wp\/v2\/comments?post=312"}],"version-history":[{"count":3,"href":"https:\/\/agora.xtec.cat\/cfajujol\/wp-json\/wp\/v2\/pages\/312\/revisions"}],"predecessor-version":[{"id":419,"href":"https:\/\/agora.xtec.cat\/cfajujol\/wp-json\/wp\/v2\/pages\/312\/revisions\/419"}],"up":[{"embeddable":true,"href":"https:\/\/agora.xtec.cat\/cfajujol\/wp-json\/wp\/v2\/pages\/286"}],"wp:attachment":[{"href":"https:\/\/agora.xtec.cat\/cfajujol\/wp-json\/wp\/v2\/media?parent=312"}],"curies":[{"name":"wp","href":"https:\/\/api.w.org\/{rel}","templated":true}]}}