{"id":274,"date":"2015-01-27T17:56:20","date_gmt":"2015-01-27T16:56:20","guid":{"rendered":"http:\/\/agora.xtec.cat\/cfajujol\/\/?page_id=274"},"modified":"2026-03-19T11:27:59","modified_gmt":"2026-03-19T10:27:59","slug":"ensenyaments","status":"publish","type":"page","link":"https:\/\/agora.xtec.cat\/cfajujol\/el-centre\/ensenyaments\/","title":{"rendered":"Ensenyaments (Oferta formativa)"},"content":{"rendered":"<p><strong>&#8211; Ensenyaments inicials i b\u00e0sics:<\/strong><br \/>\nCursos adre\u00e7ats a aquelles persones que volen adquirir els coneixements inicials de lectura, escriptura i c\u00e0lcul o que els volen millorar i consolidar.<\/p>\n<p><strong>&#8211; Graduat en Educaci\u00f3 Secund\u00e0ria (GES):<\/strong><br \/>\nCurs adre\u00e7at a aquelles persones que volen obtenir aquest t\u00edtol. Consta de 2 nivells.<\/p>\n<p><strong>&#8211; Preparaci\u00f3 per a la prova d&#8217;acc\u00e9s a cicles formatius de grau mitj\u00e0:<\/strong><br \/>\nCurs per preparar l&#8217;examen d&#8217;acc\u00e9s a cicles formatius de grau mitj\u00e0.<\/p>\n<p><strong>&#8211; Curs d&#8217;acc\u00e9s a cicles formatius de grau superior:<\/strong><br \/>\nInclou la preparaci\u00f3 de la prova comuna i d&#8217;algunes de les mat\u00e8ries espec\u00edfiques.<\/p>\n<p><strong>&#8211; Acc\u00e9s a la universitat<\/strong><br \/>\nCurs adre\u00e7at a persones m\u00e9s grans de 25 i 45 anys per preparar l&#8217;examen d&#8217;acc\u00e9s a la universitat.<\/p>\n<p><strong>Inform\u00e0tica<\/strong><br \/>\n&#8211; COMPETIC INICIAL<br \/>\n&#8211; COMPETIC 1. Equival al certificat ACTIC b\u00e0sic<br \/>\n&#8211; COMPETIC 2. Equival al certificat ACTIC mitj\u00e0<br \/>\n&#8211; COMPETIC 3. Equival al certificat ACTIC avan\u00e7at<\/p>\n<p><strong>Llengua castellana i catalana<\/strong><br \/>\n&#8211; Llengua catalana 1. Corresponent a l&#8217;A1<br \/>\n&#8211; Llengua catalana 2. Corresponent a l&#8217;A2<br \/>\n&#8211; Llengua catalana 3. Corresponent al B1<br \/>\n&#8211; Llengua castellana 1. Corresponent a l&#8217;A1<br \/>\n&#8211; Llengua castellana 2. Corresponent a l&#8217;A2<br \/>\n&#8211; Llengua castellana 3. Corresponent al B1<br \/>\n&#8211; (Preparaci\u00f3 per al text de nacionalitat)<\/p>\n<p><strong>Franc\u00e8s<\/strong><br \/>\n&#8211; Franc\u00e8s 1. Corresponent al nivell A1<br \/>\n&#8211; Franc\u00e8s 2. Corresponent al nivell A2<br \/>\n&#8211; Franc\u00e8s 3. Corresponent al nivell A2.2<\/p>\n<p><strong>Angl\u00e8s:<\/strong><br \/>\n&#8211; Angl\u00e8s 1. Corresponent al nivell A1<br \/>\n&#8211; Angl\u00e8s 2. Corresponent al nivell A2<br \/>\n&#8211; Angl\u00e8s 3. Corresponent al nivell A2.2 (A2)<\/p>\n","protected":false},"excerpt":{"rendered":"<p>&#8211; Ensenyaments inicials i b\u00e0sics:<br \/>\nCursos adre\u00e7ats a aquelles persones que volen adquirir els coneixements inicials de lectura, escriptura i c\u00e0lcul o que els volen millorar i consolidar.<br \/>\n&#8211; Graduat en Educaci\u00f3 Secund\u00e0ria (GES):<br \/>\nCurs adre\u00e7at a aquelles persones que volen obtenir aquest t\u00edtol. Consta de 2 nivells.<br \/>\n&#8211;&hellip;  <a href=\"https:\/\/agora.xtec.cat\/cfajujol\/el-centre\/ensenyaments\/\" title=\"Read Ensenyaments (Oferta formativa)\">Llegeix m\u00e9s\u00bb<\/a><\/p>\n","protected":false},"author":2,"featured_media":0,"parent":261,"menu_order":0,"comment_status":"closed","ping_status":"closed","template":"page-templates\/side-menu.php","meta":{"_bbp_topic_count":0,"_bbp_reply_count":0,"_bbp_total_topic_count":0,"_bbp_total_reply_count":0,"_bbp_voice_count":0,"_bbp_anonymous_reply_count":0,"_bbp_topic_count_hidden":0,"_bbp_reply_count_hidden":0,"_bbp_forum_subforum_count":0,"footnotes":""},"class_list":["post-274","page","type-page","status-publish","hentry"],"post_mailing_queue_ids":[],"_links":{"self":[{"href":"https:\/\/agora.xtec.cat\/cfajujol\/wp-json\/wp\/v2\/pages\/274","targetHints":{"allow":["GET"]}}],"collection":[{"href":"https:\/\/agora.xtec.cat\/cfajujol\/wp-json\/wp\/v2\/pages"}],"about":[{"href":"https:\/\/agora.xtec.cat\/cfajujol\/wp-json\/wp\/v2\/types\/page"}],"author":[{"embeddable":true,"href":"https:\/\/agora.xtec.cat\/cfajujol\/wp-json\/wp\/v2\/users\/2"}],"replies":[{"embeddable":true,"href":"https:\/\/agora.xtec.cat\/cfajujol\/wp-json\/wp\/v2\/comments?post=274"}],"version-history":[{"count":6,"href":"https:\/\/agora.xtec.cat\/cfajujol\/wp-json\/wp\/v2\/pages\/274\/revisions"}],"predecessor-version":[{"id":2371,"href":"https:\/\/agora.xtec.cat\/cfajujol\/wp-json\/wp\/v2\/pages\/274\/revisions\/2371"}],"up":[{"embeddable":true,"href":"https:\/\/agora.xtec.cat\/cfajujol\/wp-json\/wp\/v2\/pages\/261"}],"wp:attachment":[{"href":"https:\/\/agora.xtec.cat\/cfajujol\/wp-json\/wp\/v2\/media?parent=274"}],"curies":[{"name":"wp","href":"https:\/\/api.w.org\/{rel}","templated":true}]}}