{"id":27,"date":"2014-09-17T16:24:03","date_gmt":"2014-09-17T16:24:03","guid":{"rendered":"http:\/\/agora.xtec.cat\/cfajujol\/\/?page_id=27"},"modified":"2026-03-19T11:03:48","modified_gmt":"2026-03-19T10:03:48","slug":"historia","status":"publish","type":"page","link":"https:\/\/agora.xtec.cat\/cfajujol\/el-centre\/historia\/","title":{"rendered":"Hist\u00f2ria"},"content":{"rendered":"<p>El Centre de Formaci\u00f3 de Persones Adultes \u201cArquitecte Jujol\u201d \u00e9s el producte de la fusi\u00f3 de dues Aules de Formaci\u00f3 d&#8217;Adults: l\u2019AFA Les Planes, depenent de la Generalitat (1978-79) i l\u2019Aula Municipal Casc Antic (i1980-1981). L\u2019evoluci\u00f3 d\u2019ambdues aules per separat va comportar ampliaci\u00f3 i millora d&#8217;espais i tamb\u00e9 ampliaci\u00f3 de personal tant del Departament com de l\u2019Ajuntament. Fruit del treball i l\u2019aposta de tot el professorat d\u2019ambdues escoles i la col\u00b7laboraci\u00f3 de l\u2019Ajuntament, v\u00e0rem elaborar un projecte per unificar-les i que poguessin ser considerades Centre.<\/p>\n<p><a href=\"http:\/\/agora.xtec.cat\/cfajujol\/wp-content\/uploads\/usu253\/2015\/03\/DSC_16631.jpg\"><img loading=\"lazy\" decoding=\"async\" class=\"aligncenter wp-image-400 size-medium\" src=\"http:\/\/agora.xtec.cat\/cfajujol\/wp-content\/uploads\/usu253\/2015\/03\/DSC_16631-300x225.jpg\" width=\"300\" height=\"225\" srcset=\"https:\/\/agora.xtec.cat\/cfajujol\/wp-content\/uploads\/usu253\/2015\/03\/DSC_16631-300x225.jpg 300w, https:\/\/agora.xtec.cat\/cfajujol\/wp-content\/uploads\/usu253\/2015\/03\/DSC_16631-1024x768.jpg 1024w, https:\/\/agora.xtec.cat\/cfajujol\/wp-content\/uploads\/usu253\/2015\/03\/DSC_16631-200x150.jpg 200w\" sizes=\"auto, (max-width: 300px) 100vw, 300px\" \/><\/a><\/p>\n<p>Va ser en el curs 2000-2001, que ens vam traslladar com a Centre a uns nous espais facilitats per l\u2019Ajuntament. Aquest fet va possibilitar l\u2019ampliaci\u00f3 de l\u2019oferta formativa al Graduat d\u2019Educaci\u00f3 Secund\u00e0ria (GES) i la preparaci\u00f3 a la Prova d&#8217;Acc\u00e9s als Cicles Formatius de Grau Superior, que eren objectius prioritaris de la uni\u00f3 de les dues escoles per anar completant l\u2019oferta. Aix\u00ed vam passar de ser dos claustres de 3 i 5 persones a ser 11 professores en un centre \u00fanic.<\/p>\n<p>Amb la fusi\u00f3 dels dos claustres, es vam haver de dotar de noves formes d\u2019organitzaci\u00f3 i explicitar per escrit els nostres principis educatius (PEC, NOFC, PAT) i de funcionament, per poder fer front a aquesta nova complexitat: m\u00e9s professorat, oferta formativa, i alumnat, tamb\u00e9 per adaptar-nos a l\u2019evoluci\u00f3 de les normes de funcionament encomanades per l\u2019administraci\u00f3.<\/p>\n<p>Actualment el claustre del centre est\u00e0 format per 15 persones i una oferta formativa gaireb\u00e9 completa.<\/p>\n","protected":false},"excerpt":{"rendered":"<p>El Centre de Formaci\u00f3 de Persones Adultes \u201cArquitecte Jujol\u201d \u00e9s el producte de la fusi\u00f3 de dues Aules de Formaci\u00f3 d&#8217;Adults: l\u2019AFA Les Planes, depenent de la Generalitat (1978-79) i l\u2019Aula Municipal Casc Antic (i1980-1981). L\u2019evoluci\u00f3 d\u2019ambdues aules per separat va comportar ampliaci\u00f3 i millora&hellip;  <a href=\"https:\/\/agora.xtec.cat\/cfajujol\/el-centre\/historia\/\" title=\"Read Hist\u00f2ria\">Llegeix m\u00e9s\u00bb<\/a><\/p>\n","protected":false},"author":1,"featured_media":0,"parent":261,"menu_order":20,"comment_status":"closed","ping_status":"closed","template":"page-templates\/side-menu.php","meta":{"_bbp_topic_count":0,"_bbp_reply_count":0,"_bbp_total_topic_count":0,"_bbp_total_reply_count":0,"_bbp_voice_count":0,"_bbp_anonymous_reply_count":0,"_bbp_topic_count_hidden":0,"_bbp_reply_count_hidden":0,"_bbp_forum_subforum_count":0,"footnotes":""},"class_list":["post-27","page","type-page","status-publish","hentry"],"post_mailing_queue_ids":[],"_links":{"self":[{"href":"https:\/\/agora.xtec.cat\/cfajujol\/wp-json\/wp\/v2\/pages\/27","targetHints":{"allow":["GET"]}}],"collection":[{"href":"https:\/\/agora.xtec.cat\/cfajujol\/wp-json\/wp\/v2\/pages"}],"about":[{"href":"https:\/\/agora.xtec.cat\/cfajujol\/wp-json\/wp\/v2\/types\/page"}],"author":[{"embeddable":true,"href":"https:\/\/agora.xtec.cat\/cfajujol\/wp-json\/wp\/v2\/users\/1"}],"replies":[{"embeddable":true,"href":"https:\/\/agora.xtec.cat\/cfajujol\/wp-json\/wp\/v2\/comments?post=27"}],"version-history":[{"count":6,"href":"https:\/\/agora.xtec.cat\/cfajujol\/wp-json\/wp\/v2\/pages\/27\/revisions"}],"predecessor-version":[{"id":2355,"href":"https:\/\/agora.xtec.cat\/cfajujol\/wp-json\/wp\/v2\/pages\/27\/revisions\/2355"}],"up":[{"embeddable":true,"href":"https:\/\/agora.xtec.cat\/cfajujol\/wp-json\/wp\/v2\/pages\/261"}],"wp:attachment":[{"href":"https:\/\/agora.xtec.cat\/cfajujol\/wp-json\/wp\/v2\/media?parent=27"}],"curies":[{"name":"wp","href":"https:\/\/api.w.org\/{rel}","templated":true}]}}