{"id":2130,"date":"2024-10-24T19:23:47","date_gmt":"2024-10-24T17:23:47","guid":{"rendered":"https:\/\/agora.xtec.cat\/cfajujol\/?page_id=2130"},"modified":"2024-10-24T19:37:33","modified_gmt":"2024-10-24T17:37:33","slug":"llengua-francesa","status":"publish","type":"page","link":"https:\/\/agora.xtec.cat\/cfajujol\/el-centre\/ensenyaments\/ensenyaments-transprofessionals\/llengua-francesa\/","title":{"rendered":"Llengua francesa"},"content":{"rendered":"<ul>\n<li>Aquests estudis permeten que les persones adultes assoleixin un grau de compet\u00e8ncia comunicativa b\u00e0sica en angl\u00e8s. (A partir del curs 2013-2014 aquests estudis inclouran els nivells 1, 2 i 3, que es corresponen amb els nivells A1, A2.1 i A2.2 respectivament, del MECR-Marc Europeu Com\u00fa de Refer\u00e8ncia per a les Lleng\u00fces: aprendre, ensenyar, avaluar).L\u2019alumnat que accedeix de nou a un d\u2019aquests cursos far\u00e0 una prova de nivell. L&#8217;horari \u00e9s de mat\u00ed.<\/li>\n<\/ul>\n<p>&nbsp;<\/p>\n<p><img loading=\"lazy\" decoding=\"async\" class=\"aligncenter size-medium wp-image-2131\" src=\"https:\/\/agora.xtec.cat\/cfajujol\/wp-content\/uploads\/usu253\/2024\/10\/france-300x177.png\" alt=\"\" width=\"300\" height=\"177\" srcset=\"https:\/\/agora.xtec.cat\/cfajujol\/wp-content\/uploads\/usu253\/2024\/10\/france-300x177.png 300w, https:\/\/agora.xtec.cat\/cfajujol\/wp-content\/uploads\/usu253\/2024\/10\/france.png 390w\" sizes=\"auto, (max-width: 300px) 100vw, 300px\" \/><\/p>\n","protected":false},"excerpt":{"rendered":"<ul>\n<li>Aquests estudis permeten que les persones adultes assoleixin un grau de compet\u00e8ncia comunicativa b\u00e0sica en angl\u00e8s. (A partir del curs 2013-2014 aquests estudis inclouran els nivells 1, 2 i 3, que es corresponen amb els nivells A1, A2.1 i A2.2 respectivament, del MECR-Marc Europeu Com\u00fa&hellip;  <a href=\"https:\/\/agora.xtec.cat\/cfajujol\/el-centre\/ensenyaments\/ensenyaments-transprofessionals\/llengua-francesa\/\" title=\"Read Llengua francesa\">Llegeix m\u00e9s\u00bb<\/a><br \/>\n","protected":false},"author":1,"featured_media":0,"parent":286,"menu_order":0,"comment_status":"closed","ping_status":"closed","template":"page-templates\/side-menu.php","meta":{"_bbp_topic_count":0,"_bbp_reply_count":0,"_bbp_total_topic_count":0,"_bbp_total_reply_count":0,"_bbp_voice_count":0,"_bbp_anonymous_reply_count":0,"_bbp_topic_count_hidden":0,"_bbp_reply_count_hidden":0,"_bbp_forum_subforum_count":0,"footnotes":""},"class_list":["post-2130","page","type-page","status-publish","hentry"],"post_mailing_queue_ids":[],"_links":{"self":[{"href":"https:\/\/agora.xtec.cat\/cfajujol\/wp-json\/wp\/v2\/pages\/2130","targetHints":{"allow":["GET"]}}],"collection":[{"href":"https:\/\/agora.xtec.cat\/cfajujol\/wp-json\/wp\/v2\/pages"}],"about":[{"href":"https:\/\/agora.xtec.cat\/cfajujol\/wp-json\/wp\/v2\/types\/page"}],"author":[{"embeddable":true,"href":"https:\/\/agora.xtec.cat\/cfajujol\/wp-json\/wp\/v2\/users\/1"}],"replies":[{"embeddable":true,"href":"https:\/\/agora.xtec.cat\/cfajujol\/wp-json\/wp\/v2\/comments?post=2130"}],"version-history":[{"count":5,"href":"https:\/\/agora.xtec.cat\/cfajujol\/wp-json\/wp\/v2\/pages\/2130\/revisions"}],"predecessor-version":[{"id":2143,"href":"https:\/\/agora.xtec.cat\/cfajujol\/wp-json\/wp\/v2\/pages\/2130\/revisions\/2143"}],"up":[{"embeddable":true,"href":"https:\/\/agora.xtec.cat\/cfajujol\/wp-json\/wp\/v2\/pages\/286"}],"wp:attachment":[{"href":"https:\/\/agora.xtec.cat\/cfajujol\/wp-json\/wp\/v2\/media?parent=2130"}],"curies":[{"name":"wp","href":"https:\/\/api.w.org\/{rel}","templated":true}]}}