{"id":21,"date":"2014-09-17T16:14:14","date_gmt":"2014-09-17T16:14:14","guid":{"rendered":"http:\/\/agora.xtec.cat\/cfajujol\/\/?page_id=21"},"modified":"2026-03-19T11:02:08","modified_gmt":"2026-03-19T10:02:08","slug":"on-som","status":"publish","type":"page","link":"https:\/\/agora.xtec.cat\/cfajujol\/el-centre\/on-som\/","title":{"rendered":"On som"},"content":{"rendered":"<p style=\"color: #666666;\"><strong>CFA Arquitecte Jujol<\/strong><br \/>\nC\/ Tambor del Bruc, 2<br \/>\n08970 Sant Joan Desp\u00ed<\/p>\n<p style=\"color: #666666;\">Tel.\u00a0<span id=\"skype_c2c_container\" class=\"skype_c2c_container notranslate\" dir=\"ltr\" tabindex=\"-1\" data-numbertocall=\"+34933736758\" data-isfreecall=\"false\" data-isrtl=\"false\" data-ismobile=\"false\"><span class=\"skype_c2c_highlighting_inactive_common\" dir=\"ltr\"><span id=\"non_free_num_ui\" class=\"skype_c2c_textarea_span\"><img loading=\"lazy\" decoding=\"async\" class=\"skype_c2c_logo_img\" src=\"chrome-extension:\/\/lifbcibllhkdhoafpjfnlhfpfgnpldfl\/call_skype_logo.png\" alt=\"\" width=\"0\" height=\"0\" \/><span class=\"skype_c2c_text_span\">933 736 758<\/span><\/span><\/span><\/span> \u00a0<br \/>\ncfajujol@xtec.cat<\/p>\n<p><a title=\"On som\" href=\"https:\/\/www.google.es\/maps\/place\/CFA+Arquitecte+Jujol\/@41.366338,2.062691,17z\" target=\"_blank\"><iframe loading=\"lazy\" src=\"https:\/\/www.google.com\/maps\/embed?pb=!1m18!1m12!1m3!1d2994.3565319849304!2d2.0626910000000036!3d41.36633800000002!2m3!1f0!2f0!3f0!3m2!1i1024!2i768!4f13.1!3m3!1m2!1s0x12a49bde94fffe0d%3A0x54399186df37591a!2sCFA+Arquitecte+Jujol!5e0!3m2!1sca!2ses!4v1425554682372\" width=\"600\" height=\"450\" frameborder=\"0\" style=\"border:0\"><\/iframe><\/a><\/p>\n<p><strong>Com arribar-hi:<br \/>\n<\/strong><\/p>\n<ul>\n<p>\ud83d\ude86 Tren \/ En tren<\/p>\n<p>Renfe Cercan\u00edas: R1 i R4 (estaci\u00f3 Sant Joan Desp\u00ed)<\/p>\n<p>\ud83d\ude8c Autob\u00fas \/ En bus<\/p>\n<p>L\u00ednies principals: L46, L77, L78<\/p>\n<p>\ud83d\ude8b Tramvia \/ En tram<\/p>\n<p>Trambaix T1 i T2 (parades Bon Viatge o Centre Miquel Mart\u00ed i Pol)<\/p>\n<p>\ud83d\ude87 Metro \/ En metro<\/p>\n<p>L5 fins a Cornell\u00e0 Centre + combinaci\u00f3 amb bus o tram<\/p>\n<\/ul>\n","protected":false},"excerpt":{"rendered":"<p>CFA Arquitecte Jujol<br \/>\nC\/ Tambor del Bruc, 2<br \/>\n08970 Sant Joan Desp\u00ed<br \/>\nTel.\u00a0933 736 758 \u00a0<br \/>\ncfajujol@xtec.cat<br \/>\n<a title=\"On som\" href=\"https:\/\/www.google.es\/maps\/place\/CFA+Arquitecte+Jujol\/@41.366338,2.062691,17z\" target=\"_blank\"><\/a><br \/>\nCom arribar-hi:<\/p>\n<ul>\n\ud83d\ude86 Tren \/ En tren<br \/>\nRenfe Cercan\u00edas: R1 i R4 (estaci\u00f3 Sant Joan Desp\u00ed)<br \/>\n\ud83d\ude8c Autob\u00fas \/ En bus<br \/>\nL\u00ednies principals: L46, L77, L78<br \/>\n\ud83d\ude8b Tramvia \/ En tram<br \/>\nTrambaix T1 i T2&hellip;  <a href=\"https:\/\/agora.xtec.cat\/cfajujol\/el-centre\/on-som\/\" title=\"Read On som\">Llegeix m\u00e9s\u00bb<\/a><\/p>\n","protected":false},"author":1,"featured_media":0,"parent":261,"menu_order":10,"comment_status":"closed","ping_status":"closed","template":"page-templates\/side-menu.php","meta":{"_bbp_topic_count":0,"_bbp_reply_count":0,"_bbp_total_topic_count":0,"_bbp_total_reply_count":0,"_bbp_voice_count":0,"_bbp_anonymous_reply_count":0,"_bbp_topic_count_hidden":0,"_bbp_reply_count_hidden":0,"_bbp_forum_subforum_count":0,"footnotes":""},"class_list":["post-21","page","type-page","status-publish","hentry"],"post_mailing_queue_ids":[],"_links":{"self":[{"href":"https:\/\/agora.xtec.cat\/cfajujol\/wp-json\/wp\/v2\/pages\/21","targetHints":{"allow":["GET"]}}],"collection":[{"href":"https:\/\/agora.xtec.cat\/cfajujol\/wp-json\/wp\/v2\/pages"}],"about":[{"href":"https:\/\/agora.xtec.cat\/cfajujol\/wp-json\/wp\/v2\/types\/page"}],"author":[{"embeddable":true,"href":"https:\/\/agora.xtec.cat\/cfajujol\/wp-json\/wp\/v2\/users\/1"}],"replies":[{"embeddable":true,"href":"https:\/\/agora.xtec.cat\/cfajujol\/wp-json\/wp\/v2\/comments?post=21"}],"version-history":[{"count":5,"href":"https:\/\/agora.xtec.cat\/cfajujol\/wp-json\/wp\/v2\/pages\/21\/revisions"}],"predecessor-version":[{"id":2354,"href":"https:\/\/agora.xtec.cat\/cfajujol\/wp-json\/wp\/v2\/pages\/21\/revisions\/2354"}],"up":[{"embeddable":true,"href":"https:\/\/agora.xtec.cat\/cfajujol\/wp-json\/wp\/v2\/pages\/261"}],"wp:attachment":[{"href":"https:\/\/agora.xtec.cat\/cfajujol\/wp-json\/wp\/v2\/media?parent=21"}],"curies":[{"name":"wp","href":"https:\/\/api.w.org\/{rel}","templated":true}]}}