{"id":1924,"date":"2023-06-21T19:20:34","date_gmt":"2023-06-21T17:20:34","guid":{"rendered":"https:\/\/agora.xtec.cat\/cfajujol\/?page_id=1924"},"modified":"2026-03-09T19:22:17","modified_gmt":"2026-03-09T18:22:17","slug":"actic","status":"publish","type":"page","link":"https:\/\/agora.xtec.cat\/cfajujol\/actic\/","title":{"rendered":"COMPETIC i ACTIC"},"content":{"rendered":"<p>Al <strong>CFA Arquitecte Jujol<\/strong> fem els cursos de <strong>COMPETIC<\/strong> presencials i online i tamb\u00e9 som centre examinador i certificador <a href=\"https:\/\/actic.gencat.cat\/ca\/inici\/\">ACTIC<\/a><\/p>\n<p>El model d\u2019acreditaci\u00f3 de l&#8217;ACTIC es compon de 3 nivells de certificaci\u00f3:<\/p>\n<p><img loading=\"lazy\" decoding=\"async\" class=\" wp-image-1935 alignright\" src=\"https:\/\/agora.xtec.cat\/cfajujol\/wp-content\/uploads\/usu253\/2023\/06\/Inicio-300x151.png\" alt=\"\" width=\"465\" height=\"234\" srcset=\"https:\/\/agora.xtec.cat\/cfajujol\/wp-content\/uploads\/usu253\/2023\/06\/Inicio-300x151.png 300w, https:\/\/agora.xtec.cat\/cfajujol\/wp-content\/uploads\/usu253\/2023\/06\/Inicio-1024x515.png 1024w, https:\/\/agora.xtec.cat\/cfajujol\/wp-content\/uploads\/usu253\/2023\/06\/Inicio-768x386.png 768w, https:\/\/agora.xtec.cat\/cfajujol\/wp-content\/uploads\/usu253\/2023\/06\/Inicio.png 1195w\" sizes=\"auto, (max-width: 465px) 100vw, 465px\" \/><\/p>\n<ul>\n<li style=\"text-align: left;\">Nivell 1 \u2013 Certificat b\u00e0sic<\/li>\n<li style=\"text-align: left;\">Nivell 2 \u2013 Certificat mitj\u00e0<\/li>\n<li style=\"text-align: left;\">Nivell 3 \u2013 Certificat avan\u00e7at<\/li>\n<\/ul>\n<p>i els cursos de <strong>COMPETIC<\/strong> que fem al <strong>CFA Jujol<\/strong> s\u00f3n cursos que han estat declarats equivalents als de <strong>l\u2019ACTIC<\/strong>:<\/p>\n<p><strong>Els cursos COMPETIC 1, 2 i 3,<\/strong> s\u00f3n cursos de formaci\u00f3 en compet\u00e8ncies digitals que imparteixen les escoles de formaci\u00f3 de persones adultes (CFA) del Departament d\u2019Ensenyament. Les persones que segueixin un d\u2019aquests cursos i superin l\u2019avaluaci\u00f3 corresponent obtindran un certificat que oficialment es considerar\u00e0 equivalent als de l\u2019ACTIC en els termes i les condicions seg\u00fcents:<\/p>\n<ul>\n<li>El certificat <strong>COMPETIC<\/strong> 1 equival al certificat b\u00e0sic de <strong>l\u2019ACTIC.<\/strong><\/li>\n<li>El certificat <strong>COMPETIC<\/strong> 2 equival al certificat mitj\u00e0 de <strong>l\u2019ACTIC.<\/strong>\u00a0Permet inscriure\u2019s a un curs <strong>COMPETIC 3.<\/strong><\/li>\n<li>El certificat <strong>COMPETIC<\/strong> 3 equival al certificat avan\u00e7at de <strong>l\u2019ACTIC<\/strong> (sempre que hi constin dues compet\u00e8ncies aprovades com a m\u00ednim).<\/li>\n<li>El certificat <strong>COMPETIC<\/strong> 2 permetr\u00e0 presentar-se a la prova del nivell 3 de <strong>l\u2019ACTIC.<\/strong><\/li>\n<li>El certificat mitj\u00e0 de <strong>l\u2019ACTIC<\/strong> (i tamb\u00e9 el de <strong>UOC)<\/strong> permet inscriure\u2019s a un curs <strong>COMPETIC 3<\/strong><\/li>\n<\/ul>\n<p><strong>Al COMPETIC les compet\u00e8ncies que s\u2019hi treballen s\u00f3n les seg\u00fcents:<\/strong><\/p>\n<table style=\"width: 34.8581%; height: 280px;\" align=\"center\">\n<tbody>\n<tr style=\"height: 33px;\">\n<td style=\"height: 33px;\">C1: Cultura, participaci\u00f3 i civisme digital.<\/td>\n<\/tr>\n<tr style=\"height: 33px;\">\n<td style=\"height: 33px;\">C2: Tecnologia digital, \u00fas de l\u2019ordinador i del sistema operatiu.<\/td>\n<\/tr>\n<tr style=\"height: 33px;\">\n<td style=\"height: 33px;\">C3: Navegaci\u00f3 i comunicaci\u00f3 en el m\u00f3n digital.<\/td>\n<\/tr>\n<tr style=\"height: 33px;\">\n<td style=\"height: 33px;\">C4: Tractament de la informaci\u00f3 escrita.<\/td>\n<\/tr>\n<tr style=\"height: 49px;\">\n<td style=\"height: 49px;\">C5: Tractament de la informaci\u00f3 gr\u00e0fica, sonora i de la imatge en moviment.<\/td>\n<\/tr>\n<tr style=\"height: 33px;\">\n<td style=\"height: 33px;\">C6: Tractament de la informaci\u00f3 num\u00e8rica.<\/td>\n<\/tr>\n<tr style=\"height: 33px;\">\n<td style=\"height: 33px;\">C7: Tractament de les dades.<\/td>\n<\/tr>\n<tr style=\"height: 33px;\">\n<td style=\"height: 33px;\">C8: Presentaci\u00f3 de continguts.<\/td>\n<\/tr>\n<\/tbody>\n<\/table>\n<ul>\n<li><span style=\"font-family: inherit; font-size: 1em;\">En <strong>COMPETIC<\/strong> 1, veur\u00e0s de la C1 fins a la C6. Es un curs presencial de 105 h i es fa de setembre a juny (encara que si hi ha places es pot mirar de matricular-te m\u00e9s tard)<\/span><\/li>\n<li><img loading=\"lazy\" decoding=\"async\" class=\"wp-image-2318 size-medium alignright\" style=\"font-family: inherit; font-size: 1em;\" src=\"https:\/\/agora.xtec.cat\/cfajujol\/wp-content\/uploads\/usu253\/2026\/03\/Captura-de-pantalla-2026-03-04-200132-267x300.png\" alt=\"\" width=\"267\" height=\"300\" srcset=\"https:\/\/agora.xtec.cat\/cfajujol\/wp-content\/uploads\/usu253\/2026\/03\/Captura-de-pantalla-2026-03-04-200132-267x300.png 267w, https:\/\/agora.xtec.cat\/cfajujol\/wp-content\/uploads\/usu253\/2026\/03\/Captura-de-pantalla-2026-03-04-200132.png 519w\" sizes=\"auto, (max-width: 267px) 100vw, 267px\" \/>En <strong>COMPETIC<\/strong> 2, veur\u00e0s de la C1 fins a la C8. <span style=\"font-family: inherit; font-size: 1em;\">Es un curs presencial de 140 h i es fa de setembre a juny (encara que si hi ha places es pot mirar de matricular-te m\u00e9s tard)<\/span><\/li>\n<li><span style=\"font-family: inherit; font-size: 1em;\">En <strong>COMPETIC<\/strong> 3, et podr\u00e0s especialitzar en 2 (m\u00ednim per a obtenir el certificat) o m\u00e9s de les compet\u00e8ncies,\u00a0 des de la C4 fins la C8 (Al <strong>CFA Arquitecte Jujol<\/strong> es fan totes les compet\u00e8ncies del <strong>COMPETIC3).<\/strong> Es un curs semipresencial de 35h cada compet\u00e8ncia i et pots matricular durant fins l&#8217;abril.<\/span><\/li>\n<\/ul>\n<p><strong>Si tens dubtes:<\/strong><\/p>\n<ul>\n<li>sobre els cursos de <strong>COMPETIC<\/strong><\/li>\n<li>sobre l&#8217;examen o els nivells de <strong>l&#8217;ACTIC<\/strong><\/li>\n<li>o si no trobes cita al cercador del web de <strong>l&#8217;ACTIC<\/strong> pel nostre centre<\/li>\n<\/ul>\n<p><strong>Posa&#8217;t en contacte amb nosaltres a l&#8217;adre\u00e7a de correu cfajujol<span class=\"\">@xtec.ca<\/span>t o truca al centre al 93 373 67 58 i demana cita pr\u00e8via.<\/strong><\/p>\n","protected":false},"excerpt":{"rendered":"<p>Al CFA Arquitecte Jujol fem els cursos de COMPETIC presencials i online i tamb\u00e9 som centre examinador i certificador <a href=\"https:\/\/actic.gencat.cat\/ca\/inici\/\">ACTIC<\/a><br \/>\nEl model d\u2019acreditaci\u00f3 de l&#8217;ACTIC es compon de 3 nivells de certificaci\u00f3:<\/p>\n<ul>\n<li style=\"text-align: left;\">Nivell 1 \u2013 Certificat b\u00e0sic<\/li>\n<li style=\"text-align: left;\">Nivell 2 \u2013 Certificat mitj\u00e0<\/li>\n<li style=\"text-align:&hellip;  <a href=\"https:\/\/agora.xtec.cat\/cfajujol\/actic\/\" title=\"Read COMPETIC i ACTIC\">Llegeix m\u00e9s\u00bb<\/a><br \/>\n","protected":false},"author":1,"featured_media":0,"parent":0,"menu_order":0,"comment_status":"closed","ping_status":"closed","template":"","meta":{"_bbp_topic_count":0,"_bbp_reply_count":0,"_bbp_total_topic_count":0,"_bbp_total_reply_count":0,"_bbp_voice_count":0,"_bbp_anonymous_reply_count":0,"_bbp_topic_count_hidden":0,"_bbp_reply_count_hidden":0,"_bbp_forum_subforum_count":0,"footnotes":""},"class_list":["post-1924","page","type-page","status-publish","hentry"],"post_mailing_queue_ids":[],"_links":{"self":[{"href":"https:\/\/agora.xtec.cat\/cfajujol\/wp-json\/wp\/v2\/pages\/1924","targetHints":{"allow":["GET"]}}],"collection":[{"href":"https:\/\/agora.xtec.cat\/cfajujol\/wp-json\/wp\/v2\/pages"}],"about":[{"href":"https:\/\/agora.xtec.cat\/cfajujol\/wp-json\/wp\/v2\/types\/page"}],"author":[{"embeddable":true,"href":"https:\/\/agora.xtec.cat\/cfajujol\/wp-json\/wp\/v2\/users\/1"}],"replies":[{"embeddable":true,"href":"https:\/\/agora.xtec.cat\/cfajujol\/wp-json\/wp\/v2\/comments?post=1924"}],"version-history":[{"count":6,"href":"https:\/\/agora.xtec.cat\/cfajujol\/wp-json\/wp\/v2\/pages\/1924\/revisions"}],"predecessor-version":[{"id":2240,"href":"https:\/\/agora.xtec.cat\/cfajujol\/wp-json\/wp\/v2\/pages\/1924\/revisions\/2240"}],"wp:attachment":[{"href":"https:\/\/agora.xtec.cat\/cfajujol\/wp-json\/wp\/v2\/media?parent=1924"}],"curies":[{"name":"wp","href":"https:\/\/api.w.org\/{rel}","templated":true}]}}