{"id":57,"date":"2014-09-17T17:01:07","date_gmt":"2014-09-17T17:01:07","guid":{"rendered":"http:\/\/agora.xtec.cat\/cfajosepamassanes\/?page_id=57"},"modified":"2026-02-25T12:17:35","modified_gmt":"2026-02-25T11:17:35","slug":"projecte-educatiu","status":"publish","type":"page","link":"https:\/\/agora.xtec.cat\/cfajosepamassanes\/projecte-educatiu\/","title":{"rendered":"Projectes i activitats"},"content":{"rendered":"<ul>\n<li><strong>Participaci\u00f3 en el programa d&#8217;innovaci\u00f3 i en les formacions de <a href=\"https:\/\/projectes.xtec.cat\/xarxadults\/iniciatives-pedagogiques\/programes\/lart-de-parlar\/\">L&#8217;Art de Parlar<\/a> (2019-2023)<\/strong><\/li>\n<\/ul>\n<p><a href=\"https:\/\/projectes.xtec.cat\/xarxadults\/iniciatives-pedagogiques\/programes\/lart-de-parlar\/\"><img loading=\"lazy\" decoding=\"async\" class=\"alignnone size-large\" src=\"https:\/\/i.ibb.co\/djFCwns\/Bot-web-onclick.jpg\" width=\"369\" height=\"146\" \/><\/a><\/p>\n<p>Not\u00edcies relacionades: <a href=\"https:\/\/agora.xtec.cat\/cfajosepamassanes\/tag\/lap\/\">llegir-ne-m\u00e9s<\/a>.<\/p>\n<ul>\n<li><strong>XXVII edici\u00f3 del programa <em><a href=\"https:\/\/xtec.gencat.cat\/ca\/projectes\/lectura\/gustperlalectura\/\">El gust per la lectura<\/a>.<\/em><\/strong><\/li>\n<\/ul>\n<p><a href=\"https:\/\/agora.xtec.cat\/cfajosepamassanes\/wp-content\/uploads\/usu84\/2022\/05\/2022_som_finalistes_petit-noulogo.png\"><img loading=\"lazy\" decoding=\"async\" class=\"alignnone size-medium wp-image-1140\" src=\"https:\/\/agora.xtec.cat\/cfajosepamassanes\/wp-content\/uploads\/usu84\/2022\/05\/2022_som_finalistes_petit-noulogo-300x300.png\" alt=\"\" width=\"300\" height=\"300\" srcset=\"https:\/\/agora.xtec.cat\/cfajosepamassanes\/wp-content\/uploads\/usu84\/2022\/05\/2022_som_finalistes_petit-noulogo-300x300.png 300w, https:\/\/agora.xtec.cat\/cfajosepamassanes\/wp-content\/uploads\/usu84\/2022\/05\/2022_som_finalistes_petit-noulogo-150x150.png 150w, https:\/\/agora.xtec.cat\/cfajosepamassanes\/wp-content\/uploads\/usu84\/2022\/05\/2022_som_finalistes_petit-noulogo.png 375w\" sizes=\"auto, (max-width: 300px) 100vw, 300px\" \/><\/a><a href=\"https:\/\/agora.xtec.cat\/cfajosepamassanes\/general\/la-veina-dispara\/\"><img loading=\"lazy\" decoding=\"async\" class=\"alignnone size-medium wp-image-985\" src=\"https:\/\/agora.xtec.cat\/cfajosepamassanes\/wp-content\/uploads\/usu84\/2022\/02\/2022_hi_participem_petit-noulogo-300x300.png\" alt=\"\" width=\"300\" height=\"300\" \/><\/a><\/p>\n<p>Not\u00edcies relacionades: <a href=\"https:\/\/agora.xtec.cat\/cfajosepamassanes\/tag\/el-gust-per-la-lectura\/\">Llegir-ne m\u00e9s<\/a>.<\/p>\n<ul>\n<li><strong>PROMOTING ENGLISH AS MEANS OF COMMUNICATION IN EUROPEANADULT EDUCATION<\/strong><\/li>\n<\/ul>\n<p><a href=\"https:\/\/agora.xtec.cat\/cfajosepamassanes\/wp-content\/uploads\/usu84\/2026\/02\/pemceae.jpg\"><img loading=\"lazy\" decoding=\"async\" class=\"alignnone wp-image-2153 size-medium\" src=\"https:\/\/agora.xtec.cat\/cfajosepamassanes\/wp-content\/uploads\/usu84\/2026\/02\/pemceae-300x263.jpg\" alt=\"\" width=\"300\" height=\"263\" srcset=\"https:\/\/agora.xtec.cat\/cfajosepamassanes\/wp-content\/uploads\/usu84\/2026\/02\/pemceae-300x263.jpg 300w, https:\/\/agora.xtec.cat\/cfajosepamassanes\/wp-content\/uploads\/usu84\/2026\/02\/pemceae-1024x899.jpg 1024w, https:\/\/agora.xtec.cat\/cfajosepamassanes\/wp-content\/uploads\/usu84\/2026\/02\/pemceae-768x674.jpg 768w, https:\/\/agora.xtec.cat\/cfajosepamassanes\/wp-content\/uploads\/usu84\/2026\/02\/pemceae-1536x1348.jpg 1536w, https:\/\/agora.xtec.cat\/cfajosepamassanes\/wp-content\/uploads\/usu84\/2026\/02\/pemceae.jpg 1600w\" sizes=\"auto, (max-width: 300px) 100vw, 300px\" \/><\/a><\/p>\n<p>El nostre centre va ser coordinador d&#8217;un projecte GRUNDTIVIG (2013-2015) en qu\u00e8 es van analitzar i renovar metodologies de l&#8217;ensenyament d&#8217;angl\u00e8s per adults en diferents llocs d&#8217;Europa. M\u00e9s informaci\u00f3 a <a href=\"http:\/\/pemceae.blogspot.com.es\/\" target=\"_blank\" rel=\"noopener\">http:\/\/pemceae.blogspot.com.es\/<\/a><\/p>\n","protected":false},"excerpt":{"rendered":"<p>Participaci\u00f3 en el programa d&#8217;innovaci\u00f3 i en les formacions de L&#8217;Art de Parlar (2019-2023) Not\u00edcies relacionades: llegir-ne-m\u00e9s. XXVII edici\u00f3 del programa El gust per la lectura. Not\u00edcies relacionades: Llegir-ne m\u00e9s. PROMOTING ENGLISH AS MEANS OF COMMUNICATION IN EUROPEANADULT EDUCATION El nostre centre va ser coordinador d&#8217;un projecte GRUNDTIVIG (2013-2015) en qu\u00e8 es van analitzar i [&hellip;]<\/p>\n","protected":false},"author":1,"featured_media":0,"parent":0,"menu_order":0,"comment_status":"closed","ping_status":"closed","template":"","meta":{"_bbp_topic_count":0,"_bbp_reply_count":0,"_bbp_total_topic_count":0,"_bbp_total_reply_count":0,"_bbp_voice_count":0,"_bbp_anonymous_reply_count":0,"_bbp_topic_count_hidden":0,"_bbp_reply_count_hidden":0,"_bbp_forum_subforum_count":0,"site-sidebar-layout":"default","site-content-layout":"","ast-site-content-layout":"default","site-content-style":"default","site-sidebar-style":"default","ast-global-header-display":"","ast-banner-title-visibility":"","ast-main-header-display":"","ast-hfb-above-header-display":"","ast-hfb-below-header-display":"","ast-hfb-mobile-header-display":"","site-post-title":"","ast-breadcrumbs-content":"","ast-featured-img":"","footer-sml-layout":"","theme-transparent-header-meta":"default","adv-header-id-meta":"","stick-header-meta":"","header-above-stick-meta":"","header-main-stick-meta":"","header-below-stick-meta":"","astra-migrate-meta-layouts":"set","ast-page-background-enabled":"default","ast-page-background-meta":{"desktop":{"background-color":"var(--ast-global-color-4)","background-image":"","background-repeat":"repeat","background-position":"center center","background-size":"auto","background-attachment":"scroll","background-type":"","background-media":"","overlay-type":"","overlay-color":"","overlay-opacity":"","overlay-gradient":""},"tablet":{"background-color":"","background-image":"","background-repeat":"repeat","background-position":"center center","background-size":"auto","background-attachment":"scroll","background-type":"","background-media":"","overlay-type":"","overlay-color":"","overlay-opacity":"","overlay-gradient":""},"mobile":{"background-color":"","background-image":"","background-repeat":"repeat","background-position":"center center","background-size":"auto","background-attachment":"scroll","background-type":"","background-media":"","overlay-type":"","overlay-color":"","overlay-opacity":"","overlay-gradient":""}},"ast-content-background-meta":{"desktop":{"background-color":"var(--ast-global-color-5)","background-image":"","background-repeat":"repeat","background-position":"center center","background-size":"auto","background-attachment":"scroll","background-type":"","background-media":"","overlay-type":"","overlay-color":"","overlay-opacity":"","overlay-gradient":""},"tablet":{"background-color":"var(--ast-global-color-5)","background-image":"","background-repeat":"repeat","background-position":"center center","background-size":"auto","background-attachment":"scroll","background-type":"","background-media":"","overlay-type":"","overlay-color":"","overlay-opacity":"","overlay-gradient":""},"mobile":{"background-color":"var(--ast-global-color-5)","background-image":"","background-repeat":"repeat","background-position":"center center","background-size":"auto","background-attachment":"scroll","background-type":"","background-media":"","overlay-type":"","overlay-color":"","overlay-opacity":"","overlay-gradient":""}},"footnotes":""},"class_list":["post-57","page","type-page","status-publish","hentry"],"post_mailing_queue_ids":[],"_links":{"self":[{"href":"https:\/\/agora.xtec.cat\/cfajosepamassanes\/wp-json\/wp\/v2\/pages\/57","targetHints":{"allow":["GET"]}}],"collection":[{"href":"https:\/\/agora.xtec.cat\/cfajosepamassanes\/wp-json\/wp\/v2\/pages"}],"about":[{"href":"https:\/\/agora.xtec.cat\/cfajosepamassanes\/wp-json\/wp\/v2\/types\/page"}],"author":[{"embeddable":true,"href":"https:\/\/agora.xtec.cat\/cfajosepamassanes\/wp-json\/wp\/v2\/users\/1"}],"replies":[{"embeddable":true,"href":"https:\/\/agora.xtec.cat\/cfajosepamassanes\/wp-json\/wp\/v2\/comments?post=57"}],"version-history":[{"count":6,"href":"https:\/\/agora.xtec.cat\/cfajosepamassanes\/wp-json\/wp\/v2\/pages\/57\/revisions"}],"predecessor-version":[{"id":2154,"href":"https:\/\/agora.xtec.cat\/cfajosepamassanes\/wp-json\/wp\/v2\/pages\/57\/revisions\/2154"}],"wp:attachment":[{"href":"https:\/\/agora.xtec.cat\/cfajosepamassanes\/wp-json\/wp\/v2\/media?parent=57"}],"curies":[{"name":"wp","href":"https:\/\/api.w.org\/{rel}","templated":true}]}}