{"id":322,"date":"2015-01-28T11:36:17","date_gmt":"2015-01-28T10:36:17","guid":{"rendered":"http:\/\/agora.xtec.cat\/cfajosepamassanes\/?page_id=322"},"modified":"2025-05-21T09:32:35","modified_gmt":"2025-05-21T07:32:35","slug":"a-la-universitat-per-a-majors-de-25-anys","status":"publish","type":"page","link":"https:\/\/agora.xtec.cat\/cfajosepamassanes\/ensenyaments\/ensenyaments-per-a-la-preparacio-de-proves-dacces\/a-la-universitat-per-a-majors-de-25-anys\/","title":{"rendered":"A la universitat per a majors de 25 anys"},"content":{"rendered":"<h4>Qui es pot matricular?<\/h4>\n<p><strong>Majors de 25<\/strong><\/p>\n<ul>\n<li style=\"list-style-type: none;\">\n<ul>\n<li>Poden accedir a aquests estudis les persones m\u00e9s grans de 25 anys o que els compleixin l\u2019any natural en qu\u00e8 es realitza la prova.<\/li>\n<li>Les persones que hi volen accedir <strong>no<\/strong> han de <strong>tenir superades les PAU<\/strong> (o equivalent), <strong>no<\/strong> han d\u2019estar en possessi\u00f3 d\u2019un <strong>t\u00edtol de t\u00e8cnic superior de formaci\u00f3 professional<\/strong>, d\u2019arts pl\u00e0stiques i disseny o d\u2019esports (o equivalent<strong>), ni tenir cap titulaci\u00f3 universit\u00e0ria<\/strong>.<\/li>\n<\/ul>\n<\/li>\n<\/ul>\n<p><strong>Majors de 45 anys<\/strong><\/p>\n<ul>\n<li style=\"list-style-type: none;\">\n<ul>\n<li>Poden accedir a aquests estudis les persones m\u00e9s grans de 45 anys o que els compleixin l\u2019any natural en qu\u00e8 es realitza la prova.<\/li>\n<li>Les persones que hi volen accedir <strong>no<\/strong> han de <strong>tenir superades les PAU<\/strong> (o equivalent), <strong>no<\/strong> han d\u2019estar en possessi\u00f3 d\u2019un <strong>t\u00edtol de t\u00e8cnic superior de formaci\u00f3 professional<\/strong>, d\u2019arts pl\u00e0stiques i disseny o d\u2019esports (o equivalent<strong>), ni tenir cap titulaci\u00f3 universit\u00e0ria<\/strong>.<\/li>\n<li>Aquests alumnes <strong style=\"font-family: inherit; font-size: 1em;\">nom\u00e9s<\/strong><span style=\"font-family: inherit; font-size: 1em;\"> hauran de cursar i examinar-se de les seg\u00fcents <\/span><strong style=\"font-family: inherit; font-size: 1em;\">tres<\/strong><span style=\"font-family: inherit; font-size: 1em;\"> mat\u00e8ries de la <\/span><strong style=\"font-family: inherit; font-size: 1em;\">fase general<\/strong><span style=\"font-family: inherit; font-size: 1em;\">:<\/span><\/li>\n<\/ul>\n<\/li>\n<\/ul>\n<ul>\n<li style=\"list-style-type: none;\">\n<ul>\n<li style=\"list-style-type: none;\">\n<ul>\n<li>Comentari de text<\/li>\n<li>Llengua catalana<\/li>\n<li>Llengua castellana<\/li>\n<\/ul>\n<\/li>\n<\/ul>\n<\/li>\n<\/ul>\n<h4><\/h4>\n<h4>Horaris<\/h4>\n<p>El curs 2025-2026 oferirem un <strong>grup de mat\u00ed<\/strong>. Aquests cursos s\u2019impartiran al Complex educatiu del Tarragon\u00e8s (antiga Universitat Laboral), els tr\u00e0mits de preinscripci\u00f3, matr\u00edcula i la resta de tr\u00e0mits administratius s\u2019efectuaran a la <a href=\"https:\/\/agora.xtec.cat\/cfajosepamassanes\/el-centre\/on-som\/\" target=\"_blank\" rel=\"noopener\">seu del CFA Josepa Massan\u00e9s i Dalmau<\/a>.<\/p>\n<p>&nbsp;<\/p>\n<h4>Mat\u00e8ries<\/h4>\n<p><strong>\u2192 4 <\/strong><strong>mat\u00e8ries de la fase general<\/strong><\/p>\n<ul>\n<li>Comentari de text<\/li>\n<li>Llengua catalana<\/li>\n<li>Llengua castellana<\/li>\n<li>Llengua estrangera (angl\u00e8s)<\/li>\n<\/ul>\n<p>&nbsp;<\/p>\n<p><strong>\u2192 2 mat\u00e8ries de la fase espec\u00edfica<\/strong><\/p>\n<p>L\u2019alumne ha d\u2019escollir <strong>dues mat\u00e8ries<\/strong> relacionades amb una de les branques de coneixement, entorn de les quals s\u2019organitzen els t\u00edtols universitaris de grau:<\/p>\n<ul>\n<li><em>Arts i humanitats<\/em><em>: <\/em><strong>Geografia, Hist\u00f2ria contempor\u00e0nia, <\/strong>Hist\u00f2ria de l&#8217;art , Literatura, Filosofia<\/li>\n<li><em>Ci\u00e8ncies<\/em><em>: <\/em><strong>Biologia, Qu\u00edmica, <\/strong>Matem\u00e0tiques, F\u00edsica, Estad\u00edstica<\/li>\n<li><em>Ci\u00e8ncies de la salut<\/em><em>: <\/em><strong>Biologia, Qu\u00edmica, <\/strong>Matem\u00e0tiques, F\u00edsica, Estad\u00edstica<\/li>\n<li><em>Ci\u00e8ncies socials i jur\u00eddiques<\/em><em>: <\/em><strong>Geografia, Hist\u00f2ria contempor\u00e0nia, <\/strong>Matem\u00e0tiques, Economia de l&#8217;empresa, Estad\u00edstica<\/li>\n<li><em>Enginyeria i arquitectura<\/em><em>: <\/em><strong>Qu\u00edmica<\/strong>, Dibuix t\u00e8cnic, Economia de l\u2019empresa, F\u00edsica, Matem\u00e0tiques<\/li>\n<\/ul>\n<p>(En negreta les mat\u00e8ries que ofereix el centre de cada una de les branques)<\/p>\n<p>&nbsp;<\/p>\n<p>&nbsp;<\/p>\n<p>Mes informaci\u00f3 a la\u00a0<a href=\"https:\/\/projectes.xtec.cat\/xarxadults\/ensenyaments\/preparacio-per-a-les-proves-dacces-i-cam\/preparacio-proves-acces-universitat\/\" target=\"_blank\" rel=\"noopener\">web del Servei d\u2019educaci\u00f3 al llarg de la vida<\/a>.<\/p>\n<p>&nbsp;<\/p>\n","protected":false},"excerpt":{"rendered":"<p>Qui es pot matricular? Majors de 25 Poden accedir a aquests estudis les persones m\u00e9s grans de 25 anys o que els compleixin l\u2019any natural en qu\u00e8 es realitza la prova. Les persones que hi volen accedir no han de tenir superades les PAU (o equivalent), no han d\u2019estar en possessi\u00f3 d\u2019un t\u00edtol de t\u00e8cnic [&hellip;]<\/p>\n","protected":false},"author":1,"featured_media":0,"parent":288,"menu_order":0,"comment_status":"closed","ping_status":"closed","template":"page-templates\/side-menu.php","meta":{"_bbp_topic_count":0,"_bbp_reply_count":0,"_bbp_total_topic_count":0,"_bbp_total_reply_count":0,"_bbp_voice_count":0,"_bbp_anonymous_reply_count":0,"_bbp_topic_count_hidden":0,"_bbp_reply_count_hidden":0,"_bbp_forum_subforum_count":0,"site-sidebar-layout":"default","site-content-layout":"","ast-site-content-layout":"","site-content-style":"default","site-sidebar-style":"default","ast-global-header-display":"","ast-banner-title-visibility":"","ast-main-header-display":"","ast-hfb-above-header-display":"","ast-hfb-below-header-display":"","ast-hfb-mobile-header-display":"","site-post-title":"","ast-breadcrumbs-content":"","ast-featured-img":"","footer-sml-layout":"","theme-transparent-header-meta":"","adv-header-id-meta":"","stick-header-meta":"","header-above-stick-meta":"","header-main-stick-meta":"","header-below-stick-meta":"","astra-migrate-meta-layouts":"default","ast-page-background-enabled":"default","ast-page-background-meta":{"desktop":{"background-color":"var(--ast-global-color-4)","background-image":"","background-repeat":"repeat","background-position":"center center","background-size":"auto","background-attachment":"scroll","background-type":"","background-media":"","overlay-type":"","overlay-color":"","overlay-opacity":"","overlay-gradient":""},"tablet":{"background-color":"","background-image":"","background-repeat":"repeat","background-position":"center center","background-size":"auto","background-attachment":"scroll","background-type":"","background-media":"","overlay-type":"","overlay-color":"","overlay-opacity":"","overlay-gradient":""},"mobile":{"background-color":"","background-image":"","background-repeat":"repeat","background-position":"center center","background-size":"auto","background-attachment":"scroll","background-type":"","background-media":"","overlay-type":"","overlay-color":"","overlay-opacity":"","overlay-gradient":""}},"ast-content-background-meta":{"desktop":{"background-color":"var(--ast-global-color-5)","background-image":"","background-repeat":"repeat","background-position":"center center","background-size":"auto","background-attachment":"scroll","background-type":"","background-media":"","overlay-type":"","overlay-color":"","overlay-opacity":"","overlay-gradient":""},"tablet":{"background-color":"var(--ast-global-color-5)","background-image":"","background-repeat":"repeat","background-position":"center center","background-size":"auto","background-attachment":"scroll","background-type":"","background-media":"","overlay-type":"","overlay-color":"","overlay-opacity":"","overlay-gradient":""},"mobile":{"background-color":"var(--ast-global-color-5)","background-image":"","background-repeat":"repeat","background-position":"center center","background-size":"auto","background-attachment":"scroll","background-type":"","background-media":"","overlay-type":"","overlay-color":"","overlay-opacity":"","overlay-gradient":""}},"footnotes":""},"class_list":["post-322","page","type-page","status-publish","hentry"],"post_mailing_queue_ids":[],"_links":{"self":[{"href":"https:\/\/agora.xtec.cat\/cfajosepamassanes\/wp-json\/wp\/v2\/pages\/322","targetHints":{"allow":["GET"]}}],"collection":[{"href":"https:\/\/agora.xtec.cat\/cfajosepamassanes\/wp-json\/wp\/v2\/pages"}],"about":[{"href":"https:\/\/agora.xtec.cat\/cfajosepamassanes\/wp-json\/wp\/v2\/types\/page"}],"author":[{"embeddable":true,"href":"https:\/\/agora.xtec.cat\/cfajosepamassanes\/wp-json\/wp\/v2\/users\/1"}],"replies":[{"embeddable":true,"href":"https:\/\/agora.xtec.cat\/cfajosepamassanes\/wp-json\/wp\/v2\/comments?post=322"}],"version-history":[{"count":6,"href":"https:\/\/agora.xtec.cat\/cfajosepamassanes\/wp-json\/wp\/v2\/pages\/322\/revisions"}],"predecessor-version":[{"id":1893,"href":"https:\/\/agora.xtec.cat\/cfajosepamassanes\/wp-json\/wp\/v2\/pages\/322\/revisions\/1893"}],"up":[{"embeddable":true,"href":"https:\/\/agora.xtec.cat\/cfajosepamassanes\/wp-json\/wp\/v2\/pages\/288"}],"wp:attachment":[{"href":"https:\/\/agora.xtec.cat\/cfajosepamassanes\/wp-json\/wp\/v2\/media?parent=322"}],"curies":[{"name":"wp","href":"https:\/\/api.w.org\/{rel}","templated":true}]}}