{"id":320,"date":"2015-01-28T11:35:13","date_gmt":"2015-01-28T10:35:13","guid":{"rendered":"http:\/\/agora.xtec.cat\/cfajosepamassanes\/?page_id=320"},"modified":"2025-05-21T09:49:38","modified_gmt":"2025-05-21T07:49:38","slug":"a-cicles-formatius-de-grau-superior","status":"publish","type":"page","link":"https:\/\/agora.xtec.cat\/cfajosepamassanes\/ensenyaments\/ensenyaments-per-a-la-preparacio-de-proves-dacces\/a-cicles-formatius-de-grau-superior\/","title":{"rendered":"Proves d&#8217;acc\u00e9s a cicles formatius de grau superior"},"content":{"rendered":"<p>Aquests estudis preparen per presentar-se a les proves d&#8217;acc\u00e9s als cicles de grau superior de formaci\u00f3 professional. L&#8217;alumnat pot preparar la part comuna de la prova, la part espec\u00edfica, o totes dues.<\/p>\n<p>La qualificaci\u00f3 que s&#8217;obt\u00e9 en aquesta formaci\u00f3 es multiplica pel coeficient 0,20 i se suma a la nota de la prova d&#8217;acc\u00e9s.<\/p>\n<p>&nbsp;<\/p>\n<h4>Qui es pot matricular?<\/h4>\n<p>Per poder fer la prova d&#8217;acc\u00e9s cal tenir <b>19 anys i no tenir cap altra titulaci\u00f3 que doni l&#8217;acc\u00e9s a CFGS<\/b><\/p>\n<p>&nbsp;<\/p>\n<h4>Horaris<\/h4>\n<p>El curs 2025-2026 oferirem un grup de mat\u00ed i un de tarda. Aquests cursos s&#8217;impartiran al Complex educatiu del Tarragon\u00e8s (antiga Universitat Laboral), els tr\u00e0mits de preinscripci\u00f3, matr\u00edcula i la resta de tr\u00e0mits administratius s&#8217;efectuaran a la <a href=\"https:\/\/agora.xtec.cat\/cfajosepamassanes\/el-centre\/on-som\/\" target=\"_blank\" rel=\"noopener\">seu del CFA Josepa Massan\u00e9s i Dalmau<\/a>.<\/p>\n<p>&nbsp;<\/p>\n<h4>Mat\u00e8ries<\/h4>\n<p><b>Part comuna<\/b><\/p>\n<ul>\n<li>\u00a0\u00a0\u00a0\u00a0\u00a0\u00a0Llengua catalana<\/li>\n<li>\u00a0\u00a0\u00a0\u00a0\u00a0\u00a0Llengua castellana<\/li>\n<li>\u00a0\u00a0\u00a0\u00a0\u00a0\u00a0Llengua estrangera (angl\u00e8s)<\/li>\n<li>\u00a0\u00a0\u00a0\u00a0\u00a0\u00a0Matem\u00e0tiques<\/li>\n<\/ul>\n<p><b> Part espec\u00edfica<\/b><\/p>\n<p>Les optatives que s&#8217;ofereixen <strong>presencialment<\/strong> s\u00f3n:<\/p>\n<table style=\"width: 51.8813%;\">\n<tbody>\n<tr>\n<td style=\"width: 20.4157%;\"><b>Opci\u00f3 A<\/b><\/td>\n<td style=\"width: 34.8497%;\"><b>Opci\u00f3 B<\/b><\/td>\n<td style=\"width: 110.546%;\"><b>Opci\u00f3 C i D<\/b><\/td>\n<\/tr>\n<tr>\n<td style=\"width: 20.4157%;\">&#8211;<\/td>\n<td style=\"width: 34.8497%;\">Biologia<\/td>\n<td style=\"width: 110.546%;\">Geografia<\/td>\n<\/tr>\n<tr>\n<td style=\"width: 20.4157%;\">&#8211;<\/td>\n<td style=\"width: 34.8497%;\">Qu\u00edmica<\/td>\n<td style=\"width: 110.546%;\">Psicologia i sociologia<\/td>\n<\/tr>\n<\/tbody>\n<\/table>\n<p>La resta d&#8217;espec\u00edfiques es poden cursar a trav\u00e9s de l&#8217;IOC, us orientarem de com fer-ho.<\/p>\n<p>Mes informaci\u00f3 a la <a href=\"https:\/\/projectes.xtec.cat\/xarxadults\/ensenyaments\/preparacio-per-a-les-proves-dacces-i-cam\/preparacio-proves-acces-cicles-formatius-grau-superior\/\" target=\"_blank\" rel=\"noopener\">web del Servei d&#8217;educaci\u00f3 al llarg de la vida<\/a>.<\/p>\n","protected":false},"excerpt":{"rendered":"<p>Aquests estudis preparen per presentar-se a les proves d&#8217;acc\u00e9s als cicles de grau superior de formaci\u00f3 professional. L&#8217;alumnat pot preparar la part comuna de la prova, la part espec\u00edfica, o totes dues. La qualificaci\u00f3 que s&#8217;obt\u00e9 en aquesta formaci\u00f3 es multiplica pel coeficient 0,20 i se suma a la nota de la prova d&#8217;acc\u00e9s. &nbsp; [&hellip;]<\/p>\n","protected":false},"author":1,"featured_media":0,"parent":288,"menu_order":0,"comment_status":"closed","ping_status":"closed","template":"page-templates\/side-menu.php","meta":{"_bbp_topic_count":0,"_bbp_reply_count":0,"_bbp_total_topic_count":0,"_bbp_total_reply_count":0,"_bbp_voice_count":0,"_bbp_anonymous_reply_count":0,"_bbp_topic_count_hidden":0,"_bbp_reply_count_hidden":0,"_bbp_forum_subforum_count":0,"site-sidebar-layout":"default","site-content-layout":"","ast-site-content-layout":"","site-content-style":"default","site-sidebar-style":"default","ast-global-header-display":"","ast-banner-title-visibility":"","ast-main-header-display":"","ast-hfb-above-header-display":"","ast-hfb-below-header-display":"","ast-hfb-mobile-header-display":"","site-post-title":"","ast-breadcrumbs-content":"","ast-featured-img":"","footer-sml-layout":"","theme-transparent-header-meta":"","adv-header-id-meta":"","stick-header-meta":"","header-above-stick-meta":"","header-main-stick-meta":"","header-below-stick-meta":"","astra-migrate-meta-layouts":"default","ast-page-background-enabled":"default","ast-page-background-meta":{"desktop":{"background-color":"var(--ast-global-color-4)","background-image":"","background-repeat":"repeat","background-position":"center center","background-size":"auto","background-attachment":"scroll","background-type":"","background-media":"","overlay-type":"","overlay-color":"","overlay-opacity":"","overlay-gradient":""},"tablet":{"background-color":"","background-image":"","background-repeat":"repeat","background-position":"center center","background-size":"auto","background-attachment":"scroll","background-type":"","background-media":"","overlay-type":"","overlay-color":"","overlay-opacity":"","overlay-gradient":""},"mobile":{"background-color":"","background-image":"","background-repeat":"repeat","background-position":"center center","background-size":"auto","background-attachment":"scroll","background-type":"","background-media":"","overlay-type":"","overlay-color":"","overlay-opacity":"","overlay-gradient":""}},"ast-content-background-meta":{"desktop":{"background-color":"var(--ast-global-color-5)","background-image":"","background-repeat":"repeat","background-position":"center center","background-size":"auto","background-attachment":"scroll","background-type":"","background-media":"","overlay-type":"","overlay-color":"","overlay-opacity":"","overlay-gradient":""},"tablet":{"background-color":"var(--ast-global-color-5)","background-image":"","background-repeat":"repeat","background-position":"center center","background-size":"auto","background-attachment":"scroll","background-type":"","background-media":"","overlay-type":"","overlay-color":"","overlay-opacity":"","overlay-gradient":""},"mobile":{"background-color":"var(--ast-global-color-5)","background-image":"","background-repeat":"repeat","background-position":"center center","background-size":"auto","background-attachment":"scroll","background-type":"","background-media":"","overlay-type":"","overlay-color":"","overlay-opacity":"","overlay-gradient":""}},"footnotes":""},"class_list":["post-320","page","type-page","status-publish","hentry"],"post_mailing_queue_ids":[],"_links":{"self":[{"href":"https:\/\/agora.xtec.cat\/cfajosepamassanes\/wp-json\/wp\/v2\/pages\/320","targetHints":{"allow":["GET"]}}],"collection":[{"href":"https:\/\/agora.xtec.cat\/cfajosepamassanes\/wp-json\/wp\/v2\/pages"}],"about":[{"href":"https:\/\/agora.xtec.cat\/cfajosepamassanes\/wp-json\/wp\/v2\/types\/page"}],"author":[{"embeddable":true,"href":"https:\/\/agora.xtec.cat\/cfajosepamassanes\/wp-json\/wp\/v2\/users\/1"}],"replies":[{"embeddable":true,"href":"https:\/\/agora.xtec.cat\/cfajosepamassanes\/wp-json\/wp\/v2\/comments?post=320"}],"version-history":[{"count":8,"href":"https:\/\/agora.xtec.cat\/cfajosepamassanes\/wp-json\/wp\/v2\/pages\/320\/revisions"}],"predecessor-version":[{"id":1904,"href":"https:\/\/agora.xtec.cat\/cfajosepamassanes\/wp-json\/wp\/v2\/pages\/320\/revisions\/1904"}],"up":[{"embeddable":true,"href":"https:\/\/agora.xtec.cat\/cfajosepamassanes\/wp-json\/wp\/v2\/pages\/288"}],"wp:attachment":[{"href":"https:\/\/agora.xtec.cat\/cfajosepamassanes\/wp-json\/wp\/v2\/media?parent=320"}],"curies":[{"name":"wp","href":"https:\/\/api.w.org\/{rel}","templated":true}]}}