{"id":303,"date":"2015-01-28T11:23:05","date_gmt":"2015-01-28T10:23:05","guid":{"rendered":"http:\/\/agora.xtec.cat\/cfajosepamassanes\/?page_id=303"},"modified":"2026-03-05T12:04:10","modified_gmt":"2026-03-05T11:04:10","slug":"graduat-en-educacio-secundaria-per-adults","status":"publish","type":"page","link":"https:\/\/agora.xtec.cat\/cfajosepamassanes\/ensenyaments\/ensenyaments-inicials-i-formacio-basica\/graduat-en-educacio-secundaria-per-adults\/","title":{"rendered":"Graduat en educaci\u00f3 secundaria per adults (GESO)"},"content":{"rendered":"<p>Aquests estudis permeten completar els ensenyaments b\u00e0sics i obtenir el <strong>t\u00edtol de Graduat\/da en Educaci\u00f3 Secund\u00e0ria Obligat\u00f2ria<\/strong> (GESO).<\/p>\n<p>&nbsp;<\/p>\n<h4>Qui es pot matricular?<\/h4>\n<p>Poden accedir a aquests estudis totes les persones que tenen <b>m\u00e9s de 18 anys<\/b> o b\u00e9 els compleixen durant l&#8217;any natural en qu\u00e8 inicien la formaci\u00f3.<\/p>\n<p>Tamb\u00e9 hi poden accedir les persones que tenen 16 anys o b\u00e9 els compleixen durant l&#8217;any natural en qu\u00e8 inicien la formaci\u00f3 si es compleix alguna de les circumst\u00e0ncies seg\u00fcents:<\/p>\n<ul>\n<li style=\"list-style-type: none;\">\n<ul>\n<li>per raons laborals no poden seguir els estudis de r\u00e8gim ordinari,<\/li>\n<li>estan en proc\u00e9s d&#8217;obtenir un perm\u00eds de treball,<\/li>\n<li>s\u00f3n esportistes d&#8217;alt rendiment que no poden incorporar-se al sistema educatiu ordinari,<\/li>\n<li>tenen necessitats espec\u00edfiques i circumst\u00e0ncies singulars justificades que ho fan aconsellable o cursen o han cursat programes de qualificaci\u00f3 professional inicial.<\/li>\n<\/ul>\n<\/li>\n<\/ul>\n<h4><\/h4>\n<h4>Mat\u00e8ries<\/h4>\n<p>Els continguts s&#8217;estructuren en <b>dos nivells<\/b> i tres \u00e0mbits:<\/p>\n<ul>\n<li><b>\u00c0mbit de la comunicaci\u00f3<\/b>\n<ul>\n<li>llengua i literatura catalanes<\/li>\n<li>llengua i literatura castellanes<\/li>\n<li>llengua estrangera<\/li>\n<\/ul>\n<\/li>\n<li><b>\u00c0mbit cientificotecnol\u00f2gic<\/b>\n<ul>\n<li>matem\u00e0tiques<\/li>\n<li>ci\u00e8ncies de la naturalesa<\/li>\n<li>tecnologia<\/li>\n<li>f\u00edsica i qu\u00edmica<\/li>\n<li>biologia i geologia<\/li>\n<\/ul>\n<\/li>\n<li><b>\u00c0mbit social<\/b>\n<ul>\n<li>ci\u00e8ncies socials<\/li>\n<li>geografia i hist\u00f2ria<\/li>\n<\/ul>\n<\/li>\n<\/ul>\n<p>&nbsp;<\/p>\n<h4>Horaris<\/h4>\n<p>El CFA Josepa Massan\u00e9s i Dalmau ofereix nivell 1 i 2, tant en torn de mat\u00ed com de vespre.<\/p>\n<p>&nbsp;<\/p>\n<h4>Continu\u00eftat<\/h4>\n<p>Les persones que superen aquesta formaci\u00f3 poden accedir als ensenyaments seg\u00fcents:<\/p>\n<ul>\n<li style=\"list-style-type: none;\">\n<ul>\n<li>el batxillerat,<\/li>\n<li>els cicles formatius de grau mitj\u00e0,<\/li>\n<\/ul>\n<\/li>\n<\/ul>\n<p>&nbsp;<\/p>\n<p>&nbsp;<\/p>\n<p><a href=\"http:\/\/agora.xtec.cat\/cfajosepamassanes\/wp-content\/uploads\/usu84\/2015\/10\/infografia_GES.pdf\" target=\"_blank\" rel=\"noopener\">M\u00e9s informaci\u00f3<\/a><\/p>\n<p>M\u00e9s informaci\u00f3 al\u00a0<a href=\"https:\/\/projectes.xtec.cat\/xarxadults\/ensenyaments\/ges\/\" target=\"_blank\" rel=\"noopener\">web del Servei d\u2019Educaci\u00f3 al Llarg de la Vida<\/a>.<\/p>\n","protected":false},"excerpt":{"rendered":"<p>Aquests estudis permeten completar els ensenyaments b\u00e0sics i obtenir el t\u00edtol de Graduat\/da en Educaci\u00f3 Secund\u00e0ria Obligat\u00f2ria (GESO). &nbsp; Qui es pot matricular? Poden accedir a aquests estudis totes les persones que tenen m\u00e9s de 18 anys o b\u00e9 els compleixen durant l&#8217;any natural en qu\u00e8 inicien la formaci\u00f3. Tamb\u00e9 hi poden accedir les persones [&hellip;]<\/p>\n","protected":false},"author":1,"featured_media":0,"parent":283,"menu_order":10,"comment_status":"closed","ping_status":"closed","template":"","meta":{"_bbp_topic_count":0,"_bbp_reply_count":0,"_bbp_total_topic_count":0,"_bbp_total_reply_count":0,"_bbp_voice_count":0,"_bbp_anonymous_reply_count":0,"_bbp_topic_count_hidden":0,"_bbp_reply_count_hidden":0,"_bbp_forum_subforum_count":0,"site-sidebar-layout":"default","site-content-layout":"","ast-site-content-layout":"default","site-content-style":"default","site-sidebar-style":"default","ast-global-header-display":"","ast-banner-title-visibility":"","ast-main-header-display":"","ast-hfb-above-header-display":"","ast-hfb-below-header-display":"","ast-hfb-mobile-header-display":"","site-post-title":"","ast-breadcrumbs-content":"","ast-featured-img":"","footer-sml-layout":"","theme-transparent-header-meta":"default","adv-header-id-meta":"","stick-header-meta":"","header-above-stick-meta":"","header-main-stick-meta":"","header-below-stick-meta":"","astra-migrate-meta-layouts":"set","ast-page-background-enabled":"default","ast-page-background-meta":{"desktop":{"background-color":"var(--ast-global-color-4)","background-image":"","background-repeat":"repeat","background-position":"center center","background-size":"auto","background-attachment":"scroll","background-type":"","background-media":"","overlay-type":"","overlay-color":"","overlay-opacity":"","overlay-gradient":""},"tablet":{"background-color":"","background-image":"","background-repeat":"repeat","background-position":"center center","background-size":"auto","background-attachment":"scroll","background-type":"","background-media":"","overlay-type":"","overlay-color":"","overlay-opacity":"","overlay-gradient":""},"mobile":{"background-color":"","background-image":"","background-repeat":"repeat","background-position":"center center","background-size":"auto","background-attachment":"scroll","background-type":"","background-media":"","overlay-type":"","overlay-color":"","overlay-opacity":"","overlay-gradient":""}},"ast-content-background-meta":{"desktop":{"background-color":"var(--ast-global-color-5)","background-image":"","background-repeat":"repeat","background-position":"center center","background-size":"auto","background-attachment":"scroll","background-type":"","background-media":"","overlay-type":"","overlay-color":"","overlay-opacity":"","overlay-gradient":""},"tablet":{"background-color":"var(--ast-global-color-5)","background-image":"","background-repeat":"repeat","background-position":"center center","background-size":"auto","background-attachment":"scroll","background-type":"","background-media":"","overlay-type":"","overlay-color":"","overlay-opacity":"","overlay-gradient":""},"mobile":{"background-color":"var(--ast-global-color-5)","background-image":"","background-repeat":"repeat","background-position":"center center","background-size":"auto","background-attachment":"scroll","background-type":"","background-media":"","overlay-type":"","overlay-color":"","overlay-opacity":"","overlay-gradient":""}},"footnotes":""},"class_list":["post-303","page","type-page","status-publish","hentry"],"post_mailing_queue_ids":[],"_links":{"self":[{"href":"https:\/\/agora.xtec.cat\/cfajosepamassanes\/wp-json\/wp\/v2\/pages\/303","targetHints":{"allow":["GET"]}}],"collection":[{"href":"https:\/\/agora.xtec.cat\/cfajosepamassanes\/wp-json\/wp\/v2\/pages"}],"about":[{"href":"https:\/\/agora.xtec.cat\/cfajosepamassanes\/wp-json\/wp\/v2\/types\/page"}],"author":[{"embeddable":true,"href":"https:\/\/agora.xtec.cat\/cfajosepamassanes\/wp-json\/wp\/v2\/users\/1"}],"replies":[{"embeddable":true,"href":"https:\/\/agora.xtec.cat\/cfajosepamassanes\/wp-json\/wp\/v2\/comments?post=303"}],"version-history":[{"count":4,"href":"https:\/\/agora.xtec.cat\/cfajosepamassanes\/wp-json\/wp\/v2\/pages\/303\/revisions"}],"predecessor-version":[{"id":1153,"href":"https:\/\/agora.xtec.cat\/cfajosepamassanes\/wp-json\/wp\/v2\/pages\/303\/revisions\/1153"}],"up":[{"embeddable":true,"href":"https:\/\/agora.xtec.cat\/cfajosepamassanes\/wp-json\/wp\/v2\/pages\/283"}],"wp:attachment":[{"href":"https:\/\/agora.xtec.cat\/cfajosepamassanes\/wp-json\/wp\/v2\/media?parent=303"}],"curies":[{"name":"wp","href":"https:\/\/api.w.org\/{rel}","templated":true}]}}