{"id":21,"date":"2014-09-17T16:14:14","date_gmt":"2014-09-17T16:14:14","guid":{"rendered":"http:\/\/agora.xtec.cat\/cfajosepamassanes\/?page_id=21"},"modified":"2026-03-05T12:11:37","modified_gmt":"2026-03-05T11:11:37","slug":"on-som","status":"publish","type":"page","link":"https:\/\/agora.xtec.cat\/cfajosepamassanes\/el-centre\/on-som\/","title":{"rendered":"On som"},"content":{"rendered":"<table style=\"width: 100%; border-collapse: collapse; border-style: none;\">\n<tbody>\n<tr>\n<td style=\"width: 30%; vertical-align: top;\"><strong><span style=\"color: #ff6600;\">CFA Josepa Massan\u00e9s i Dalmau<br \/>\n<\/span><\/strong>C. Fra Antoni Cardona i Grau s\/n<br \/>\n<span style=\"font-family: inherit; font-size: 1em;\">43002 Tarragona<\/span><\/p>\n<p style=\"padding-left: 40px;\"><span style=\"color: #ff6600;\"><strong>Tel\u00e8fon<\/strong><\/span><br \/>\n977237860<\/p>\n<p style=\"padding-left: 40px;\"><strong><span style=\"color: #ff6600;\">Correu electr\u00f2nic<\/span><br \/>\n<\/strong><a href=\"mailto:e3007051@xtec.cat\"><span style=\"font-family: inherit; font-size: 1em; line-height: 1.6;\">e3007051@xtec.cat<\/span><\/a><\/p>\n<p><strong><span style=\"color: #ff6600;\">On ens podeu trobar?<br \/>\n<\/span><\/strong><a href=\"https:\/\/www.google.es\/maps\/place\/CFA+Josepa+Massan%C3%A9s\/@41.1227435,1.2539345,18z\/data=!4m5!3m4!1s0x0:0xd0df9cbde81c2547!8m2!3d41.1224355!4d1.2545856\" target=\"_blank\" rel=\"noopener\">La nostra ubicaci\u00f3 a Google maps<\/a><br \/>\n<a href=\"https:\/\/www.google.es\/maps\/@41.1222746,1.2544057,3a,75y,107.01h,87.25t\/data=!3m6!1e1!3m4!1sSn6Dy93sBQULr1M_oGe_SA!2e0!7i13312!8i6656\" target=\"_blank\" rel=\"noopener\">La nostra fa\u00e7ana a Street view<\/a><\/p>\n<p><span style=\"color: #ff6600;\"><strong>Horari d&#8217;atenci\u00f3 al p\u00fablic:<\/strong><br \/>\n<\/span><span style=\"color: #ff6600;\"><span style=\"color: #000000;\">Vegeu p\u00e0gina<\/span> <a href=\"https:\/\/agora.xtec.cat\/cfajosepamassanes\/contacte\/\">Contacte<\/a><\/span><\/td>\n<td style=\"width: 70%; vertical-align: top;\"><iframe loading=\"lazy\" style=\"border: 0;\" src=\"https:\/\/www.google.com\/maps\/embed?pb=!1m18!1m12!1m3!1d4250.533393735834!2d1.2533290119412206!3d41.121841348052364!2m3!1f0!2f0!3f0!3m2!1i1024!2i768!4f13.1!3m3!1m2!1s0x12a3fcd738d0210d%3A0xdc3f90bd08c1338d!2sCfa%20P%C3%BAblic%20Josepa%20Massanes%20i%20Dalmau!5e0!3m2!1sca!2ses!4v1643280951619!5m2!1sca!2ses\" width=\"600\" height=\"450\" allowfullscreen=\"allowfullscreen\"><\/iframe><\/td>\n<\/tr>\n<\/tbody>\n<\/table>\n<p>&nbsp;<\/p>\n<p style=\"color: #666666;\">\n","protected":false},"excerpt":{"rendered":"<p>CFA Josepa Massan\u00e9s i Dalmau C. Fra Antoni Cardona i Grau s\/n 43002 Tarragona Tel\u00e8fon 977237860 Correu electr\u00f2nic e3007051@xtec.cat On ens podeu trobar? La nostra ubicaci\u00f3 a Google maps La nostra fa\u00e7ana a Street view Horari d&#8217;atenci\u00f3 al p\u00fablic: Vegeu p\u00e0gina Contacte &nbsp;<\/p>\n","protected":false},"author":1,"featured_media":0,"parent":261,"menu_order":50,"comment_status":"closed","ping_status":"closed","template":"","meta":{"_bbp_topic_count":0,"_bbp_reply_count":0,"_bbp_total_topic_count":0,"_bbp_total_reply_count":0,"_bbp_voice_count":0,"_bbp_anonymous_reply_count":0,"_bbp_topic_count_hidden":0,"_bbp_reply_count_hidden":0,"_bbp_forum_subforum_count":0,"site-sidebar-layout":"default","site-content-layout":"","ast-site-content-layout":"default","site-content-style":"default","site-sidebar-style":"default","ast-global-header-display":"","ast-banner-title-visibility":"","ast-main-header-display":"","ast-hfb-above-header-display":"","ast-hfb-below-header-display":"","ast-hfb-mobile-header-display":"","site-post-title":"","ast-breadcrumbs-content":"","ast-featured-img":"","footer-sml-layout":"","theme-transparent-header-meta":"default","adv-header-id-meta":"","stick-header-meta":"","header-above-stick-meta":"","header-main-stick-meta":"","header-below-stick-meta":"","astra-migrate-meta-layouts":"set","ast-page-background-enabled":"default","ast-page-background-meta":{"desktop":{"background-color":"var(--ast-global-color-4)","background-image":"","background-repeat":"repeat","background-position":"center center","background-size":"auto","background-attachment":"scroll","background-type":"","background-media":"","overlay-type":"","overlay-color":"","overlay-opacity":"","overlay-gradient":""},"tablet":{"background-color":"","background-image":"","background-repeat":"repeat","background-position":"center center","background-size":"auto","background-attachment":"scroll","background-type":"","background-media":"","overlay-type":"","overlay-color":"","overlay-opacity":"","overlay-gradient":""},"mobile":{"background-color":"","background-image":"","background-repeat":"repeat","background-position":"center center","background-size":"auto","background-attachment":"scroll","background-type":"","background-media":"","overlay-type":"","overlay-color":"","overlay-opacity":"","overlay-gradient":""}},"ast-content-background-meta":{"desktop":{"background-color":"var(--ast-global-color-5)","background-image":"","background-repeat":"repeat","background-position":"center center","background-size":"auto","background-attachment":"scroll","background-type":"","background-media":"","overlay-type":"","overlay-color":"","overlay-opacity":"","overlay-gradient":""},"tablet":{"background-color":"var(--ast-global-color-5)","background-image":"","background-repeat":"repeat","background-position":"center center","background-size":"auto","background-attachment":"scroll","background-type":"","background-media":"","overlay-type":"","overlay-color":"","overlay-opacity":"","overlay-gradient":""},"mobile":{"background-color":"var(--ast-global-color-5)","background-image":"","background-repeat":"repeat","background-position":"center center","background-size":"auto","background-attachment":"scroll","background-type":"","background-media":"","overlay-type":"","overlay-color":"","overlay-opacity":"","overlay-gradient":""}},"footnotes":""},"class_list":["post-21","page","type-page","status-publish","hentry"],"post_mailing_queue_ids":[],"_links":{"self":[{"href":"https:\/\/agora.xtec.cat\/cfajosepamassanes\/wp-json\/wp\/v2\/pages\/21","targetHints":{"allow":["GET"]}}],"collection":[{"href":"https:\/\/agora.xtec.cat\/cfajosepamassanes\/wp-json\/wp\/v2\/pages"}],"about":[{"href":"https:\/\/agora.xtec.cat\/cfajosepamassanes\/wp-json\/wp\/v2\/types\/page"}],"author":[{"embeddable":true,"href":"https:\/\/agora.xtec.cat\/cfajosepamassanes\/wp-json\/wp\/v2\/users\/1"}],"replies":[{"embeddable":true,"href":"https:\/\/agora.xtec.cat\/cfajosepamassanes\/wp-json\/wp\/v2\/comments?post=21"}],"version-history":[{"count":6,"href":"https:\/\/agora.xtec.cat\/cfajosepamassanes\/wp-json\/wp\/v2\/pages\/21\/revisions"}],"predecessor-version":[{"id":2193,"href":"https:\/\/agora.xtec.cat\/cfajosepamassanes\/wp-json\/wp\/v2\/pages\/21\/revisions\/2193"}],"up":[{"embeddable":true,"href":"https:\/\/agora.xtec.cat\/cfajosepamassanes\/wp-json\/wp\/v2\/pages\/261"}],"wp:attachment":[{"href":"https:\/\/agora.xtec.cat\/cfajosepamassanes\/wp-json\/wp\/v2\/media?parent=21"}],"curies":[{"name":"wp","href":"https:\/\/api.w.org\/{rel}","templated":true}]}}