{"id":1188,"date":"2022-06-09T11:19:31","date_gmt":"2022-06-09T09:19:31","guid":{"rendered":"https:\/\/agora.xtec.cat\/cfajosepamassanes\/?page_id=1188"},"modified":"2026-03-05T12:05:05","modified_gmt":"2026-03-05T11:05:05","slug":"formacio-instrumental","status":"publish","type":"page","link":"https:\/\/agora.xtec.cat\/cfajosepamassanes\/ensenyaments\/ensenyaments-inicials-i-formacio-basica\/formacio-instrumental\/","title":{"rendered":"Formaci\u00f3 instrumental"},"content":{"rendered":"<h4>Qui es pot matricular?<\/h4>\n<p>Persones adultes que volen aprendre a llegir, escriure i fer c\u00e0lculs elementals. La superaci\u00f3 d\u2019aquests estudis permet l\u2019obtenci\u00f3 del certificat de formaci\u00f3 instrumental.<\/p>\n<h4>Horaris<\/h4>\n<p>Les classes seran al mat\u00ed.<\/p>\n<h4>Nivells<\/h4>\n<p>Oferim els nivells 1 i 2 (alfabetitzaci\u00f3) en format bianual.<\/p>\n<p>&nbsp;<\/p>\n<p>M\u00e9s informaci\u00f3 al\u00a0<a href=\"https:\/\/projectes.xtec.cat\/xarxadults\/ensenyaments\/formacio-instrumental\/\" target=\"_blank\" rel=\"noopener\">web del Servei d\u2019Educaci\u00f3 al Llarg de la Vida<\/a>.<\/p>\n","protected":false},"excerpt":{"rendered":"<p>Qui es pot matricular? Persones adultes que volen aprendre a llegir, escriure i fer c\u00e0lculs elementals. La superaci\u00f3 d\u2019aquests estudis permet l\u2019obtenci\u00f3 del certificat de formaci\u00f3 instrumental. Horaris Les classes seran al mat\u00ed. Nivells Oferim els nivells 1 i 2 (alfabetitzaci\u00f3) en format bianual. &nbsp; M\u00e9s informaci\u00f3 al\u00a0web del Servei d\u2019Educaci\u00f3 al Llarg de la [&hellip;]<\/p>\n","protected":false},"author":3,"featured_media":0,"parent":283,"menu_order":20,"comment_status":"closed","ping_status":"closed","template":"","meta":{"_bbp_topic_count":0,"_bbp_reply_count":0,"_bbp_total_topic_count":0,"_bbp_total_reply_count":0,"_bbp_voice_count":0,"_bbp_anonymous_reply_count":0,"_bbp_topic_count_hidden":0,"_bbp_reply_count_hidden":0,"_bbp_forum_subforum_count":0,"site-sidebar-layout":"default","site-content-layout":"","ast-site-content-layout":"default","site-content-style":"default","site-sidebar-style":"default","ast-global-header-display":"","ast-banner-title-visibility":"","ast-main-header-display":"","ast-hfb-above-header-display":"","ast-hfb-below-header-display":"","ast-hfb-mobile-header-display":"","site-post-title":"","ast-breadcrumbs-content":"","ast-featured-img":"","footer-sml-layout":"","theme-transparent-header-meta":"default","adv-header-id-meta":"","stick-header-meta":"","header-above-stick-meta":"","header-main-stick-meta":"","header-below-stick-meta":"","astra-migrate-meta-layouts":"set","ast-page-background-enabled":"default","ast-page-background-meta":{"desktop":{"background-color":"var(--ast-global-color-4)","background-image":"","background-repeat":"repeat","background-position":"center center","background-size":"auto","background-attachment":"scroll","background-type":"","background-media":"","overlay-type":"","overlay-color":"","overlay-opacity":"","overlay-gradient":""},"tablet":{"background-color":"","background-image":"","background-repeat":"repeat","background-position":"center center","background-size":"auto","background-attachment":"scroll","background-type":"","background-media":"","overlay-type":"","overlay-color":"","overlay-opacity":"","overlay-gradient":""},"mobile":{"background-color":"","background-image":"","background-repeat":"repeat","background-position":"center center","background-size":"auto","background-attachment":"scroll","background-type":"","background-media":"","overlay-type":"","overlay-color":"","overlay-opacity":"","overlay-gradient":""}},"ast-content-background-meta":{"desktop":{"background-color":"var(--ast-global-color-5)","background-image":"","background-repeat":"repeat","background-position":"center center","background-size":"auto","background-attachment":"scroll","background-type":"","background-media":"","overlay-type":"","overlay-color":"","overlay-opacity":"","overlay-gradient":""},"tablet":{"background-color":"var(--ast-global-color-5)","background-image":"","background-repeat":"repeat","background-position":"center center","background-size":"auto","background-attachment":"scroll","background-type":"","background-media":"","overlay-type":"","overlay-color":"","overlay-opacity":"","overlay-gradient":""},"mobile":{"background-color":"var(--ast-global-color-5)","background-image":"","background-repeat":"repeat","background-position":"center center","background-size":"auto","background-attachment":"scroll","background-type":"","background-media":"","overlay-type":"","overlay-color":"","overlay-opacity":"","overlay-gradient":""}},"footnotes":""},"class_list":["post-1188","page","type-page","status-publish","hentry"],"post_mailing_queue_ids":[],"_links":{"self":[{"href":"https:\/\/agora.xtec.cat\/cfajosepamassanes\/wp-json\/wp\/v2\/pages\/1188","targetHints":{"allow":["GET"]}}],"collection":[{"href":"https:\/\/agora.xtec.cat\/cfajosepamassanes\/wp-json\/wp\/v2\/pages"}],"about":[{"href":"https:\/\/agora.xtec.cat\/cfajosepamassanes\/wp-json\/wp\/v2\/types\/page"}],"author":[{"embeddable":true,"href":"https:\/\/agora.xtec.cat\/cfajosepamassanes\/wp-json\/wp\/v2\/users\/3"}],"replies":[{"embeddable":true,"href":"https:\/\/agora.xtec.cat\/cfajosepamassanes\/wp-json\/wp\/v2\/comments?post=1188"}],"version-history":[{"count":5,"href":"https:\/\/agora.xtec.cat\/cfajosepamassanes\/wp-json\/wp\/v2\/pages\/1188\/revisions"}],"predecessor-version":[{"id":1898,"href":"https:\/\/agora.xtec.cat\/cfajosepamassanes\/wp-json\/wp\/v2\/pages\/1188\/revisions\/1898"}],"up":[{"embeddable":true,"href":"https:\/\/agora.xtec.cat\/cfajosepamassanes\/wp-json\/wp\/v2\/pages\/283"}],"wp:attachment":[{"href":"https:\/\/agora.xtec.cat\/cfajosepamassanes\/wp-json\/wp\/v2\/media?parent=1188"}],"curies":[{"name":"wp","href":"https:\/\/api.w.org\/{rel}","templated":true}]}}