{"id":49,"date":"2014-09-17T16:55:55","date_gmt":"2014-09-17T15:55:55","guid":{"rendered":"http:\/\/agora.xtec.cat\/cfajaumetuset\/?page_id=49"},"modified":"2016-09-07T13:52:31","modified_gmt":"2016-09-07T12:52:31","slug":"normes-dorganitzacio-i-funcionament","status":"publish","type":"page","link":"https:\/\/agora.xtec.cat\/cfajaumetuset\/el-centre\/normes-dorganitzacio-i-funcionament\/","title":{"rendered":"Normes i funcionament del centre"},"content":{"rendered":"<h4><strong>HAS DE TENIR PRESENT QUE<\/strong><\/h4>\n<p>Assistir al CFA Jaume Tuset implica una s\u00e8rie de responsabilitats que ajuden a crear un clima de conviv\u00e8ncia \u00f2ptim per a l\u2019aprenentatge. Per aix\u00f2 \u00e9s important que:<\/p>\n<ul>\n<li>\n<blockquote><p>Assisteixis a classe amb regularitat.<\/p><\/blockquote>\n<\/li>\n<li>\n<blockquote><p>Utilitzis i mantinguis netes les instal\u00b7lacions del centre, tal com t\u2019agradaria trobar-les.<\/p><\/blockquote>\n<\/li>\n<li>\n<blockquote><p>Valoris les activitats d\u2019aprenentatge i totes les persones que formen part de la comunitat d\u2019aprenentatge del centre.<\/p><\/blockquote>\n<\/li>\n<li>\n<blockquote><p>No soni el teu m\u00f2bil a classe.<\/p><\/blockquote>\n<\/li>\n<li>\n<blockquote><p>Tinguis en compte l\u2019horari de secretaria i d\u2019atenci\u00f3 del professorat i persones col\u00b7laboradores.<\/p><\/blockquote>\n<\/li>\n<li>\n<blockquote><p>Un cop comen\u00e7ades les classes, <u>no se\u2019t podran retornar els diners<\/u> de fotoc\u00f2pies, materials i dossiers.<\/p><\/blockquote>\n<\/li>\n<li>\n<blockquote><p>La teva participaci\u00f3 a l\u2019escola i a l\u2019associaci\u00f3 \u00e9s molt important! Si hi participes, contribuir\u00e0s a qu\u00e8 l\u2019estada de tothom al centre sigui m\u00e9s profitosa.<\/p><\/blockquote>\n<\/li>\n<li>\n<blockquote><p>Recordis que el centre \u00e9s un espai sense fum.<\/p><\/blockquote>\n<\/li>\n<\/ul>\n<h6><\/h6>\n","protected":false},"excerpt":{"rendered":"<p>HAS DE TENIR PRESENT QUE<br \/>\nAssistir al CFA Jaume Tuset implica una s\u00e8rie de responsabilitats que ajuden a crear un clima de conviv\u00e8ncia \u00f2ptim per a l\u2019aprenentatge. Per aix\u00f2 \u00e9s important que:<\/p>\n<ul>\n<li>\nAssisteixis a classe amb regularitat.\n<\/li>\n<li>\nUtilitzis i mantinguis netes les instal\u00b7lacions del centre, tal com t\u2019agradaria&hellip;  <a href=\"https:\/\/agora.xtec.cat\/cfajaumetuset\/el-centre\/normes-dorganitzacio-i-funcionament\/\" title=\"Read Normes i funcionament del centre\">Llegeix m\u00e9s\u00bb<\/a><\/p>\n","protected":false},"author":1,"featured_media":0,"parent":261,"menu_order":7,"comment_status":"closed","ping_status":"closed","template":"page-templates\/side-menu.php","meta":{"_bbp_topic_count":0,"_bbp_reply_count":0,"_bbp_total_topic_count":0,"_bbp_total_reply_count":0,"_bbp_voice_count":0,"_bbp_anonymous_reply_count":0,"_bbp_topic_count_hidden":0,"_bbp_reply_count_hidden":0,"_bbp_forum_subforum_count":0,"footnotes":""},"class_list":["post-49","page","type-page","status-publish","hentry"],"post_mailing_queue_ids":[],"_links":{"self":[{"href":"https:\/\/agora.xtec.cat\/cfajaumetuset\/wp-json\/wp\/v2\/pages\/49","targetHints":{"allow":["GET"]}}],"collection":[{"href":"https:\/\/agora.xtec.cat\/cfajaumetuset\/wp-json\/wp\/v2\/pages"}],"about":[{"href":"https:\/\/agora.xtec.cat\/cfajaumetuset\/wp-json\/wp\/v2\/types\/page"}],"author":[{"embeddable":true,"href":"https:\/\/agora.xtec.cat\/cfajaumetuset\/wp-json\/wp\/v2\/users\/1"}],"replies":[{"embeddable":true,"href":"https:\/\/agora.xtec.cat\/cfajaumetuset\/wp-json\/wp\/v2\/comments?post=49"}],"version-history":[{"count":3,"href":"https:\/\/agora.xtec.cat\/cfajaumetuset\/wp-json\/wp\/v2\/pages\/49\/revisions"}],"predecessor-version":[{"id":671,"href":"https:\/\/agora.xtec.cat\/cfajaumetuset\/wp-json\/wp\/v2\/pages\/49\/revisions\/671"}],"up":[{"embeddable":true,"href":"https:\/\/agora.xtec.cat\/cfajaumetuset\/wp-json\/wp\/v2\/pages\/261"}],"wp:attachment":[{"href":"https:\/\/agora.xtec.cat\/cfajaumetuset\/wp-json\/wp\/v2\/media?parent=49"}],"curies":[{"name":"wp","href":"https:\/\/api.w.org\/{rel}","templated":true}]}}