{"id":440,"date":"2015-11-18T12:37:06","date_gmt":"2015-11-18T11:37:06","guid":{"rendered":"http:\/\/agora.xtec.cat\/cfajaumetuset\/?page_id=440"},"modified":"2024-03-06T13:49:18","modified_gmt":"2024-03-06T12:49:18","slug":"qui-som","status":"publish","type":"page","link":"https:\/\/agora.xtec.cat\/cfajaumetuset\/el-centre\/qui-som\/","title":{"rendered":"Qui som"},"content":{"rendered":"<p style=\"text-align: justify;\">El Centre de Formaci\u00f3 de Persones Adultes (CFA) Jaume Tuset \u00e9s un centre educatiu p\u00fablic i amb matr\u00edcula gratu\u00efta que ofereix un ventall molt ampli d\u2019activitats formatives a la poblaci\u00f3 de Ripollet en coordinaci\u00f3 amb l\u2019Associaci\u00f3 Cultural i d\u2019EA Jaume Tuset.<\/p>\n<p style=\"text-align: justify;\">El centre es va crear l\u2019any 1978 i des d\u2019aleshores pret\u00e9n proporcionar a la poblaci\u00f3 adulta una formaci\u00f3 \u00e0mplia que permeti adaptar-se a les noves situacions que la societat demana, aix\u00ed com oferir uns coneixements b\u00e0sics per accedir a altres nivells d\u2019estudi o al m\u00f3n laboral.<\/p>\n<p style=\"text-align: justify;\">El Centre de Formaci\u00f3 de Persones Adultes t\u00e9 dues seus, una al centre de Ripollet (Rbla. Pinetons, 1) i una altra al barri de Can Tiana (C\/ Sant Sebasti\u00e0, 26).<\/p>\n<p data-canvas-width=\"121.96079999999999\">CARACTER\u00cdSTIQUES DEL CENTRE<br \/>\nEst\u00e0 espec\u00edficament dedicat a persones adultes.\u00a0T\u00e9 una oferta d\u2019horaris variada per tal d\u2019adaptar-se a les necessitats de les persones adultes.<\/p>\n<p data-canvas-width=\"121.96079999999999\">Procura que els coneixements estiguin relacionats amb la realitat de l\u2019entorn social.<\/p>\n<p data-canvas-width=\"121.96079999999999\">Vol ser un centre amb voluntat d\u2019inserir-se en el context sociocultural del poble comprom\u00e8s amb la resta d\u2019entitats p\u00fabliques i populars.<\/p>\n<p data-canvas-width=\"121.96079999999999\">T\u00e9 un funcionament democr\u00e0tic i promou la participaci\u00f3 a activitats, comissions, consell de centre, etc.<\/p>\n<p data-canvas-width=\"121.96079999999999\">Potencia la participaci\u00f3 de les persones que assisteixen al centre a trav\u00e9s de l\u2019Associaci\u00f3 Cultural i d\u2019EA Jaume Tuset.<\/p>\n","protected":false},"excerpt":{"rendered":"<p>El Centre de Formaci\u00f3 de Persones Adultes (CFA) Jaume Tuset \u00e9s un centre educatiu p\u00fablic i amb matr\u00edcula gratu\u00efta que ofereix un ventall molt ampli d\u2019activitats formatives a la poblaci\u00f3 de Ripollet en coordinaci\u00f3 amb l\u2019Associaci\u00f3 Cultural i d\u2019EA Jaume Tuset.<br \/>\nEl centre es va crear&hellip;  <a href=\"https:\/\/agora.xtec.cat\/cfajaumetuset\/el-centre\/qui-som\/\" title=\"Read Qui som\">Llegeix m\u00e9s\u00bb<\/a><\/p>\n","protected":false},"author":1,"featured_media":0,"parent":261,"menu_order":1,"comment_status":"closed","ping_status":"closed","template":"page-templates\/side-menu.php","meta":{"_bbp_topic_count":0,"_bbp_reply_count":0,"_bbp_total_topic_count":0,"_bbp_total_reply_count":0,"_bbp_voice_count":0,"_bbp_anonymous_reply_count":0,"_bbp_topic_count_hidden":0,"_bbp_reply_count_hidden":0,"_bbp_forum_subforum_count":0,"footnotes":""},"class_list":["post-440","page","type-page","status-publish","hentry"],"post_mailing_queue_ids":[],"_links":{"self":[{"href":"https:\/\/agora.xtec.cat\/cfajaumetuset\/wp-json\/wp\/v2\/pages\/440","targetHints":{"allow":["GET"]}}],"collection":[{"href":"https:\/\/agora.xtec.cat\/cfajaumetuset\/wp-json\/wp\/v2\/pages"}],"about":[{"href":"https:\/\/agora.xtec.cat\/cfajaumetuset\/wp-json\/wp\/v2\/types\/page"}],"author":[{"embeddable":true,"href":"https:\/\/agora.xtec.cat\/cfajaumetuset\/wp-json\/wp\/v2\/users\/1"}],"replies":[{"embeddable":true,"href":"https:\/\/agora.xtec.cat\/cfajaumetuset\/wp-json\/wp\/v2\/comments?post=440"}],"version-history":[{"count":5,"href":"https:\/\/agora.xtec.cat\/cfajaumetuset\/wp-json\/wp\/v2\/pages\/440\/revisions"}],"predecessor-version":[{"id":2592,"href":"https:\/\/agora.xtec.cat\/cfajaumetuset\/wp-json\/wp\/v2\/pages\/440\/revisions\/2592"}],"up":[{"embeddable":true,"href":"https:\/\/agora.xtec.cat\/cfajaumetuset\/wp-json\/wp\/v2\/pages\/261"}],"wp:attachment":[{"href":"https:\/\/agora.xtec.cat\/cfajaumetuset\/wp-json\/wp\/v2\/media?parent=440"}],"curies":[{"name":"wp","href":"https:\/\/api.w.org\/{rel}","templated":true}]}}