{"id":27,"date":"2014-09-17T16:24:03","date_gmt":"2014-09-17T16:24:03","guid":{"rendered":"http:\/\/agora.xtec.cat\/cfajaumetuset\/?page_id=27"},"modified":"2016-10-26T21:46:50","modified_gmt":"2016-10-26T19:46:50","slug":"historia","status":"publish","type":"page","link":"https:\/\/agora.xtec.cat\/cfajaumetuset\/el-centre\/historia\/","title":{"rendered":"Hist\u00f2ria"},"content":{"rendered":"<p style=\"text-align: justify;\">El Centre de Formaci\u00f3 de persones Adultes (CFA) Jaume Tuset \u00e9s un centre educatiu p\u00fablic i gratu\u00eft que dep\u00e8n del Departament d\u2019Ensenyament de la Generalitat de Catalunya. El centre ofereix un ampli ventall d\u2019activitats formatives a Ripollet en coordinaci\u00f3 amb l\u2019Associaci\u00f3 Cultural i d\u2019Educaci\u00f3 d\u2019Adults Jaume Tuset.<\/p>\n<p style=\"text-align: justify;\">El CFA Jaume Tuset va n\u00e9ixer l\u2019any 1978. Des de llavors ofereix a la poblaci\u00f3 adulta un ensenyament ampli que permet adaptar-se a les demandes de la societat i aporta una formaci\u00f3 b\u00e0sica per a accedir a altres nivells d\u2019estudis o al m\u00f3n laboral. Aquesta oferta es complementa amb els tallers, cursos i activitats culturals diverses que organitza any rere any l\u2019Associaci\u00f3.<\/p>\n<p style=\"text-align: justify;\">El CFA Jaume Tuset t\u00e9 dues seus, una al centre de Ripollet (Rambla dels Pinetons, 1) i una altra al barri de Can Tiana (carrer de Sant Sebasti\u00e0, 26).<\/p>\n<p><a href=\"http:\/\/agora.xtec.cat\/cfajaumetuset\/wp-content\/uploads\/usu147\/2014\/09\/generaimatge.asp_.jpg\"><img loading=\"lazy\" decoding=\"async\" class=\"alignnone wp-image-376\" src=\"http:\/\/agora.xtec.cat\/cfajaumetuset\/wp-content\/uploads\/usu147\/2014\/09\/generaimatge.asp_-300x299.jpg\" alt=\"generaimatge.asp\" width=\"263\" height=\"262\" srcset=\"https:\/\/agora.xtec.cat\/cfajaumetuset\/wp-content\/uploads\/usu147\/2014\/09\/generaimatge.asp_-300x299.jpg 300w, https:\/\/agora.xtec.cat\/cfajaumetuset\/wp-content\/uploads\/usu147\/2014\/09\/generaimatge.asp_-150x150.jpg 150w, https:\/\/agora.xtec.cat\/cfajaumetuset\/wp-content\/uploads\/usu147\/2014\/09\/generaimatge.asp_.jpg 301w\" sizes=\"auto, (max-width: 263px) 100vw, 263px\" \/><\/a><\/p>\n","protected":false},"excerpt":{"rendered":"<p>El Centre de Formaci\u00f3 de persones Adultes (CFA) Jaume Tuset \u00e9s un centre educatiu p\u00fablic i gratu\u00eft que dep\u00e8n del Departament d\u2019Ensenyament de la Generalitat de Catalunya. El centre ofereix un ampli ventall d\u2019activitats formatives a Ripollet en coordinaci\u00f3 amb l\u2019Associaci\u00f3 Cultural i d\u2019Educaci\u00f3 d\u2019Adults&hellip;  <a href=\"https:\/\/agora.xtec.cat\/cfajaumetuset\/el-centre\/historia\/\" title=\"Read Hist\u00f2ria\">Llegeix m\u00e9s\u00bb<\/a><\/p>\n","protected":false},"author":1,"featured_media":0,"parent":261,"menu_order":3,"comment_status":"closed","ping_status":"closed","template":"page-templates\/side-menu.php","meta":{"_bbp_topic_count":0,"_bbp_reply_count":0,"_bbp_total_topic_count":0,"_bbp_total_reply_count":0,"_bbp_voice_count":0,"_bbp_anonymous_reply_count":0,"_bbp_topic_count_hidden":0,"_bbp_reply_count_hidden":0,"_bbp_forum_subforum_count":0,"footnotes":""},"class_list":["post-27","page","type-page","status-publish","hentry"],"post_mailing_queue_ids":[],"_links":{"self":[{"href":"https:\/\/agora.xtec.cat\/cfajaumetuset\/wp-json\/wp\/v2\/pages\/27","targetHints":{"allow":["GET"]}}],"collection":[{"href":"https:\/\/agora.xtec.cat\/cfajaumetuset\/wp-json\/wp\/v2\/pages"}],"about":[{"href":"https:\/\/agora.xtec.cat\/cfajaumetuset\/wp-json\/wp\/v2\/types\/page"}],"author":[{"embeddable":true,"href":"https:\/\/agora.xtec.cat\/cfajaumetuset\/wp-json\/wp\/v2\/users\/1"}],"replies":[{"embeddable":true,"href":"https:\/\/agora.xtec.cat\/cfajaumetuset\/wp-json\/wp\/v2\/comments?post=27"}],"version-history":[{"count":3,"href":"https:\/\/agora.xtec.cat\/cfajaumetuset\/wp-json\/wp\/v2\/pages\/27\/revisions"}],"predecessor-version":[{"id":743,"href":"https:\/\/agora.xtec.cat\/cfajaumetuset\/wp-json\/wp\/v2\/pages\/27\/revisions\/743"}],"up":[{"embeddable":true,"href":"https:\/\/agora.xtec.cat\/cfajaumetuset\/wp-json\/wp\/v2\/pages\/261"}],"wp:attachment":[{"href":"https:\/\/agora.xtec.cat\/cfajaumetuset\/wp-json\/wp\/v2\/media?parent=27"}],"curies":[{"name":"wp","href":"https:\/\/api.w.org\/{rel}","templated":true}]}}