{"id":265,"date":"2015-01-27T17:28:56","date_gmt":"2015-01-27T16:28:56","guid":{"rendered":"http:\/\/agora.xtec.cat\/cfajaumetuset\/?page_id=265"},"modified":"2024-10-03T18:07:24","modified_gmt":"2024-10-03T16:07:24","slug":"organitzacio-interna","status":"publish","type":"page","link":"https:\/\/agora.xtec.cat\/cfajaumetuset\/el-centre\/organitzacio-interna\/","title":{"rendered":"Tutories. Assessorament i Orientaci\u00f3"},"content":{"rendered":"<table style=\"height: 733px;\" width=\"732\">\n<tbody>\n<tr style=\"height: 85px;\">\n<td style=\"border-color: #ffffff; background-color: #ad403d; text-align: center; height: 85px; width: 726px;\" colspan=\"3\">\n<h2><span style=\"color: #ffffff;\">EQUIP DOCENT<\/span><\/h2>\n<\/td>\n<\/tr>\n<tr style=\"border-color: #ffffff; background-color: #d99594; height: 100px;\">\n<td style=\"height: 100px; width: 197.578px;\">\n<h3 style=\"text-align: center;\">PROFESSORAT<\/h3>\n<\/td>\n<td style=\"height: 100px; width: 261.625px;\">\n<h3 style=\"text-align: center;\">COORDINACI\u00d3<\/h3>\n<\/td>\n<td style=\"height: 100px; width: 262.797px;\">\n<h3 style=\"text-align: center;\">TUTORIA<\/h3>\n<\/td>\n<\/tr>\n<tr style=\"height: 33px;\">\n<td style=\"height: 33px; width: 197.578px;\">M\u00aa Jos\u00e9 de Haro<br \/>\n<strong>Directora Centre<\/strong><\/td>\n<td style=\"height: 33px; width: 261.625px;\"><\/td>\n<td style=\"height: 33px; width: 262.797px;\">Angl\u00e8s 3 Tarda<\/td>\n<\/tr>\n<tr style=\"height: 48px;\">\n<td style=\"height: 48px; width: 197.578px;\">Concepci\u00f3n Hidalgo<br \/>\n<strong>Cap d&#8217;Estudis Centre\u00a0<\/strong><\/td>\n<td style=\"height: 48px; width: 261.625px;\"><\/td>\n<td style=\"height: 48px; width: 262.797px;\">GES 1 Mat\u00ed<\/td>\n<\/tr>\n<tr style=\"height: 33px;\">\n<td style=\"height: 33px; width: 197.578px;\">Laura Lacoma<br \/>\n<strong>Secret\u00e0ria Centre\u00a0<\/strong><\/td>\n<td style=\"height: 33px; width: 261.625px;\"><\/td>\n<td style=\"height: 33px; width: 262.797px;\">Catal\u00e0 1 Tarda<\/p>\n<p>Inf. Inicial Tarda \/ Competic 2<\/td>\n<\/tr>\n<tr style=\"height: 48px;\">\n<td style=\"height: 48px; width: 197.578px;\">Arcadi Pardo<\/td>\n<td style=\"height: 48px; width: 261.625px;\">Coordinaci\u00f3 Angl\u00e8s<\/td>\n<td style=\"height: 48px; width: 262.797px;\">Angl\u00e8s 1 Tarda<\/p>\n<p>Angl\u00e8s 2 Mat\u00ed \/ Tarda<\/p>\n<p>Angl\u00e8s 3 Mat\u00ed<\/p>\n<p>Instrumental 2 Tarda<\/td>\n<\/tr>\n<tr style=\"height: 33px;\">\n<td style=\"height: 33px; width: 197.578px;\">Marta Iribarren<\/td>\n<td style=\"height: 33px; width: 261.625px;\"><\/td>\n<td style=\"height: 33px; width: 262.797px;\">Castell\u00e0 1 Mat\u00ed<\/td>\n<\/tr>\n<tr style=\"height: 48px;\">\n<td style=\"height: 48px; width: 197.578px;\">Jose P\u00e9rez<\/td>\n<td style=\"height: 48px; width: 261.625px;\">Coordinaci\u00f3 GES (Graduat Educaci\u00f3 Secund\u00e0ria)<\/td>\n<td style=\"height: 48px; width: 262.797px;\">GES 1 Tarda \/ GES 2 Tarda<\/p>\n<p>Inform\u00e0tica Inicial Tarda<\/td>\n<\/tr>\n<tr style=\"height: 48px;\">\n<td style=\"height: 48px; width: 197.578px;\">Gracia P\u00e9rez<\/td>\n<td style=\"height: 48px; width: 261.625px;\"><\/td>\n<td style=\"height: 48px; width: 262.797px;\">Castell\u00e0 2 Mat\u00ed \/ Tarda<\/p>\n<p>Instrumental 3<\/p>\n<p>Angl\u00e8s 1 Mat\u00ed<\/td>\n<\/tr>\n<tr style=\"height: 48px;\">\n<td style=\"height: 48px; width: 197.578px;\">Marcel L\u00f3pez-Mateos<\/td>\n<td style=\"height: 48px; width: 261.625px;\">Coordinaci\u00f3 Inform\u00e0tica<\/td>\n<td style=\"height: 48px; width: 262.797px;\">Inf. Inicial Mat\u00ed\/Competic 1\/Competic 3<\/td>\n<\/tr>\n<tr style=\"height: 48px;\">\n<td style=\"height: 48px; width: 197.578px;\">Maria Elcacho<\/td>\n<td style=\"height: 48px; width: 261.625px;\">Coordinaci\u00f3 Prov\u00e9s d&#8217;acc\u00e9s<\/td>\n<td style=\"height: 48px; width: 262.797px;\">GES 2 Mat\u00ed<\/td>\n<\/tr>\n<tr style=\"height: 48px;\">\n<td style=\"height: 48px; width: 197.578px;\">Diana Mart\u00edn<\/td>\n<td style=\"height: 48px; width: 261.625px;\">Coordinaci\u00f3 Lleng\u00fces i Instrumental<\/td>\n<td style=\"height: 48px; width: 262.797px;\">Instrumental 1 \/ Instrumental 2 Mat\u00ed<\/p>\n<p>Castell\u00e0 1 Mat\u00ed \/ Castell\u00e0 1 Tarda 2n.Q<\/td>\n<\/tr>\n<tr>\n<td style=\"width: 197.578px;\">\u00c0ngel Juanpere<\/td>\n<td style=\"width: 261.625px;\"><\/td>\n<td style=\"width: 262.797px;\">GES 2 Mat\u00ed<\/td>\n<\/tr>\n<tr>\n<td style=\"width: 197.578px;\">Maria Blanc<\/td>\n<td style=\"width: 261.625px;\"><\/td>\n<td style=\"width: 262.797px;\">GES\u00a0 1 Tarda \/ GES 2 Tarda<\/td>\n<\/tr>\n<\/tbody>\n<\/table>\n<h3><span style=\"color: #ff0000;\">ASSESSORAMENT I ORIENTACI\u00d3<\/span><\/h3>\n<p>El Centre de Formaci\u00f3 de Persones Adultes amplia el servei d&#8217;orientaci\u00f3 i assessorament del GPS a les persones del centre, i per a qui ho requereixi.<\/p>\n<p><!--more-->El GPS \u00e9s l&#8217;orientaci\u00f3 personalitzada que es fa a l&#8217;alumnat\u00a0que no t\u00e9 clar el que vol estudiar una vegada ha acabat el Graduat en Ensenyament Secundari o est\u00e0 en proc\u00e9s d&#8217;acc\u00e9s a altres ensenyaments del sistema educatiu.<\/p>\n<p><a href=\"http:\/\/agora.xtec.cat\/cfajaumetuset\/wp-content\/uploads\/usu147\/2016\/02\/LogoAjuntamentRipollet.jpg\"><img loading=\"lazy\" decoding=\"async\" class=\"wp-image-691 size-thumbnail alignleft\" src=\"http:\/\/agora.xtec.cat\/cfajaumetuset\/wp-content\/uploads\/usu147\/2016\/02\/LogoAjuntamentRipollet-150x150.jpg\" width=\"150\" height=\"150\" \/><\/a><a href=\"http:\/\/agora.xtec.cat\/cfajaumetuset\/wp-content\/uploads\/usu147\/2016\/02\/2Logo2014.jpg\"><img loading=\"lazy\" decoding=\"async\" class=\" wp-image-467 size-full aligncenter\" src=\"http:\/\/agora.xtec.cat\/cfajaumetuset\/wp-content\/uploads\/usu147\/2016\/02\/2Logo2014.jpg\" alt=\"2Logo2014\" width=\"425\" height=\"156\" srcset=\"https:\/\/agora.xtec.cat\/cfajaumetuset\/wp-content\/uploads\/usu147\/2016\/02\/2Logo2014.jpg 425w, https:\/\/agora.xtec.cat\/cfajaumetuset\/wp-content\/uploads\/usu147\/2016\/02\/2Logo2014-300x110.jpg 300w\" sizes=\"auto, (max-width: 425px) 100vw, 425px\" \/><\/a><\/p>\n<p>Aquesta oferta es fa amb de manera coordinada entre el professorat del centre i el servei psicopedag\u00f2gic <a href=\"http:\/\/gpsamillorfutur.hol.es\/el-gps\/\"><strong>&#8220;GPS cap a un futur millor&#8221;<\/strong><\/a>. Es duu a terme mitjan\u00e7ant conveni entre la <a href=\"https:\/\/www.ripollet.cat\/\"><strong><em>Regidoria d&#8217;Educaci\u00f3 de l&#8217;Ajuntament de Ripollet<\/em><\/strong><\/a> i l&#8217;<a href=\"http:\/\/gpsamillorfutur.hol.es\/el-gps\/fem-pedagogia\/\"><strong><em>Associaci\u00f3 Fem Pedagogia<\/em><\/strong><\/a> que es dedica a aquesta tasca.<\/p>\n","protected":false},"excerpt":{"rendered":"<p>EQUIP DOCENT<\/p>\n<p>PROFESSORAT<\/p>\n<p>COORDINACI\u00d3<\/p>\n<p>TUTORIA<\/p>\n<p>M\u00aa Jos\u00e9 de Haro<br \/>\nDirectora Centre<\/p>\n<p>Angl\u00e8s 3 Tarda<\/p>\n<p>Concepci\u00f3n Hidalgo<br \/>\nCap d&#8217;Estudis Centre\u00a0<\/p>\n<p>GES 1 Mat\u00ed<\/p>\n<p>Laura Lacoma<br \/>\nSecret\u00e0ria Centre\u00a0<\/p>\n<p>Catal\u00e0 1 Tarda<br \/>\nInf. Inicial Tarda \/ Competic 2<\/p>\n<p>Arcadi Pardo<br \/>\nCoordinaci\u00f3 Angl\u00e8s<br \/>\nAngl\u00e8s 1 Tarda<br \/>\nAngl\u00e8s 2 Mat\u00ed \/ Tarda<br \/>\nAngl\u00e8s 3 Mat\u00ed<br \/>\nInstrumental 2 Tarda<\/p>\n<p>Marta Iribarren<\/p>\n<p>Castell\u00e0 1 Mat\u00ed<\/p>\n<p>Jose P\u00e9rez<br \/>\nCoordinaci\u00f3 GES (Graduat Educaci\u00f3 Secund\u00e0ria)<br \/>\nGES 1 Tarda \/&hellip;  <a href=\"https:\/\/agora.xtec.cat\/cfajaumetuset\/el-centre\/organitzacio-interna\/\" title=\"Read Tutories. Assessorament i Orientaci\u00f3\">Llegeix m\u00e9s\u00bb<\/a><\/p>\n","protected":false},"author":2,"featured_media":0,"parent":261,"menu_order":5,"comment_status":"closed","ping_status":"closed","template":"page-templates\/side-menu.php","meta":{"_bbp_topic_count":0,"_bbp_reply_count":0,"_bbp_total_topic_count":0,"_bbp_total_reply_count":0,"_bbp_voice_count":0,"_bbp_anonymous_reply_count":0,"_bbp_topic_count_hidden":0,"_bbp_reply_count_hidden":0,"_bbp_forum_subforum_count":0,"footnotes":""},"class_list":["post-265","page","type-page","status-publish","hentry"],"post_mailing_queue_ids":[],"_links":{"self":[{"href":"https:\/\/agora.xtec.cat\/cfajaumetuset\/wp-json\/wp\/v2\/pages\/265","targetHints":{"allow":["GET"]}}],"collection":[{"href":"https:\/\/agora.xtec.cat\/cfajaumetuset\/wp-json\/wp\/v2\/pages"}],"about":[{"href":"https:\/\/agora.xtec.cat\/cfajaumetuset\/wp-json\/wp\/v2\/types\/page"}],"author":[{"embeddable":true,"href":"https:\/\/agora.xtec.cat\/cfajaumetuset\/wp-json\/wp\/v2\/users\/2"}],"replies":[{"embeddable":true,"href":"https:\/\/agora.xtec.cat\/cfajaumetuset\/wp-json\/wp\/v2\/comments?post=265"}],"version-history":[{"count":6,"href":"https:\/\/agora.xtec.cat\/cfajaumetuset\/wp-json\/wp\/v2\/pages\/265\/revisions"}],"predecessor-version":[{"id":2839,"href":"https:\/\/agora.xtec.cat\/cfajaumetuset\/wp-json\/wp\/v2\/pages\/265\/revisions\/2839"}],"up":[{"embeddable":true,"href":"https:\/\/agora.xtec.cat\/cfajaumetuset\/wp-json\/wp\/v2\/pages\/261"}],"wp:attachment":[{"href":"https:\/\/agora.xtec.cat\/cfajaumetuset\/wp-json\/wp\/v2\/media?parent=265"}],"curies":[{"name":"wp","href":"https:\/\/api.w.org\/{rel}","templated":true}]}}