{"id":261,"date":"2015-01-27T17:25:01","date_gmt":"2015-01-27T16:25:01","guid":{"rendered":"http:\/\/agora.xtec.cat\/cfajaumetuset\/?page_id=261"},"modified":"2022-04-23T07:43:27","modified_gmt":"2022-04-23T05:43:27","slug":"el-centre","status":"publish","type":"page","link":"https:\/\/agora.xtec.cat\/cfajaumetuset\/el-centre\/","title":{"rendered":"El Centre"},"content":{"rendered":"<p><a href=\"http:\/\/agora.xtec.cat\/cfajaumetuset\/wp-content\/uploads\/usu147\/2016\/02\/Jaumetuset.jpeg\"><img loading=\"lazy\" decoding=\"async\" class=\"alignnone size-full wp-image-478\" src=\"http:\/\/agora.xtec.cat\/cfajaumetuset\/wp-content\/uploads\/usu147\/2016\/02\/Jaumetuset.jpeg\" alt=\"Jaumetuset\" width=\"434\" height=\"326\" srcset=\"https:\/\/agora.xtec.cat\/cfajaumetuset\/wp-content\/uploads\/usu147\/2016\/02\/Jaumetuset.jpeg 434w, https:\/\/agora.xtec.cat\/cfajaumetuset\/wp-content\/uploads\/usu147\/2016\/02\/Jaumetuset-300x225.jpeg 300w, https:\/\/agora.xtec.cat\/cfajaumetuset\/wp-content\/uploads\/usu147\/2016\/02\/Jaumetuset-200x150.jpeg 200w\" sizes=\"auto, (max-width: 434px) 100vw, 434px\" \/><\/a><\/p>\n<h2>El Centre de Formaci\u00f3 de persones adultes Jaume Tuset \u00e9s de titularitat p\u00fablica del Departament d&#8217;Ensenyament de la Generalitat de Catalunya.<\/h2>\n<h2>Est\u00e0 situat a Ripollet, a la Rambla dels Pinetons en un indret molt c\u00e8ntric del poble. Tamb\u00e9 t\u00e9 aules al carrer Sant Sebasti\u00e0, dins del barri del Pont Vell-Tiana.<\/h2>\n<h2>T\u00e9 una oferta educativa de formaci\u00f3 de persones adultes:<\/h2>\n<ul>\n<li>Graduat de secund\u00e0ria (GES)<\/li>\n<li>Llengua catalana i castellana<\/li>\n<li>Llengua anglesa<\/li>\n<li>Inform\u00e0tica<\/li>\n<li>Preparaci\u00f3 per a les proves d\u2019acc\u00e9s de cicles formatius de grau superior<\/li>\n<li>Preparaci\u00f3 per a les proves d\u2019acc\u00e9s a la universitat per a m\u00e9s grans de 25 anys i 45 anys<\/li>\n<li>Formaci\u00f3 b\u00e0sica i instrumental<\/li>\n<li>Altres estudis formatius<\/li>\n<\/ul>\n<h2>A part, es realitzen activitats culturals complement\u00e0ries per a l&#8217;alumnat del centre i tallers art\u00edstics o de formaci\u00f3 permanent amb l&#8217;Associaci\u00f3 Cultural i d&#8217;EA Jaume Tuset.<\/h2>\n<h2><\/h2>\n<h2>Per a m\u00e9s informaci\u00f3 podeu adre\u00e7ar-vos a Secretaria.<\/h2>\n<p>&nbsp;<\/p>\n<table style=\"height: 290px; width: 811px;\">\n<tbody>\n<tr>\n<td style=\"border-color: #ffffff; background-color: #ad403d; text-align: center; width: 803px;\" colspan=\"2\">\n<h1><span style=\"color: #ffffff;\">CFA JAUME TUSET<\/span><\/h1>\n<h2><span style=\"color: #ffffff;\">Horari de secretaria: atenci\u00f3 al p\u00fablic<\/span><\/h2>\n<\/td>\n<\/tr>\n<tr>\n<td style=\"border-color: #ffffff; background-color: #ad403d; text-align: center; width: 470px;\">\n<h3><span style=\"color: #ffffff;\">De dilluns a divendres<\/span><\/h3>\n<\/td>\n<td style=\"border-color: #ffffff; background-color: #ad403d; text-align: center; width: 333px;\">\n<h3><span style=\"color: #ffffff;\">Mat\u00ed de 10:00 a 13:00<\/span><\/h3>\n<\/td>\n<\/tr>\n<tr>\n<td style=\"border-color: #ffffff; background-color: #ad403d; text-align: center; width: 470px;\">\n<h3><span style=\"color: #ffffff;\">De dilluns a dijous<br \/>\n<\/span><\/h3>\n<\/td>\n<td style=\"border-color: #ffffff; background-color: #ad403d; text-align: center; width: 333px;\">\n<h3><span style=\"color: #ffffff;\">Tarda de 16:00 a 19:00<\/span><\/h3>\n<\/td>\n<\/tr>\n<\/tbody>\n<\/table>\n<h3 style=\"text-align: center;\"><\/h3>\n<p>CFA JAUME TUSET. Centre d&#8217;educaci\u00f3 de persones adultes de Ripollet. Comptem amb les persones!<\/p>\n<p>&nbsp;<\/p>\n","protected":false},"excerpt":{"rendered":"<p><a href=\"http:\/\/agora.xtec.cat\/cfajaumetuset\/wp-content\/uploads\/usu147\/2016\/02\/Jaumetuset.jpeg\"><\/a><br \/>\nEl Centre de Formaci\u00f3 de persones adultes Jaume Tuset \u00e9s de titularitat p\u00fablica del Departament d&#8217;Ensenyament de la Generalitat de Catalunya.<br \/>\nEst\u00e0 situat a Ripollet, a la Rambla dels Pinetons en un indret molt c\u00e8ntric del poble. Tamb\u00e9 t\u00e9 aules al carrer Sant Sebasti\u00e0, dins&hellip;  <a href=\"https:\/\/agora.xtec.cat\/cfajaumetuset\/el-centre\/\" title=\"Read El Centre\">Llegeix m\u00e9s\u00bb<\/a><\/p>\n","protected":false},"author":2,"featured_media":0,"parent":0,"menu_order":0,"comment_status":"closed","ping_status":"closed","template":"page-templates\/side-menu.php","meta":{"_bbp_topic_count":0,"_bbp_reply_count":0,"_bbp_total_topic_count":0,"_bbp_total_reply_count":0,"_bbp_voice_count":0,"_bbp_anonymous_reply_count":0,"_bbp_topic_count_hidden":0,"_bbp_reply_count_hidden":0,"_bbp_forum_subforum_count":0,"footnotes":""},"class_list":["post-261","page","type-page","status-publish","hentry"],"post_mailing_queue_ids":[],"_links":{"self":[{"href":"https:\/\/agora.xtec.cat\/cfajaumetuset\/wp-json\/wp\/v2\/pages\/261","targetHints":{"allow":["GET"]}}],"collection":[{"href":"https:\/\/agora.xtec.cat\/cfajaumetuset\/wp-json\/wp\/v2\/pages"}],"about":[{"href":"https:\/\/agora.xtec.cat\/cfajaumetuset\/wp-json\/wp\/v2\/types\/page"}],"author":[{"embeddable":true,"href":"https:\/\/agora.xtec.cat\/cfajaumetuset\/wp-json\/wp\/v2\/users\/2"}],"replies":[{"embeddable":true,"href":"https:\/\/agora.xtec.cat\/cfajaumetuset\/wp-json\/wp\/v2\/comments?post=261"}],"version-history":[{"count":3,"href":"https:\/\/agora.xtec.cat\/cfajaumetuset\/wp-json\/wp\/v2\/pages\/261\/revisions"}],"predecessor-version":[{"id":2063,"href":"https:\/\/agora.xtec.cat\/cfajaumetuset\/wp-json\/wp\/v2\/pages\/261\/revisions\/2063"}],"wp:attachment":[{"href":"https:\/\/agora.xtec.cat\/cfajaumetuset\/wp-json\/wp\/v2\/media?parent=261"}],"curies":[{"name":"wp","href":"https:\/\/api.w.org\/{rel}","templated":true}]}}