{"id":734,"date":"2023-03-17T17:47:18","date_gmt":"2023-03-17T16:47:18","guid":{"rendered":"https:\/\/agora.xtec.cat\/cfaguixols\/?page_id=734"},"modified":"2025-12-09T18:45:33","modified_gmt":"2025-12-09T17:45:33","slug":"equip-docent","status":"publish","type":"page","link":"https:\/\/agora.xtec.cat\/cfaguixols\/equip-docent\/","title":{"rendered":"Equip docent i PAS"},"content":{"rendered":"<p id=\"yui_3_17_2_1_1679070731175_1258\">Els membres de<strong>\u00a0l&#8217;equip docent<\/strong>\u00a0del Centre s\u00f3n:<\/p>\n<blockquote>\n<h3><span style=\"color: #003300;\">DEPARTAMENT EDUCACI\u00d3:<\/span><\/h3>\n<\/blockquote>\n<ul style=\"list-style-type: circle;\">\n<li>\n<h6><span style=\"color: #0000ff;\"><b>EVA ALCOLEA VILADRICH<\/b><\/span><\/h6>\n<\/li>\n<li>\n<h6><span style=\"color: #0000ff;\"><b><\/b><b>N\u00daRIA BAYER LLOVERAS<\/b><\/span><\/h6>\n<\/li>\n<li>\n<h6><span style=\"color: #0000ff;\"><b><\/b><strong>\u00c0LEX BONANY CAPDEFERRO<\/strong><\/span><\/h6>\n<\/li>\n<li>\n<h6><span style=\"color: #0000ff;\"><strong>CORAL BONET GINESTA<\/strong><\/span><\/h6>\n<\/li>\n<li>\n<h6><span style=\"color: #0000ff;\"><strong>ALBA CARB\u00d3<\/strong><\/span><\/h6>\n<\/li>\n<li>\n<h6><span style=\"color: #0000ff;\"><strong>ESTER CARB\u00d3<\/strong><\/span><\/h6>\n<\/li>\n<li>\n<h6><span style=\"color: #0000ff;\"><strong>RA\u00dcL OLMEDO<\/strong><\/span><\/h6>\n<\/li>\n<li>\n<h6><span style=\"color: #0000ff;\"><b>M\u00d2NICA PAV\u00d3N GARC\u00cdA<\/b><\/span><\/h6>\n<\/li>\n<li><span style=\"color: #0000ff;\"><strong>\u00c0NGELS R\u00cdO N\u00da\u00d1EZ<\/strong><\/span><\/li>\n<li>\n<h6><span style=\"color: #0000ff;\"><strong>DAVID SOLER<\/strong><\/span><\/h6>\n<\/li>\n<\/ul>\n<blockquote>\n<h3><span style=\"color: #003300;\"><em>AFOCO:<\/em><\/span><\/h3>\n<\/blockquote>\n<ul>\n<li><span style=\"color: #0000ff;\"><strong>LEO GASCONS PRATS<\/strong><\/span><\/li>\n<li><strong><span style=\"color: #0000ff;\">KATE NEMASH<\/span><\/strong><\/li>\n<\/ul>\n<blockquote><p><span style=\"color: #003300;\"><span style=\"font-size: 1.6875em; font-weight: bold;\">El <\/span><strong style=\"font-size: 1.6875em;\">personal PAS<\/strong><span style=\"font-size: 1.6875em; font-weight: bold;\">\u00a0del Centre:<\/span><\/span><\/p><\/blockquote>\n<ul>\n<li><span style=\"color: #0000ff;\"><b>FINA CANO VI\u00d1AS<\/b><\/span><\/li>\n<\/ul>\n","protected":false},"excerpt":{"rendered":"<p>Els membres de\u00a0l&#8217;equip docent\u00a0del Centre s\u00f3n:<\/p>\n<p>DEPARTAMENT EDUCACI\u00d3:<\/p>\n<ul style=\"list-style-type: circle;\">\n<li>\nEVA ALCOLEA VILADRICH\n<\/li>\n<li>\nN\u00daRIA BAYER LLOVERAS\n<\/li>\n<li>\n\u00c0LEX BONANY CAPDEFERRO\n<\/li>\n<li>\nCORAL BONET GINESTA\n<\/li>\n<li>\nALBA CARB\u00d3\n<\/li>\n<li>\nESTER CARB\u00d3\n<\/li>\n<li>\nRA\u00dcL OLMEDO\n<\/li>\n<li>\nM\u00d2NICA PAV\u00d3N GARC\u00cdA\n<\/li>\n<li>\u00c0NGELS R\u00cdO N\u00da\u00d1EZ<\/li>\n<li>\nDAVID SOLER\n<\/li>\n<\/ul>\n<p>AFOCO:<\/p>\n<ul>\n<li>LEO GASCONS PRATS<\/li>\n<li>KATE NEMASH<\/li>\n<\/ul>\n<p>El personal PAS\u00a0del Centre:<\/p>\n<ul>\n<li>FINA CANO VI\u00d1AS<\/li>\n<\/ul>\n","protected":false},"author":1,"featured_media":0,"parent":0,"menu_order":0,"comment_status":"closed","ping_status":"closed","template":"","meta":{"_bbp_topic_count":0,"_bbp_reply_count":0,"_bbp_total_topic_count":0,"_bbp_total_reply_count":0,"_bbp_voice_count":0,"_bbp_anonymous_reply_count":0,"_bbp_topic_count_hidden":0,"_bbp_reply_count_hidden":0,"_bbp_forum_subforum_count":0,"footnotes":""},"class_list":["post-734","page","type-page","status-publish","hentry"],"post_mailing_queue_ids":[],"_links":{"self":[{"href":"https:\/\/agora.xtec.cat\/cfaguixols\/wp-json\/wp\/v2\/pages\/734","targetHints":{"allow":["GET"]}}],"collection":[{"href":"https:\/\/agora.xtec.cat\/cfaguixols\/wp-json\/wp\/v2\/pages"}],"about":[{"href":"https:\/\/agora.xtec.cat\/cfaguixols\/wp-json\/wp\/v2\/types\/page"}],"author":[{"embeddable":true,"href":"https:\/\/agora.xtec.cat\/cfaguixols\/wp-json\/wp\/v2\/users\/1"}],"replies":[{"embeddable":true,"href":"https:\/\/agora.xtec.cat\/cfaguixols\/wp-json\/wp\/v2\/comments?post=734"}],"version-history":[{"count":6,"href":"https:\/\/agora.xtec.cat\/cfaguixols\/wp-json\/wp\/v2\/pages\/734\/revisions"}],"predecessor-version":[{"id":1758,"href":"https:\/\/agora.xtec.cat\/cfaguixols\/wp-json\/wp\/v2\/pages\/734\/revisions\/1758"}],"wp:attachment":[{"href":"https:\/\/agora.xtec.cat\/cfaguixols\/wp-json\/wp\/v2\/media?parent=734"}],"curies":[{"name":"wp","href":"https:\/\/api.w.org\/{rel}","templated":true}]}}