{"id":731,"date":"2023-03-17T17:31:33","date_gmt":"2023-03-17T16:31:33","guid":{"rendered":"https:\/\/agora.xtec.cat\/cfaguixols\/?page_id=731"},"modified":"2025-12-09T18:42:37","modified_gmt":"2025-12-09T17:42:37","slug":"equip-de-coordinacio","status":"publish","type":"page","link":"https:\/\/agora.xtec.cat\/cfaguixols\/equip-de-coordinacio\/","title":{"rendered":"Equip de coordinaci\u00f3"},"content":{"rendered":"<p id=\"yui_3_17_2_1_1679070551074_1191\">Les coordinadores dels diferents ensenyaments s\u00f3n:<\/p>\n<ul>\n<li>\n<h6><strong>COORDINACI\u00d3 ENSENYAMENTS INIICIALS I B\u00c0SICS<\/strong><strong>:\u00a0<span style=\"color: #ff6600;\">Alba Carb\u00f3.<\/span><\/strong><\/h6>\n<\/li>\n<\/ul>\n<ul>\n<li>\n<h6><strong>COORDINACI\u00d3 DE COMPET\u00c8NCIES PER A LA SOCIETAT DE LA INFORMACI\u00d3 I INFORMACI\u00d3: <span style=\"color: #ff6600;\">Ester Carb\u00f3.<\/span><\/strong><\/h6>\n<\/li>\n<li>\n<h6><strong>COORDINACI\u00d3 DE PROVES D&#8217;ACC\u00c9S<\/strong>: <strong><span style=\"color: #ff6600;\">M\u00f2nica Pav\u00f3n.<\/span><\/strong><\/h6>\n<\/li>\n<li>\n<h6><strong>COORDINACI\u00d3 DE FORMACI\u00d3 B\u00c0SICA<\/strong>: <strong><span style=\"color: #ff6600;\">N\u00faria Bayer.<\/span><\/strong><\/h6>\n<\/li>\n<li>\n<h6><strong>COORDINACI\u00d3 COEDUCACI\u00d3, CONVIV\u00c8NCIA I BENESTAR: <span style=\"color: #ff6600;\">Eva Alcolea.<\/span><\/strong><\/h6>\n<\/li>\n<\/ul>\n","protected":false},"excerpt":{"rendered":"<p>Les coordinadores dels diferents ensenyaments s\u00f3n:<\/p>\n<ul>\n<li>\nCOORDINACI\u00d3 ENSENYAMENTS INIICIALS I B\u00c0SICS:\u00a0Alba Carb\u00f3.\n<\/li>\n<\/ul>\n<ul>\n<li>\nCOORDINACI\u00d3 DE COMPET\u00c8NCIES PER A LA SOCIETAT DE LA INFORMACI\u00d3 I INFORMACI\u00d3: Ester Carb\u00f3.\n<\/li>\n<li>\nCOORDINACI\u00d3 DE PROVES D&#8217;ACC\u00c9S: M\u00f2nica Pav\u00f3n.\n<\/li>\n<li>\nCOORDINACI\u00d3 DE FORMACI\u00d3 B\u00c0SICA: N\u00faria Bayer.\n<\/li>\n<li>\nCOORDINACI\u00d3 COEDUCACI\u00d3, CONVIV\u00c8NCIA I BENESTAR: Eva Alcolea.\n<\/li>\n<\/ul>\n","protected":false},"author":1,"featured_media":0,"parent":0,"menu_order":0,"comment_status":"closed","ping_status":"closed","template":"","meta":{"_bbp_topic_count":0,"_bbp_reply_count":0,"_bbp_total_topic_count":0,"_bbp_total_reply_count":0,"_bbp_voice_count":0,"_bbp_anonymous_reply_count":0,"_bbp_topic_count_hidden":0,"_bbp_reply_count_hidden":0,"_bbp_forum_subforum_count":0,"footnotes":""},"class_list":["post-731","page","type-page","status-publish","hentry"],"post_mailing_queue_ids":[],"_links":{"self":[{"href":"https:\/\/agora.xtec.cat\/cfaguixols\/wp-json\/wp\/v2\/pages\/731","targetHints":{"allow":["GET"]}}],"collection":[{"href":"https:\/\/agora.xtec.cat\/cfaguixols\/wp-json\/wp\/v2\/pages"}],"about":[{"href":"https:\/\/agora.xtec.cat\/cfaguixols\/wp-json\/wp\/v2\/types\/page"}],"author":[{"embeddable":true,"href":"https:\/\/agora.xtec.cat\/cfaguixols\/wp-json\/wp\/v2\/users\/1"}],"replies":[{"embeddable":true,"href":"https:\/\/agora.xtec.cat\/cfaguixols\/wp-json\/wp\/v2\/comments?post=731"}],"version-history":[{"count":6,"href":"https:\/\/agora.xtec.cat\/cfaguixols\/wp-json\/wp\/v2\/pages\/731\/revisions"}],"predecessor-version":[{"id":1757,"href":"https:\/\/agora.xtec.cat\/cfaguixols\/wp-json\/wp\/v2\/pages\/731\/revisions\/1757"}],"wp:attachment":[{"href":"https:\/\/agora.xtec.cat\/cfaguixols\/wp-json\/wp\/v2\/media?parent=731"}],"curies":[{"name":"wp","href":"https:\/\/api.w.org\/{rel}","templated":true}]}}