{"id":718,"date":"2023-03-17T15:51:45","date_gmt":"2023-03-17T14:51:45","guid":{"rendered":"https:\/\/agora.xtec.cat\/cfaguixols\/?page_id=718"},"modified":"2023-03-17T15:51:50","modified_gmt":"2023-03-17T14:51:50","slug":"qui-som-2","status":"publish","type":"page","link":"https:\/\/agora.xtec.cat\/cfaguixols\/qui-som-2\/","title":{"rendered":"Qui som?"},"content":{"rendered":"<p style=\"text-align: justify;\">El CFA Sant Feliu de Gu\u00edxols es troba situat al barri de Vilartagues, concretament a la primera i segona planta del Centre C\u00edvic Vilartagues (Pla\u00e7a Salvador Espriu).<\/p>\n<p style=\"text-align: justify;\">Som un centre p\u00fablic al qual assisteixen aproximadament uns 600 alumnes de diferents estatus socials i proced\u00e8ncies diverses: Catalunya, i pa\u00efsos del primer m\u00f3n, Magreb, africans sudsaharians, d&#8217;Am\u00e8rica del Sud, \u00c0sia i pa\u00efsos de l&#8217;Est, abastant no nom\u00e9s els\/les residents a la ciutat de Sant Feliu de Gu\u00edxols, sin\u00f3, tamb\u00e9, les de poblacions ve\u00efnes com Santa Cristina d&#8217;Aro, Castell-Platja d&#8217;Aro, Calonge, Palam\u00f3s i Llagostera. El ventall d&#8217;edats \u00e9s tan ampli com les proced\u00e8ncies i va des dels divuit anys, o setze si compleixen els requisits establerts, fins quasi vuitanta. Les motivacions personals dels nostres usuaris s\u00f3n molt diverses: superaci\u00f3 d&#8217;una prova d&#8217;acc\u00e9s, obtenci\u00f3 de titulaci\u00f3, alfabetitzaci\u00f3, inserci\u00f3 social, promoci\u00f3 personal i professional, frac\u00e0s escolar, lleure,&#8230;<\/p>\n<p style=\"text-align: justify;\">Els principis psicopedag\u00f2gics que inspiren la nostra tasca docent s\u00f3n:educaci\u00f3 emocional, atenci\u00f3 a la diversitat, atenci\u00f3 a la individualitat, qualitat acad\u00e8mica, aprendre a aprendre, treball personal i en grup, normalitzaci\u00f3, educaci\u00f3 no sexista, educaci\u00f3 participativa i oberta.<\/p>\n<p style=\"text-align: justify;\">Els valors que pretenem fomentar s\u00f3n: autonomia, integritat, igualtat, respecte a un mateix i als altres, responsabilitat, rigor, efici\u00e8ncia, efic\u00e0cia i sobretot la cultura de l&#8217;esfor\u00e7.<\/p>\n<p style=\"text-align: justify;\">L&#8217;escola pret\u00e9n proporcionar un ambient obert i de participaci\u00f3 democr\u00e0tica, tant a nivell de gesti\u00f3, funcionament i organitzaci\u00f3 com en el propi proc\u00e9s d&#8217;aprenentatge.<\/p>\n","protected":false},"excerpt":{"rendered":"<p>El CFA Sant Feliu de Gu\u00edxols es troba situat al barri de Vilartagues, concretament a la primera i segona planta del Centre C\u00edvic Vilartagues (Pla\u00e7a Salvador Espriu).<br \/>\nSom un centre p\u00fablic al qual assisteixen aproximadament uns 600 alumnes de diferents estatus socials i proced\u00e8ncies diverses: Catalunya,&hellip;  <a href=\"https:\/\/agora.xtec.cat\/cfaguixols\/qui-som-2\/\" title=\"Read Qui som?\">Llegeix m\u00e9s\u00bb<\/a><\/p>\n","protected":false},"author":1,"featured_media":0,"parent":0,"menu_order":0,"comment_status":"closed","ping_status":"closed","template":"","meta":{"_bbp_topic_count":0,"_bbp_reply_count":0,"_bbp_total_topic_count":0,"_bbp_total_reply_count":0,"_bbp_voice_count":0,"_bbp_anonymous_reply_count":0,"_bbp_topic_count_hidden":0,"_bbp_reply_count_hidden":0,"_bbp_forum_subforum_count":0,"footnotes":""},"class_list":["post-718","page","type-page","status-publish","hentry"],"post_mailing_queue_ids":[],"_links":{"self":[{"href":"https:\/\/agora.xtec.cat\/cfaguixols\/wp-json\/wp\/v2\/pages\/718","targetHints":{"allow":["GET"]}}],"collection":[{"href":"https:\/\/agora.xtec.cat\/cfaguixols\/wp-json\/wp\/v2\/pages"}],"about":[{"href":"https:\/\/agora.xtec.cat\/cfaguixols\/wp-json\/wp\/v2\/types\/page"}],"author":[{"embeddable":true,"href":"https:\/\/agora.xtec.cat\/cfaguixols\/wp-json\/wp\/v2\/users\/1"}],"replies":[{"embeddable":true,"href":"https:\/\/agora.xtec.cat\/cfaguixols\/wp-json\/wp\/v2\/comments?post=718"}],"version-history":[{"count":1,"href":"https:\/\/agora.xtec.cat\/cfaguixols\/wp-json\/wp\/v2\/pages\/718\/revisions"}],"predecessor-version":[{"id":719,"href":"https:\/\/agora.xtec.cat\/cfaguixols\/wp-json\/wp\/v2\/pages\/718\/revisions\/719"}],"wp:attachment":[{"href":"https:\/\/agora.xtec.cat\/cfaguixols\/wp-json\/wp\/v2\/media?parent=718"}],"curies":[{"name":"wp","href":"https:\/\/api.w.org\/{rel}","templated":true}]}}