{"id":305,"date":"2015-01-28T11:24:04","date_gmt":"2015-01-28T10:24:04","guid":{"rendered":"http:\/\/agora.xtec.cat\/cfagransol\/\/?page_id=305"},"modified":"2020-05-24T20:57:31","modified_gmt":"2020-05-24T18:57:31","slug":"curs-dacces-als-cicles-de-grau-mitja","status":"publish","type":"page","link":"https:\/\/agora.xtec.cat\/cfagransol\/ensenyaments\/ensenyaments-inicials-i-formacio-basica\/curs-dacces-als-cicles-de-grau-mitja\/","title":{"rendered":"Curs espec\u00edfic d&#8217;acc\u00e9s als cicles de grau mitj\u00e0 (CAM)"},"content":{"rendered":"<p>Aquests estudis permeten a les persones que el superen l&#8217;acc\u00e9s directe als cicles de grau mitj\u00e0 de formaci\u00f3 professional inicial; en el cas dels ensenyaments professionals d&#8217;arts pl\u00e0stiques i disseny permet l&#8217;exempci\u00f3 de la part comuna de la prova d&#8217;acc\u00e9s i en el cas dels ensenyaments esportius, l&#8217;exempci\u00f3 de la prova d&#8217;acc\u00e9s de car\u00e0cter general.<\/p>\n<p>Les mat\u00e8ries del curs s&#8217;estructuren en tres \u00e0mbits: \u00e0mbit de la comunicaci\u00f3 (COM), \u00e0mbit social (SOC) i \u00e0mbit cientificotecnol\u00f2gic (CTE).<\/p>\n<p>La durada m\u00ednima d&#8217;aquest curs \u00e9s de\u00a0600 hores.<\/p>\n<p>Poden accedir les persones que no tenen el t\u00edtol de graduat en educaci\u00f3 secund\u00e0ria obligat\u00f2ria o equivalent acad\u00e8mic i que l&#8217;any en qu\u00e8 es matriculen del curs compleixen, com a m\u00ednim, 17 anys.<\/p>\n<p>Per cursar aquest curs cal formalitzar-ne la matr\u00edcula d&#8217;acord amb els criteris fixats pel Departament d&#8217;Ensenyament.<\/p>\n<p>L&#8217;<strong>import de la matr\u00edcula<\/strong>\u00a0per als centres dependents del Departament d&#8217;Ensenyament \u00e9s de 190 euros.<\/p>\n<p>Consulteu els sup\u00f2sits d&#8217;exempcions i bonificacions generals i espec\u00edfiques a l&#8217;apartat de\u00a0<strong><a href=\"http:\/\/ensenyament.gencat.cat\/ca\/departament\/normativa\/taxes-preus-publics\/preu-public\/#FW_bloc_1dd3fc94-656d-11e4-b4dc-000c29cdf219_3\">preus p\u00fablics<\/a><\/strong>.<\/p>\n<p>La superaci\u00f3 d&#8217;aquest curs t\u00e9 els efectes seg\u00fcents:<\/p>\n<ul>\n<li><strong>Acc\u00e9s directe<\/strong> a qualsevol cicle de grau mitj\u00e0\u00a0de formaci\u00f3 professional inicial.<\/li>\n<li><strong>Exempci\u00f3<\/strong> de la part\u00a0comuna de la prova d&#8217;acc\u00e9s als cicles formatius de grau mitj\u00e0 d&#8217;arts pl\u00e0stiques i disseny (per\u00f2 no de la part espec\u00edfica, que l&#8217;alumnat haur\u00e0 de superar).<\/li>\n<li><strong>Exempci\u00f3<\/strong> de la prova d&#8217;acc\u00e9s de car\u00e0cter general als ensenyaments esportius de r\u00e8gim especial.<\/li>\n<\/ul>\n<ul>\n<li>HORARI\n<ul>\n<li>Matins de dilluns a divendres.<\/li>\n<\/ul>\n<\/li>\n<li>Promoci\u00f3 de curs i\/o obtenci\u00f3 de certificaci\u00f3.<\/li>\n<\/ul>\n<p><a href=\"http:\/\/queestudiar.gencat.cat\/ca\/estudis\/adults\/estudis\/curs-especific-acces-gm\/\">M\u00e9s informaci\u00f3<\/a><\/p>\n","protected":false},"excerpt":{"rendered":"<p>Aquests estudis permeten a les persones que el superen l&#8217;acc\u00e9s directe als cicles de grau mitj\u00e0 de formaci\u00f3 professional inicial; en el cas dels ensenyaments professionals d&#8217;arts pl\u00e0stiques i disseny permet l&#8217;exempci\u00f3 de la part comuna de la prova d&#8217;acc\u00e9s i en el cas dels&hellip;  <a href=\"https:\/\/agora.xtec.cat\/cfagransol\/ensenyaments\/ensenyaments-inicials-i-formacio-basica\/curs-dacces-als-cicles-de-grau-mitja\/\" title=\"Read Curs espec\u00edfic d&#8217;acc\u00e9s als cicles de grau mitj\u00e0 (CAM)\">Llegeix m\u00e9s\u00bb<\/a><\/p>\n","protected":false},"author":2,"featured_media":0,"parent":283,"menu_order":0,"comment_status":"closed","ping_status":"closed","template":"page-templates\/side-menu.php","meta":{"_bbp_topic_count":0,"_bbp_reply_count":0,"_bbp_total_topic_count":0,"_bbp_total_reply_count":0,"_bbp_voice_count":0,"_bbp_anonymous_reply_count":0,"_bbp_topic_count_hidden":0,"_bbp_reply_count_hidden":0,"_bbp_forum_subforum_count":0,"footnotes":""},"class_list":["post-305","page","type-page","status-publish","hentry"],"post_mailing_queue_ids":[],"_links":{"self":[{"href":"https:\/\/agora.xtec.cat\/cfagransol\/wp-json\/wp\/v2\/pages\/305","targetHints":{"allow":["GET"]}}],"collection":[{"href":"https:\/\/agora.xtec.cat\/cfagransol\/wp-json\/wp\/v2\/pages"}],"about":[{"href":"https:\/\/agora.xtec.cat\/cfagransol\/wp-json\/wp\/v2\/types\/page"}],"author":[{"embeddable":true,"href":"https:\/\/agora.xtec.cat\/cfagransol\/wp-json\/wp\/v2\/users\/2"}],"replies":[{"embeddable":true,"href":"https:\/\/agora.xtec.cat\/cfagransol\/wp-json\/wp\/v2\/comments?post=305"}],"version-history":[{"count":3,"href":"https:\/\/agora.xtec.cat\/cfagransol\/wp-json\/wp\/v2\/pages\/305\/revisions"}],"predecessor-version":[{"id":2011,"href":"https:\/\/agora.xtec.cat\/cfagransol\/wp-json\/wp\/v2\/pages\/305\/revisions\/2011"}],"up":[{"embeddable":true,"href":"https:\/\/agora.xtec.cat\/cfagransol\/wp-json\/wp\/v2\/pages\/283"}],"wp:attachment":[{"href":"https:\/\/agora.xtec.cat\/cfagransol\/wp-json\/wp\/v2\/media?parent=305"}],"curies":[{"name":"wp","href":"https:\/\/api.w.org\/{rel}","templated":true}]}}