{"id":299,"date":"2015-01-28T11:21:22","date_gmt":"2015-01-28T10:21:22","guid":{"rendered":"http:\/\/agora.xtec.cat\/cfagransol\/\/?page_id=299"},"modified":"2020-05-24T20:45:19","modified_gmt":"2020-05-24T18:45:19","slug":"llengua-castellana","status":"publish","type":"page","link":"https:\/\/agora.xtec.cat\/cfagransol\/ensenyaments\/ensenyaments-inicials-i-formacio-basica\/llengua-castellana\/","title":{"rendered":"Llengua castellana"},"content":{"rendered":"<div class=\"gmail_default\"><span style=\"color: #333399;\"><strong>\u00a0<\/strong><\/span><\/div>\n<p class=\"gmail_default\">\u00a0 \u00a0Aquests estudis tenen com a objectiu que les persones adultes assoleixin un grau de compet\u00e8ncia m\u00ednima per a comunicar-se en llengua castellana, a la nostra escola oferom \u00fanicament el primer curs que correspon al nivell A1 del MECR (Marc europeu com\u00fa de refer\u00e8ncia per a les lleng\u00fces).<\/p>\n<div class=\"gmail_default\"><\/div>\n<p class=\"gmail_default\"><strong>Continguts<\/strong><\/p>\n<p class=\"gmail_default\">En el curs de castell\u00e0 es treballen les habilitats de comprensi\u00f3 i expressi\u00f3 orals i escrites que permeten fer front a la major part de situacions ling\u00fc\u00edstiques de la vida quotidiana.<\/p>\n<p class=\"gmail_default\"><strong>Certificats:<\/strong><\/p>\n<p class=\"gmail_default\">Es poden obtenir\u00a0<b>certificats d&#8217;assist\u00e8ncia<\/b>\u00a0d&#8217;un m\u00ednim de 45 hores i\u00a0<b>certificat\u00a0d&#8217;apte<\/b>\u00a0en A1 en el cas d&#8217; aprovar una prova final de nivell i haver assistit un 65 % a classe.<\/p>\n<p class=\"gmail_default\"><strong>Requisits:\u00a0<\/strong><\/p>\n<p class=\"gmail_default\">Tenir m\u00e9s de 18 anys o b\u00e9\u00a0 complir-los durant l&#8217;any natural en qu\u00e8 inicien la formaci\u00f3. Excepcionalment i ben justificat tamb\u00e9 els majors de 16 anys.<\/p>\n<p class=\"gmail_default\"><strong>Documentaci\u00f3 per fer la matr\u00edcula:<\/strong><\/p>\n<p class=\"gmail_default\">&#8211; Omplir full de matr\u00edcula i signar-lo.<\/p>\n<p class=\"gmail_default\">&#8211; Original i fotoc\u00f2pia del passaport, NIE o DNI<\/p>\n<p class=\"gmail_default\">&#8211; Original fotoc\u00f2pia de la targeta sanit\u00e0ria.<\/p>\n<p class=\"gmail_default\">&#8211; Pagament de 20\u20ac en despesa de material.<\/p>\n<p>&nbsp;<\/p>\n<p class=\"gmail_default\"><strong>Horari d&#8217;atenci\u00f3\u00a0tutorial<\/strong>: Dimecres 17:30 a 18:00<\/p>\n<p class=\"gmail_default\"><strong><em>Informaci\u00f3 i contacte:<\/em><\/strong><\/p>\n<p class=\"gmail_default\">&#8211; <em>Per tel\u00e8fon<\/em> al 933 83 28 03<\/p>\n<p class=\"gmail_default\">&#8211; <em>Presencialment en horari de secretaria:<\/em>\u00a0De dilluns a dijous de 10h a 13h i de 17h a 20h i\u00a0 Divendres de 10h a 13h<\/p>\n<p class=\"gmail_default\"><a href=\"http:\/\/queestudiar.gencat.cat\/ca\/estudis\/adults\/estudis\/llengua-castellana\/?p_id=2330&amp;estudi\"><em><strong>Enlla\u00e7 al curr\u00edculum i informaci\u00f3 del Departament:<\/strong><\/em><\/a><\/p>\n<p class=\"gmail_default\">\n<p class=\"gmail_default\">\n<p class=\"gmail_default\"><strong>Enlla\u00e7 a materials del curs.<\/strong><\/p>\n<p class=\"gmail_default\">Llibre del curs:<\/p>\n<p class=\"gmail_default\"><a href=\"http:\/\/www.circulum.org\/wp-content\/uploads\/2018\/10\/PAL%C3%81GENES-A1-2018-Muestra.pdf\" target=\"_blank\" rel=\"noopener noreferrer\" data-saferedirecturl=\"https:\/\/www.google.com\/url?q=http:\/\/www.circulum.org\/wp-content\/uploads\/2018\/10\/PAL%25C3%2581GENES-A1-2018-Muestra.pdf&amp;source=gmail&amp;ust=1582975140604000&amp;usg=AFQjCNHFi8WRv5LPnfl0zeL_iSJQ3xKhWA\">http:\/\/www.circulum.org\/wp-<wbr \/>content\/uploads\/2018\/10\/PAL%<wbr \/>C3%81GENES-A1-2018-Muestra.pdf<\/a><wbr \/><\/p>\n<p class=\"gmail_default\">Altres Materials:<\/p>\n<p class=\"gmail_default\"><a href=\"http:\/\/aulasptmariareinaeskola.es\/espa%C3%B1ol-para-extranjeros\/\" target=\"_blank\" rel=\"noopener noreferrer\" data-saferedirecturl=\"https:\/\/www.google.com\/url?q=http:\/\/aulasptmariareinaeskola.es\/espa%25C3%25B1ol-para-extranjeros\/&amp;source=gmail&amp;ust=1582975140604000&amp;usg=AFQjCNHvgygNW_esjkNNAHTLvT2ljqLd3w\">http:\/\/<wbr \/>aulasptmariareinaeskola.es\/<wbr \/>espa%C3%B1ol-para-extranjeros\/<\/a><\/p>\n","protected":false},"excerpt":{"rendered":"<p>\u00a0<br \/>\n\u00a0 \u00a0Aquests estudis tenen com a objectiu que les persones adultes assoleixin un grau de compet\u00e8ncia m\u00ednima per a comunicar-se en llengua castellana, a la nostra escola oferom \u00fanicament el primer curs que correspon al nivell A1 del MECR (Marc europeu com\u00fa de refer\u00e8ncia per&hellip;  <a href=\"https:\/\/agora.xtec.cat\/cfagransol\/ensenyaments\/ensenyaments-inicials-i-formacio-basica\/llengua-castellana\/\" title=\"Read Llengua castellana\">Llegeix m\u00e9s\u00bb<\/a><\/p>\n","protected":false},"author":2,"featured_media":0,"parent":283,"menu_order":0,"comment_status":"closed","ping_status":"closed","template":"page-templates\/side-menu.php","meta":{"_bbp_topic_count":0,"_bbp_reply_count":0,"_bbp_total_topic_count":0,"_bbp_total_reply_count":0,"_bbp_voice_count":0,"_bbp_anonymous_reply_count":0,"_bbp_topic_count_hidden":0,"_bbp_reply_count_hidden":0,"_bbp_forum_subforum_count":0,"footnotes":""},"class_list":["post-299","page","type-page","status-publish","hentry"],"post_mailing_queue_ids":[],"_links":{"self":[{"href":"https:\/\/agora.xtec.cat\/cfagransol\/wp-json\/wp\/v2\/pages\/299","targetHints":{"allow":["GET"]}}],"collection":[{"href":"https:\/\/agora.xtec.cat\/cfagransol\/wp-json\/wp\/v2\/pages"}],"about":[{"href":"https:\/\/agora.xtec.cat\/cfagransol\/wp-json\/wp\/v2\/types\/page"}],"author":[{"embeddable":true,"href":"https:\/\/agora.xtec.cat\/cfagransol\/wp-json\/wp\/v2\/users\/2"}],"replies":[{"embeddable":true,"href":"https:\/\/agora.xtec.cat\/cfagransol\/wp-json\/wp\/v2\/comments?post=299"}],"version-history":[{"count":3,"href":"https:\/\/agora.xtec.cat\/cfagransol\/wp-json\/wp\/v2\/pages\/299\/revisions"}],"predecessor-version":[{"id":2005,"href":"https:\/\/agora.xtec.cat\/cfagransol\/wp-json\/wp\/v2\/pages\/299\/revisions\/2005"}],"up":[{"embeddable":true,"href":"https:\/\/agora.xtec.cat\/cfagransol\/wp-json\/wp\/v2\/pages\/283"}],"wp:attachment":[{"href":"https:\/\/agora.xtec.cat\/cfagransol\/wp-json\/wp\/v2\/media?parent=299"}],"curies":[{"name":"wp","href":"https:\/\/api.w.org\/{rel}","templated":true}]}}