{"id":296,"date":"2015-01-28T11:18:08","date_gmt":"2015-01-28T10:18:08","guid":{"rendered":"http:\/\/agora.xtec.cat\/cfagransol\/\/?page_id=296"},"modified":"2020-05-24T20:47:26","modified_gmt":"2020-05-24T18:47:26","slug":"llengua-catalana","status":"publish","type":"page","link":"https:\/\/agora.xtec.cat\/cfagransol\/ensenyaments\/ensenyaments-inicials-i-formacio-basica\/llengua-catalana\/","title":{"rendered":"Llengua catalana"},"content":{"rendered":"<ul>\n<li>Nivells:\n<ul>\n<li>Catal\u00e0 Acolliment (A1):\n<ul>\n<li>Horari: dilluns i divendres de 9 a 10:30<\/li>\n<\/ul>\n<\/li>\n<li>Catal\u00e0 B\u00e0sic (A2):\n<ul>\n<li>Horari: Dilluns i dimecres de 17:30 a 19:30<\/li>\n<\/ul>\n<\/li>\n<\/ul>\n<\/li>\n<li>Durada: Anual de setembre a juny<\/li>\n<li>Promoci\u00f3 de curs i\/o obtenci\u00f3 de certificaci\u00f3: En acabar en curs l&#8217;alumne que hagi superat el nivell obtindr\u00e0 un certificat acreditatiu.<\/li>\n<li><a href=\"http:\/\/queestudiar.gencat.cat\/ca\/estudis\/adults\/estudis\/llengua-catalana\/?p_id=2331&amp;estudi\">Curr\u00edculum i m\u00e9s informaci\u00f3<\/a><\/li>\n<\/ul>\n","protected":false},"excerpt":{"rendered":"<ul>\n<li>Nivells:\n<ul>\n<li>Catal\u00e0 Acolliment (A1):\n<ul>\n<li>Horari: dilluns i divendres de 9 a 10:30<\/li>\n<\/ul>\n<\/li>\n<li>Catal\u00e0 B\u00e0sic (A2):\n<ul>\n<li>Horari: Dilluns i dimecres de 17:30 a 19:30<\/li>\n<\/ul>\n<\/li>\n<\/ul>\n<\/li>\n<li>Durada: Anual de setembre a juny<\/li>\n<li>Promoci\u00f3 de curs i\/o obtenci\u00f3 de certificaci\u00f3: En acabar en curs l&#8217;alumne que hagi superat el nivell obtindr\u00e0 un certificat acreditatiu.<\/li>\n<li><a href=\"http:\/\/queestudiar.gencat.cat\/ca\/estudis\/adults\/estudis\/llengua-catalana\/?p_id=2331&amp;estudi\">Curr\u00edculum&hellip;  <a href=\"https:\/\/agora.xtec.cat\/cfagransol\/ensenyaments\/ensenyaments-inicials-i-formacio-basica\/llengua-catalana\/\" title=\"Read Llengua catalana\">Llegeix m\u00e9s\u00bb<\/a><br \/>\n","protected":false},"author":2,"featured_media":0,"parent":283,"menu_order":0,"comment_status":"closed","ping_status":"closed","template":"page-templates\/side-menu.php","meta":{"_bbp_topic_count":0,"_bbp_reply_count":0,"_bbp_total_topic_count":0,"_bbp_total_reply_count":0,"_bbp_voice_count":0,"_bbp_anonymous_reply_count":0,"_bbp_topic_count_hidden":0,"_bbp_reply_count_hidden":0,"_bbp_forum_subforum_count":0,"footnotes":""},"class_list":["post-296","page","type-page","status-publish","hentry"],"post_mailing_queue_ids":[],"_links":{"self":[{"href":"https:\/\/agora.xtec.cat\/cfagransol\/wp-json\/wp\/v2\/pages\/296","targetHints":{"allow":["GET"]}}],"collection":[{"href":"https:\/\/agora.xtec.cat\/cfagransol\/wp-json\/wp\/v2\/pages"}],"about":[{"href":"https:\/\/agora.xtec.cat\/cfagransol\/wp-json\/wp\/v2\/types\/page"}],"author":[{"embeddable":true,"href":"https:\/\/agora.xtec.cat\/cfagransol\/wp-json\/wp\/v2\/users\/2"}],"replies":[{"embeddable":true,"href":"https:\/\/agora.xtec.cat\/cfagransol\/wp-json\/wp\/v2\/comments?post=296"}],"version-history":[{"count":3,"href":"https:\/\/agora.xtec.cat\/cfagransol\/wp-json\/wp\/v2\/pages\/296\/revisions"}],"predecessor-version":[{"id":2006,"href":"https:\/\/agora.xtec.cat\/cfagransol\/wp-json\/wp\/v2\/pages\/296\/revisions\/2006"}],"up":[{"embeddable":true,"href":"https:\/\/agora.xtec.cat\/cfagransol\/wp-json\/wp\/v2\/pages\/283"}],"wp:attachment":[{"href":"https:\/\/agora.xtec.cat\/cfagransol\/wp-json\/wp\/v2\/media?parent=296"}],"curies":[{"name":"wp","href":"https:\/\/api.w.org\/{rel}","templated":true}]}}