{"id":1335,"date":"2017-09-17T21:44:13","date_gmt":"2017-09-17T19:44:13","guid":{"rendered":"http:\/\/agora.xtec.cat\/cfagransol\/?page_id=1335"},"modified":"2020-02-21T13:26:26","modified_gmt":"2020-02-21T12:26:26","slug":"competic-1","status":"publish","type":"page","link":"https:\/\/agora.xtec.cat\/cfagransol\/ensenyaments\/ensenyaments-transprofessionals\/competencia-digital-competic\/competic-1\/","title":{"rendered":"Competic 1"},"content":{"rendered":"<p>Els diferents nivells usuari d&#8217;inform\u00e0tica (COMPETIC 1, 2 i 3) van adre\u00e7ats a persones que tenen uns coneixements b\u00e0sics del funcionament de l&#8217;ordinador, del tractament de textos, de l&#8217;\u00fas del correu electr\u00f2nic i de la cerca d&#8217;informaci\u00f3 per Internet, el civisme digital, full de c\u00e0lcul i tractament de la imatge i el so.<\/p>\n<ul>\n<li><strong> Continguts<\/strong> COMPETIC 1 (equival a certificat ACTIC B\u00e0sic) Recull les tres compet\u00e8ncies del nivell b\u00e0sic de l&#8217;acreditaci\u00f3 de compet\u00e8ncies en tecnologies de la informaci\u00f3 i la comunicaci\u00f3 (ACTIC-B\u00e0sic). No recollides a la formaci\u00f3 COMPETIC INICIAL:\n<ul>\n<li>\u00a0Tractament de la informaci\u00f3 num\u00e8rica.<\/li>\n<li>Tractament de la informaci\u00f3 gr\u00e0fica, sonora i de la imatge en moviment.<\/li>\n<li>Cultura, participaci\u00f3 i civisme digital.<\/li>\n<\/ul>\n<\/li>\n<li>\u00a0<strong>Acc\u00e9s<\/strong> Poden accedir a aquests estudis les persones m\u00e9s grans de 18 anys i les que els compleixen durant l&#8217;any natural en qu\u00e8 s&#8217;inicia la formaci\u00f3.<\/li>\n<li><strong>Tr\u00e0mits<\/strong> Per cursar aquest ensenyament cal formalitzar la preinscripci\u00f3 i la matr\u00edcula d&#8217;acord amb els criteris fixats pel Departament d&#8217;Ensenyament. Aquest estudi \u00e9s gratu\u00eft en els centres dependents del Departament d&#8217;Ensenyament. Per a la resta de centres, consulteu l&#8217;import en el centre corresponent.<\/li>\n<li><strong>Avaluaci\u00f3<\/strong>: <span style=\"font-family: inherit; font-size: 1em;\">Un 60 per cent de la qualificaci\u00f3 correspon a les tasques fetes durant el curs i un 40 per cent correspon al projecte de final de curs.<\/span><\/li>\n<\/ul>\n","protected":false},"excerpt":{"rendered":"<p>Els diferents nivells usuari d&#8217;inform\u00e0tica (COMPETIC 1, 2 i 3) van adre\u00e7ats a persones que tenen uns coneixements b\u00e0sics del funcionament de l&#8217;ordinador, del tractament de textos, de l&#8217;\u00fas del correu electr\u00f2nic i de la cerca d&#8217;informaci\u00f3 per Internet, el civisme digital, full de c\u00e0lcul&hellip;  <a href=\"https:\/\/agora.xtec.cat\/cfagransol\/ensenyaments\/ensenyaments-transprofessionals\/competencia-digital-competic\/competic-1\/\" title=\"Read Competic 1\">Llegeix m\u00e9s\u00bb<\/a><\/p>\n","protected":false},"author":1,"featured_media":0,"parent":316,"menu_order":1,"comment_status":"closed","ping_status":"closed","template":"","meta":{"_bbp_topic_count":0,"_bbp_reply_count":0,"_bbp_total_topic_count":0,"_bbp_total_reply_count":0,"_bbp_voice_count":0,"_bbp_anonymous_reply_count":0,"_bbp_topic_count_hidden":0,"_bbp_reply_count_hidden":0,"_bbp_forum_subforum_count":0,"footnotes":""},"class_list":["post-1335","page","type-page","status-publish","hentry"],"post_mailing_queue_ids":[],"_links":{"self":[{"href":"https:\/\/agora.xtec.cat\/cfagransol\/wp-json\/wp\/v2\/pages\/1335","targetHints":{"allow":["GET"]}}],"collection":[{"href":"https:\/\/agora.xtec.cat\/cfagransol\/wp-json\/wp\/v2\/pages"}],"about":[{"href":"https:\/\/agora.xtec.cat\/cfagransol\/wp-json\/wp\/v2\/types\/page"}],"author":[{"embeddable":true,"href":"https:\/\/agora.xtec.cat\/cfagransol\/wp-json\/wp\/v2\/users\/1"}],"replies":[{"embeddable":true,"href":"https:\/\/agora.xtec.cat\/cfagransol\/wp-json\/wp\/v2\/comments?post=1335"}],"version-history":[{"count":3,"href":"https:\/\/agora.xtec.cat\/cfagransol\/wp-json\/wp\/v2\/pages\/1335\/revisions"}],"predecessor-version":[{"id":1957,"href":"https:\/\/agora.xtec.cat\/cfagransol\/wp-json\/wp\/v2\/pages\/1335\/revisions\/1957"}],"up":[{"embeddable":true,"href":"https:\/\/agora.xtec.cat\/cfagransol\/wp-json\/wp\/v2\/pages\/316"}],"wp:attachment":[{"href":"https:\/\/agora.xtec.cat\/cfagransol\/wp-json\/wp\/v2\/media?parent=1335"}],"curies":[{"name":"wp","href":"https:\/\/api.w.org\/{rel}","templated":true}]}}