{"id":1333,"date":"2017-09-17T21:40:54","date_gmt":"2017-09-17T19:40:54","guid":{"rendered":"http:\/\/agora.xtec.cat\/cfagransol\/?page_id=1333"},"modified":"2020-02-21T13:39:44","modified_gmt":"2020-02-21T12:39:44","slug":"competic-inicial","status":"publish","type":"page","link":"https:\/\/agora.xtec.cat\/cfagransol\/ensenyaments\/ensenyaments-transprofessionals\/competencia-digital-competic\/competic-inicial\/","title":{"rendered":"Competic Inicial"},"content":{"rendered":"<p>El nivell inicial d&#8217;inform\u00e0tica (COMPETIC inicial) s&#8217;adre\u00e7a a les persones adultes que volen assolir un domini b\u00e0sic de les tecnologies de la informaci\u00f3 i la comunicaci\u00f3 (TIC).<\/p>\n<p><strong>Continguts:\u00a0<\/strong>COMPETIC INICIAL Recull tres de les sis compet\u00e8ncies del nivell b\u00e0sic de l&#8217;acreditaci\u00f3 de compet\u00e8ncies en tecnologies de la informaci\u00f3 i la comunicaci\u00f3 (ACTIC):<\/p>\n<p>\u2022 Tecnologia digital, \u00fas de l&#8217;ordinador i del sistema operatiu.<\/p>\n<p>\u2022 Tractament de la informaci\u00f3 escrita.<\/p>\n<p>\u2022 Navegaci\u00f3 i comunicaci\u00f3 en el m\u00f3n digital.<\/p>\n<p>Avaluaci\u00f3:<\/p>\n<p>Un 60 per cent de la qualificaci\u00f3 correspon a les tasques fetes durant el curs i un 40 per cent correspon al projecte de final de curs.<\/p>\n<p><a href=\"https:\/\/sites.google.com\/a\/xtec.cat\/competic-fpa\/competic-inicial\">M\u00e9s informaci\u00f3<\/a><\/p>\n<p><strong>Requisits:<\/strong><\/p>\n<ul>\n<li>Moltes ganes d&#8217;aprendre i molta il\u00b7lusi\u00f3 per gaudir amb les eines TIC!<\/li>\n<\/ul>\n<p>&nbsp;<\/p>\n","protected":false},"excerpt":{"rendered":"<p>El nivell inicial d&#8217;inform\u00e0tica (COMPETIC inicial) s&#8217;adre\u00e7a a les persones adultes que volen assolir un domini b\u00e0sic de les tecnologies de la informaci\u00f3 i la comunicaci\u00f3 (TIC).<br \/>\nContinguts:\u00a0COMPETIC INICIAL Recull tres de les sis compet\u00e8ncies del nivell b\u00e0sic de l&#8217;acreditaci\u00f3 de compet\u00e8ncies en tecnologies de la&hellip;  <a href=\"https:\/\/agora.xtec.cat\/cfagransol\/ensenyaments\/ensenyaments-transprofessionals\/competencia-digital-competic\/competic-inicial\/\" title=\"Read Competic Inicial\">Llegeix m\u00e9s\u00bb<\/a><\/p>\n","protected":false},"author":1,"featured_media":0,"parent":316,"menu_order":0,"comment_status":"closed","ping_status":"closed","template":"","meta":{"_bbp_topic_count":0,"_bbp_reply_count":0,"_bbp_total_topic_count":0,"_bbp_total_reply_count":0,"_bbp_voice_count":0,"_bbp_anonymous_reply_count":0,"_bbp_topic_count_hidden":0,"_bbp_reply_count_hidden":0,"_bbp_forum_subforum_count":0,"footnotes":""},"class_list":["post-1333","page","type-page","status-publish","hentry"],"post_mailing_queue_ids":[],"_links":{"self":[{"href":"https:\/\/agora.xtec.cat\/cfagransol\/wp-json\/wp\/v2\/pages\/1333","targetHints":{"allow":["GET"]}}],"collection":[{"href":"https:\/\/agora.xtec.cat\/cfagransol\/wp-json\/wp\/v2\/pages"}],"about":[{"href":"https:\/\/agora.xtec.cat\/cfagransol\/wp-json\/wp\/v2\/types\/page"}],"author":[{"embeddable":true,"href":"https:\/\/agora.xtec.cat\/cfagransol\/wp-json\/wp\/v2\/users\/1"}],"replies":[{"embeddable":true,"href":"https:\/\/agora.xtec.cat\/cfagransol\/wp-json\/wp\/v2\/comments?post=1333"}],"version-history":[{"count":3,"href":"https:\/\/agora.xtec.cat\/cfagransol\/wp-json\/wp\/v2\/pages\/1333\/revisions"}],"predecessor-version":[{"id":1956,"href":"https:\/\/agora.xtec.cat\/cfagransol\/wp-json\/wp\/v2\/pages\/1333\/revisions\/1956"}],"up":[{"embeddable":true,"href":"https:\/\/agora.xtec.cat\/cfagransol\/wp-json\/wp\/v2\/pages\/316"}],"wp:attachment":[{"href":"https:\/\/agora.xtec.cat\/cfagransol\/wp-json\/wp\/v2\/media?parent=1333"}],"curies":[{"name":"wp","href":"https:\/\/api.w.org\/{rel}","templated":true}]}}