{"id":874,"date":"2022-10-07T14:08:04","date_gmt":"2022-10-07T12:08:04","guid":{"rendered":"https:\/\/agora.xtec.cat\/cfagornal\/?page_id=874"},"modified":"2023-05-31T13:56:43","modified_gmt":"2023-05-31T11:56:43","slug":"part-estrategica","status":"publish","type":"page","link":"https:\/\/agora.xtec.cat\/cfagornal\/estrategia-digital-de-centre\/part-estrategica\/","title":{"rendered":"Part estrat\u00e8gica"},"content":{"rendered":"<div class=\"entry-content\">\n<p>Seguint les indicacions del document definici\u00f3 de l\u2019EDC, s\u2019ha estructurat aquesta part en 4 fases:<\/p>\n<ul>\n<li><a href=\"https:\/\/agora.xtec.cat\/cfagornal\/estrategia-digital-de-centre-en-proces-delaboracio-2\/part-estrategica\/diagnosi\/\" target=\"_blank\" rel=\"noopener\">Diagnosi<\/a><\/li>\n<li><a href=\"https:\/\/agora.xtec.cat\/cfagornal\/estrategia-digital-de-centre-en-proces-delaboracio-2\/part-estrategica\/objectius\/\">Objectius<\/a><\/li>\n<li>Avaluaci\u00f3 i millora<\/li>\n<\/ul>\n<p>En finalitzar el per\u00edode escolar, la persona encarregada de l&#8217;activitat far\u00e0 el seguiment i recull de les evid\u00e8ncies de l\u2019assoliment dels objectius.<\/p>\n<\/div>\n","protected":false},"excerpt":{"rendered":"<p>Seguint les indicacions del document definici\u00f3 de l\u2019EDC, s\u2019ha estructurat aquesta part en 4 fases:<\/p>\n<ul>\n<li><a href=\"https:\/\/agora.xtec.cat\/cfagornal\/estrategia-digital-de-centre-en-proces-delaboracio-2\/part-estrategica\/diagnosi\/\" target=\"_blank\" rel=\"noopener\">Diagnosi<\/a><\/li>\n<li><a href=\"https:\/\/agora.xtec.cat\/cfagornal\/estrategia-digital-de-centre-en-proces-delaboracio-2\/part-estrategica\/objectius\/\">Objectius<\/a><\/li>\n<li>Avaluaci\u00f3 i millora<\/li>\n<\/ul>\n<p>En finalitzar el per\u00edode escolar, la persona encarregada de l&#8217;activitat far\u00e0 el seguiment i recull de les evid\u00e8ncies de l\u2019assoliment dels objectius.<\/p>\n","protected":false},"author":1,"featured_media":0,"parent":840,"menu_order":0,"comment_status":"closed","ping_status":"closed","template":"page-templates\/side-menu.php","meta":{"_bbp_topic_count":0,"_bbp_reply_count":0,"_bbp_total_topic_count":0,"_bbp_total_reply_count":0,"_bbp_voice_count":0,"_bbp_anonymous_reply_count":0,"_bbp_topic_count_hidden":0,"_bbp_reply_count_hidden":0,"_bbp_forum_subforum_count":0,"footnotes":""},"class_list":["post-874","page","type-page","status-publish","hentry"],"post_mailing_queue_ids":[],"_links":{"self":[{"href":"https:\/\/agora.xtec.cat\/cfagornal\/wp-json\/wp\/v2\/pages\/874","targetHints":{"allow":["GET"]}}],"collection":[{"href":"https:\/\/agora.xtec.cat\/cfagornal\/wp-json\/wp\/v2\/pages"}],"about":[{"href":"https:\/\/agora.xtec.cat\/cfagornal\/wp-json\/wp\/v2\/types\/page"}],"author":[{"embeddable":true,"href":"https:\/\/agora.xtec.cat\/cfagornal\/wp-json\/wp\/v2\/users\/1"}],"replies":[{"embeddable":true,"href":"https:\/\/agora.xtec.cat\/cfagornal\/wp-json\/wp\/v2\/comments?post=874"}],"version-history":[{"count":3,"href":"https:\/\/agora.xtec.cat\/cfagornal\/wp-json\/wp\/v2\/pages\/874\/revisions"}],"predecessor-version":[{"id":1180,"href":"https:\/\/agora.xtec.cat\/cfagornal\/wp-json\/wp\/v2\/pages\/874\/revisions\/1180"}],"up":[{"embeddable":true,"href":"https:\/\/agora.xtec.cat\/cfagornal\/wp-json\/wp\/v2\/pages\/840"}],"wp:attachment":[{"href":"https:\/\/agora.xtec.cat\/cfagornal\/wp-json\/wp\/v2\/media?parent=874"}],"curies":[{"name":"wp","href":"https:\/\/api.w.org\/{rel}","templated":true}]}}