{"id":49,"date":"2014-09-17T16:55:55","date_gmt":"2014-09-17T16:55:55","guid":{"rendered":"http:\/\/agora.xtec.cat\/cfagornal\/\/?page_id=49"},"modified":"2017-05-19T14:10:19","modified_gmt":"2017-05-19T12:10:19","slug":"normes-dorganitzacio-i-funcionament","status":"publish","type":"page","link":"https:\/\/agora.xtec.cat\/cfagornal\/el-centre\/normes-dorganitzacio-i-funcionament\/","title":{"rendered":"Normes i funcionament del centre"},"content":{"rendered":"<p>Amb la voluntat d\u2019oferir una formaci\u00f3 al llarg de tota la vida, l\u2019edat dels nostres alumnes per accedir a aquests ensenyaments \u00e9s a partir dels 18 anys, i en casos excepcionals de 16 anys (PQPI, joves per l\u2019ocupaci\u00f3&#8230;), no hi ha cap altre l\u00edmit d\u2019edat.<\/p>\n<p>Els tutors\/es de cada grup s\u00f3n els\/les responsables del seguiment formatiu dels seus alumnes. En el cas dels alumnes menors d\u2019edat, els pares es poden posar en contacte amb el\/la tutor\/a del seu fill\/a amb l\u2019objecte de garantir la corresponsabilitat de la seva formaci\u00f3. El tutor\/a es posar\u00e0 en contacte amb els pares del menor en cas d\u2019incid\u00e8ncies greus.<\/p>\n<p>El Centre disposa d\u2019unes normes d\u2019organitzaci\u00f3 i funcionament, on queden recollits els drets i deures de l\u2019alumnat i professorat per tal que hi hagi una bona conviv\u00e8ncia.<\/p>\n<p>La formaci\u00f3 a les escoles d\u2019adults no \u00e9s un ensenyament obligatori i les persones que decideixen assistir ho fan de forma volunt\u00e0ria, tanmateix l\u2019assist\u00e8ncia \u00e9s obligat\u00f2ria i un dels requisits per a l\u2019obtenci\u00f3 dels t\u00edtols i\/o certificats. <strong>L\u2019absentisme durant dues setmanes sense justificaci\u00f3 comportar\u00e0 la baixa de l\u2019alumne.<\/strong><\/p>\n<h2>Normes de l\u2019escola<\/h2>\n<p><strong>\u00a0<\/strong>L\u2019escola est\u00e0 formada per tot el col\u00b7lectiu que participa de les activitats acad\u00e8miques, per aix\u00f2 cal respectar unes normes per al bon funcionament del centre.<\/p>\n<ul>\n<li>Es demana puntualitat a l\u2019entrada i sortida de classe.<\/li>\n<\/ul>\n<ul>\n<li>S\u2019ha de venir a classe amb el material necessari per escriure.<\/li>\n<\/ul>\n<ul>\n<li>Dins de l\u2019aula no es pot menjar, ni portar begudes (excepte aigua).<\/li>\n<\/ul>\n<ul>\n<li>Est\u00e0 prohibit fumar dins del recinte incloent-hi els espais oberts (pati).<\/li>\n<\/ul>\n<ul>\n<li>Els m\u00f2bils han d\u2019estar en silenci i nom\u00e9s es podran utilitzar per cerca d\u2019informaci\u00f3, sempre i quan el professor ho cregui convenient.<\/li>\n<\/ul>\n<ul>\n<li>L\u2019aula ha d\u2019estar sempre en condicions:<\/li>\n<\/ul>\n<p style=\"padding-left: 30px;\">-No s\u2019han de guixar les taules, ni deixar-hi\u00a0 papers ni altres deixalles en acabar la classe.<\/p>\n<p style=\"padding-left: 30px;\">-S\u2019ha de deixar el mobiliari ordenat i no s\u2019han de llen\u00e7ar papers i altres objectes al terra.<\/p>\n","protected":false},"excerpt":{"rendered":"<p>Amb la voluntat d\u2019oferir una formaci\u00f3 al llarg de tota la vida, l\u2019edat dels nostres alumnes per accedir a aquests ensenyaments \u00e9s a partir dels 18 anys, i en casos excepcionals de 16 anys (PQPI, joves per l\u2019ocupaci\u00f3&#8230;), no hi ha cap altre l\u00edmit d\u2019edat.<br \/>\nEls&hellip;  <a href=\"https:\/\/agora.xtec.cat\/cfagornal\/el-centre\/normes-dorganitzacio-i-funcionament\/\" title=\"Read Normes i funcionament del centre\">Llegeix m\u00e9s\u00bb<\/a><\/p>\n","protected":false},"author":1,"featured_media":0,"parent":261,"menu_order":60,"comment_status":"closed","ping_status":"closed","template":"page-templates\/side-menu.php","meta":{"_bbp_topic_count":0,"_bbp_reply_count":0,"_bbp_total_topic_count":0,"_bbp_total_reply_count":0,"_bbp_voice_count":0,"_bbp_anonymous_reply_count":0,"_bbp_topic_count_hidden":0,"_bbp_reply_count_hidden":0,"_bbp_forum_subforum_count":0,"footnotes":""},"class_list":["post-49","page","type-page","status-publish","hentry"],"post_mailing_queue_ids":[],"_links":{"self":[{"href":"https:\/\/agora.xtec.cat\/cfagornal\/wp-json\/wp\/v2\/pages\/49","targetHints":{"allow":["GET"]}}],"collection":[{"href":"https:\/\/agora.xtec.cat\/cfagornal\/wp-json\/wp\/v2\/pages"}],"about":[{"href":"https:\/\/agora.xtec.cat\/cfagornal\/wp-json\/wp\/v2\/types\/page"}],"author":[{"embeddable":true,"href":"https:\/\/agora.xtec.cat\/cfagornal\/wp-json\/wp\/v2\/users\/1"}],"replies":[{"embeddable":true,"href":"https:\/\/agora.xtec.cat\/cfagornal\/wp-json\/wp\/v2\/comments?post=49"}],"version-history":[{"count":3,"href":"https:\/\/agora.xtec.cat\/cfagornal\/wp-json\/wp\/v2\/pages\/49\/revisions"}],"predecessor-version":[{"id":564,"href":"https:\/\/agora.xtec.cat\/cfagornal\/wp-json\/wp\/v2\/pages\/49\/revisions\/564"}],"up":[{"embeddable":true,"href":"https:\/\/agora.xtec.cat\/cfagornal\/wp-json\/wp\/v2\/pages\/261"}],"wp:attachment":[{"href":"https:\/\/agora.xtec.cat\/cfagornal\/wp-json\/wp\/v2\/media?parent=49"}],"curies":[{"name":"wp","href":"https:\/\/api.w.org\/{rel}","templated":true}]}}