{"id":316,"date":"2015-01-28T11:33:51","date_gmt":"2015-01-28T10:33:51","guid":{"rendered":"http:\/\/agora.xtec.cat\/cfagornal\/\/?page_id=316"},"modified":"2017-05-11T12:36:58","modified_gmt":"2017-05-11T10:36:58","slug":"competencia-digital-competic","status":"publish","type":"page","link":"https:\/\/agora.xtec.cat\/cfagornal\/ensenyaments\/ensenyaments-transprofessionals\/competencia-digital-competic\/","title":{"rendered":"Compet\u00e8ncia digital COMPETIC"},"content":{"rendered":"<p>Els cursos <a href=\"http:\/\/www.xtec.cat\/fadults\/competic\/\">COMPETIC<\/a> estan organitzats en 4 nivells diferents:<br \/>\nCompetic Inicial<br \/>\nCompetic 1<br \/>\nCompetic 2<br \/>\nCompetic 3<br \/>\nEls cursos tenen una durada d\u2019un curs escolar i s\u00f3n presencials.<br \/>\nLa finalitat dels cursos \u00e9s poder ser competent a nivell d\u2019usuari en les diferents compet\u00e8ncies que es treballen en cada nivell.<br \/>\nCada nivell <a href=\"https:\/\/docs.google.com\/presentation\/d\/1Dfap9N-nSdqxYEIqjc2TxoD8EdHaETqvSgdpgAyVaUk\/pub?start=false&amp;loop=false&amp;delayms=3000#slide=id.p14\">s\u2019avaluar\u00e0 <\/a>a final de curs mitjan\u00e7ant l\u2019avaluaci\u00f3 continuada (60%) i un projecte final (40%)<br \/>\nLa superaci\u00f3 del curs comporta l\u2019obtenci\u00f3 de la titulaci\u00f3 COMPETIC que es convalida amb la titulaci\u00f3 ACTIC (B\u00c0SIC, MITJ\u00c0 i AVAN\u00c7AT).<\/p>\n<h4>COMPETIC INICIAL<\/h4>\n<p>Aquest curs est\u00e0 adre\u00e7at a aquelles persones que es volen introduir al m\u00f3n de la inform\u00e0tica.<\/p>\n<p>Les compet\u00e8ncies s\u00f3n:<\/p>\n<ul>\n<li>C2- \u00das de l\u2019ordinador, Sistema Operatiu, tecnologia digital<\/li>\n<li>C3- Navegaci\u00f3, cerca per Internet, correu electr\u00f2nic<\/li>\n<li>C4- Tractament de textos<\/li>\n<\/ul>\n<h4 lang=\"en-US\" align=\"justify\">COMPETIC 1<\/h4>\n<p align=\"justify\">Est\u00e0 pensat per als alumnes que han superat el curs INFORM\u00c0TICA INICIAL l i volen aprofundir i ampliar els coneixements apresos.<\/p>\n<p align=\"justify\">Si no s\u2019ha fet el curs de nivell inicial, nom\u00e9s es podr\u00e0 accedir al COMPETIC 1 si se supera la prova de nivell, que inclou les compet\u00e8ncies b\u00e0siques del NIVELL INICIAL<\/p>\n<p align=\"justify\">Les compet\u00e8ncies del curs estan estructurades en:<\/p>\n<p align=\"justify\">\u2013 Aprofundiment del COMPETIC INICIAL: sistema operatiu, tractament de textos i navegaci\u00f3 per Internet.<\/p>\n<p align=\"justify\">\u2013 Tres m\u00f2duls:<\/p>\n<ul>\n<li>C5- Imatge i so \u00a0(retoc d\u2019imatges, fer presentacions, arxius de so\u2026)<\/li>\n<li>C6- Full de c\u00e0lcul<\/li>\n<li>C1- Cultura, participaci\u00f3 I civisme digital (Xarxes socials, etc.)<\/li>\n<\/ul>\n<p lang=\"es-ES\" align=\"justify\">En acabar el curs, si s\u2019ha superat l\u2019avaluaci\u00f3 cont\u00ednua i el Projecte Final, s\u2019obt\u00e9 el Certificat de COMPETIC 1, de compet\u00e8ncia digital de l\u2019educaci\u00f3 de persones adultes. Aquest certificat equival al Certificat B\u00e0sic de l\u2019ACTIC.<\/p>\n<h4 lang=\"en-GB\" align=\"justify\">COMPETIC 2<\/h4>\n<p lang=\"es-ES\" align=\"justify\">Aquest curs va adre\u00e7at a persones que han cursat amb \u00e8xit el COMPETIC 1. S\u2019ampliaran i aprofundiran els temes tractats al COMPETIC 1.<\/p>\n<p lang=\"es-ES\" align=\"justify\">Per accedir a aquest curs sense haver fet el COMPETIC 1 s\u2019haur\u00e0 de fer una prova en el moment de la preinscripci\u00f3, que consistir\u00e0 a fer un projecte semblant al que fan a final de curs els alumnes \u00a0de COMPETIC 1.<\/p>\n<p lang=\"es-ES\" align=\"justify\">El curs est\u00e0 estructurat en:<\/p>\n<p lang=\"es-ES\" align=\"justify\">-aprofundiment de COMPETIC 1<\/p>\n<ul>\n<li lang=\"es-ES\">C1- Cultura i participaci\u00f3 digital<\/li>\n<li lang=\"es-ES\">C2- Tecnologia digital i sistema operatiu<\/li>\n<li lang=\"es-ES\">C3- Navegaci\u00f3 per Internet<\/li>\n<li lang=\"es-ES\">C4- Tractament de text<\/li>\n<li lang=\"es-ES\">C5- Imatge, so i v\u00eddeo,, )<\/li>\n<li lang=\"es-ES\">C6- Full de c\u00e0lcul<\/li>\n<\/ul>\n<p lang=\"es-ES\" align=\"justify\">-M\u00f2duls nous:<\/p>\n<ul>\n<li lang=\"es-ES\">C8- Presentaci\u00f3 de continguts<\/li>\n<li lang=\"es-ES\">C7- Base de dades<\/li>\n<\/ul>\n<h4>COMPETIC 3<\/h4>\n<p>Podran cursar-lo les persones que han superat el curs COMPETIC 2 o poden acreditar-lo mitjan\u00e7ant el certificat ACTIC de nivell mitj\u00e0.<\/p>\n<p>En el curs COMPETIC 3 es treballen les compet\u00e8ncies:<\/p>\n<ul>\n<li>Tractament de la informaci\u00f3 escrita (C4).<\/li>\n<li>Tractament de la informaci\u00f3 gr\u00e0fica, sonora i de la imatge en moviment (C5).<\/li>\n<li>Presentaci\u00f3 de continguts (C8).<\/li>\n<\/ul>\n<p>&nbsp;<\/p>\n","protected":false},"excerpt":{"rendered":"<p>Els cursos <a href=\"http:\/\/www.xtec.cat\/fadults\/competic\/\">COMPETIC<\/a> estan organitzats en 4 nivells diferents:<br \/>\nCompetic Inicial<br \/>\nCompetic 1<br \/>\nCompetic 2<br \/>\nCompetic 3<br \/>\nEls cursos tenen una durada d\u2019un curs escolar i s\u00f3n presencials.<br \/>\nLa finalitat dels cursos \u00e9s poder ser competent a nivell d\u2019usuari en les diferents compet\u00e8ncies que es treballen en cada nivell.<br \/>\nCada nivell&hellip;  <a href=\"https:\/\/agora.xtec.cat\/cfagornal\/ensenyaments\/ensenyaments-transprofessionals\/competencia-digital-competic\/\" title=\"Read Compet\u00e8ncia digital COMPETIC\">Llegeix m\u00e9s\u00bb<\/a><\/p>\n","protected":false},"author":2,"featured_media":0,"parent":286,"menu_order":0,"comment_status":"closed","ping_status":"closed","template":"page-templates\/side-menu.php","meta":{"_bbp_topic_count":0,"_bbp_reply_count":0,"_bbp_total_topic_count":0,"_bbp_total_reply_count":0,"_bbp_voice_count":0,"_bbp_anonymous_reply_count":0,"_bbp_topic_count_hidden":0,"_bbp_reply_count_hidden":0,"_bbp_forum_subforum_count":0,"footnotes":""},"class_list":["post-316","page","type-page","status-publish","hentry"],"post_mailing_queue_ids":[],"_links":{"self":[{"href":"https:\/\/agora.xtec.cat\/cfagornal\/wp-json\/wp\/v2\/pages\/316","targetHints":{"allow":["GET"]}}],"collection":[{"href":"https:\/\/agora.xtec.cat\/cfagornal\/wp-json\/wp\/v2\/pages"}],"about":[{"href":"https:\/\/agora.xtec.cat\/cfagornal\/wp-json\/wp\/v2\/types\/page"}],"author":[{"embeddable":true,"href":"https:\/\/agora.xtec.cat\/cfagornal\/wp-json\/wp\/v2\/users\/2"}],"replies":[{"embeddable":true,"href":"https:\/\/agora.xtec.cat\/cfagornal\/wp-json\/wp\/v2\/comments?post=316"}],"version-history":[{"count":4,"href":"https:\/\/agora.xtec.cat\/cfagornal\/wp-json\/wp\/v2\/pages\/316\/revisions"}],"predecessor-version":[{"id":476,"href":"https:\/\/agora.xtec.cat\/cfagornal\/wp-json\/wp\/v2\/pages\/316\/revisions\/476"}],"up":[{"embeddable":true,"href":"https:\/\/agora.xtec.cat\/cfagornal\/wp-json\/wp\/v2\/pages\/286"}],"wp:attachment":[{"href":"https:\/\/agora.xtec.cat\/cfagornal\/wp-json\/wp\/v2\/media?parent=316"}],"curies":[{"name":"wp","href":"https:\/\/api.w.org\/{rel}","templated":true}]}}