{"id":312,"date":"2015-01-28T11:32:38","date_gmt":"2015-01-28T10:32:38","guid":{"rendered":"http:\/\/agora.xtec.cat\/cfagornal\/\/?page_id=312"},"modified":"2017-09-06T18:01:22","modified_gmt":"2017-09-06T16:01:22","slug":"llengua-anglesa","status":"publish","type":"page","link":"https:\/\/agora.xtec.cat\/cfagornal\/ensenyaments\/ensenyaments-transprofessionals\/llengua-anglesa\/","title":{"rendered":"Llengua anglesa"},"content":{"rendered":"<p>En la formaci\u00f3 d\u2019Angl\u00e8s el CFA El Gornal us ofereix 3 nivells. El nivell s\u2019assigna en funci\u00f3 dels coneixements de la persona.<\/p>\n<ul>\n<li>ANGL\u00c8S NIVELL 1<\/li>\n<\/ul>\n<div>Els destinataris del curs s\u00f3n persones adultes d\u2019edats diferents i amb un bagatge de coneixements educatius i de nivell cultural heterogeni. L\u2019alumnat est\u00e0 format per persones amb un<\/div>\n<div><\/div>\n<div>desconeixement total de la Llengua Anglesa.<\/div>\n<div><\/div>\n<div>Aquest curs se centra en les compet\u00e8ncies de la llengua oral, tot incorporar objectius comunicatius m\u00ednims de la llengua escrita. Segons el nivell com\u00fa de refer\u00e8ncia del MECR, es correspondria<\/div>\n<div><\/div>\n<div>al nivell A1.<\/div>\n<div><\/div>\n<div>DURADA: 105 hores. 3 hores\/setmana (de setembre a juny).<\/div>\n<div><\/div>\n<ul>\n<li>ANGL\u00c8S NIVELL 2<\/li>\n<\/ul>\n<div>Els destinataris del curs s\u00f3n persones amb un coneixement molt b\u00e0sic de la Llengua Anglesa o que hagin superat el nivell 1. El nivell 2 t\u00e9 per finalitat que l\u2019aprenent\/a pugui comunicar-se en<\/div>\n<div><\/div>\n<div>situacions properes i habituals,relacionades amb la vida quotidiana i el seu \u00e0mbit laboral. Equival al nivell d\u2019usuari b\u00e0sic A2 segons els criteris establerts pel MECR.<\/div>\n<div><\/div>\n<div>DURADA: 105 hores. 3 hores\/setmana (de setembre a juny)<\/div>\n<div><\/div>\n<ul>\n<li>ANGL\u00c8S NIVELL 3<\/li>\n<\/ul>\n<div>Els destinataris del curs s\u00f3n persones adultes que hagin assolit el nivell 2 o b\u00e9 que tinguin un nivell d\u2019usuari b\u00e0sic. El nivell 3 t\u00e9 per finalitat que l\u2019aprenent\/a sigui capa\u00e7 d\u2019expressar-se amb<\/div>\n<div><\/div>\n<div>suficient flu\u00efdesa per comunicar-se i mantenir la interacci\u00f3 en contextos coneguts i sobre tem\u00e0tiques generals o d\u2019inter\u00e8s personals, i fer front de manera flexible a situacions habituals, en la<\/div>\n<div><\/div>\n<div>variant est\u00e0ndard de l\u2019entorn d\u2019aprenentatge.<\/div>\n<div><\/div>\n<div>Equival al nivell d\u2019usuari independent A2+ segons els criteris establerts pel MECR.<\/div>\n<div><\/div>\n<div>DURADA: 140 hores. 4h a la setmana (de setembre a juny).<\/div>\n<div class=\"canvasWrapper\"><\/div>\n<div class=\"canvasWrapper\"><\/div>\n<div class=\"canvasWrapper\"><\/div>\n","protected":false},"excerpt":{"rendered":"<p>En la formaci\u00f3 d\u2019Angl\u00e8s el CFA El Gornal us ofereix 3 nivells. El nivell s\u2019assigna en funci\u00f3 dels coneixements de la persona.<\/p>\n<ul>\n<li>ANGL\u00c8S NIVELL 1<\/li>\n<\/ul>\n<p>Els destinataris del curs s\u00f3n persones adultes d\u2019edats diferents i amb un bagatge de coneixements educatius i de nivell cultural heterogeni. L\u2019alumnat&hellip;  <a href=\"https:\/\/agora.xtec.cat\/cfagornal\/ensenyaments\/ensenyaments-transprofessionals\/llengua-anglesa\/\" title=\"Read Llengua anglesa\">Llegeix m\u00e9s\u00bb<\/a><\/p>\n","protected":false},"author":2,"featured_media":0,"parent":286,"menu_order":0,"comment_status":"closed","ping_status":"closed","template":"page-templates\/side-menu.php","meta":{"_bbp_topic_count":0,"_bbp_reply_count":0,"_bbp_total_topic_count":0,"_bbp_total_reply_count":0,"_bbp_voice_count":0,"_bbp_anonymous_reply_count":0,"_bbp_topic_count_hidden":0,"_bbp_reply_count_hidden":0,"_bbp_forum_subforum_count":0,"footnotes":""},"class_list":["post-312","page","type-page","status-publish","hentry"],"post_mailing_queue_ids":[],"_links":{"self":[{"href":"https:\/\/agora.xtec.cat\/cfagornal\/wp-json\/wp\/v2\/pages\/312","targetHints":{"allow":["GET"]}}],"collection":[{"href":"https:\/\/agora.xtec.cat\/cfagornal\/wp-json\/wp\/v2\/pages"}],"about":[{"href":"https:\/\/agora.xtec.cat\/cfagornal\/wp-json\/wp\/v2\/types\/page"}],"author":[{"embeddable":true,"href":"https:\/\/agora.xtec.cat\/cfagornal\/wp-json\/wp\/v2\/users\/2"}],"replies":[{"embeddable":true,"href":"https:\/\/agora.xtec.cat\/cfagornal\/wp-json\/wp\/v2\/comments?post=312"}],"version-history":[{"count":4,"href":"https:\/\/agora.xtec.cat\/cfagornal\/wp-json\/wp\/v2\/pages\/312\/revisions"}],"predecessor-version":[{"id":593,"href":"https:\/\/agora.xtec.cat\/cfagornal\/wp-json\/wp\/v2\/pages\/312\/revisions\/593"}],"up":[{"embeddable":true,"href":"https:\/\/agora.xtec.cat\/cfagornal\/wp-json\/wp\/v2\/pages\/286"}],"wp:attachment":[{"href":"https:\/\/agora.xtec.cat\/cfagornal\/wp-json\/wp\/v2\/media?parent=312"}],"curies":[{"name":"wp","href":"https:\/\/api.w.org\/{rel}","templated":true}]}}