{"id":296,"date":"2015-01-28T11:18:08","date_gmt":"2015-01-28T10:18:08","guid":{"rendered":"http:\/\/agora.xtec.cat\/cfagornal\/\/?page_id=296"},"modified":"2018-06-04T16:12:35","modified_gmt":"2018-06-04T14:12:35","slug":"llengua-catalana","status":"publish","type":"page","link":"https:\/\/agora.xtec.cat\/cfagornal\/ensenyaments\/ensenyaments-inicials-i-formacio-basica\/llengua-catalana\/","title":{"rendered":"Llengua catalana"},"content":{"rendered":"<p>Els ensenyaments de les lleng\u00fces catalana i castellana a l\u2019educaci\u00f3 d\u2019adults tenen com a finalitat l\u2019adquisici\u00f3 de la compet\u00e8ncia<\/p>\n<p>comunicativa ling\u00fc\u00edstica per formar parlants que puguin comunicar-se amb prou flu\u00efdesa per resoldre la major part de situacions<\/p>\n<p>de la vida quotidiana, tant pel que fa a l\u2019expressi\u00f3 com a la producci\u00f3, oral i escrita, en diferents suports i mitjan\u00e7ant<\/p>\n<p>tamb\u00e9 els llenguatges audiovisuals i, per tant, esdevinguin suficientment aut\u00f2noms per respondre a les necessitats personals,<\/p>\n<p>laborals, p\u00fabliques i educatives.L\u2019ordenaci\u00f3 curricular dels ensenyaments de la llengua catalana i la llengua castellana per als<\/p>\n<p>adults t\u00e9 en compte les orientacions, les compet\u00e8ncies i els criteris establerts en el Marc europeu com\u00fa de refer\u00e8ncia (MECR).<\/p>\n<p>A l&#8217;escola d&#8217;adults El Gornal es poden cursar els <strong>nivells 1 , 2 i 3 de Llengua Catalana<\/strong>.<\/p>\n<p>El nivell 1 de llengua catalana es correspon amb el nivell d\u2019usuari b\u00e0sic A1, d\u2019acord amb el MECR.<\/p>\n<p>El nivell 2 de la llengua catalana correspon amb el nivell d\u2019usuari b\u00e0sic A2, d\u2019acord amb el MECR.<\/p>\n<p>El nivell 3 de llengua catalana correspon amb el nivell d&#8217;usuari\u00a0 B1, d&#8217;acord amb el MECR.<\/p>\n","protected":false},"excerpt":{"rendered":"<p>Els ensenyaments de les lleng\u00fces catalana i castellana a l\u2019educaci\u00f3 d\u2019adults tenen com a finalitat l\u2019adquisici\u00f3 de la compet\u00e8ncia<br \/>\ncomunicativa ling\u00fc\u00edstica per formar parlants que puguin comunicar-se amb prou flu\u00efdesa per resoldre la major part de situacions<br \/>\nde la vida quotidiana, tant pel que fa a l\u2019expressi\u00f3&hellip;  <a href=\"https:\/\/agora.xtec.cat\/cfagornal\/ensenyaments\/ensenyaments-inicials-i-formacio-basica\/llengua-catalana\/\" title=\"Read Llengua catalana\">Llegeix m\u00e9s\u00bb<\/a><\/p>\n","protected":false},"author":2,"featured_media":0,"parent":283,"menu_order":0,"comment_status":"closed","ping_status":"closed","template":"page-templates\/side-menu.php","meta":{"_bbp_topic_count":0,"_bbp_reply_count":0,"_bbp_total_topic_count":0,"_bbp_total_reply_count":0,"_bbp_voice_count":0,"_bbp_anonymous_reply_count":0,"_bbp_topic_count_hidden":0,"_bbp_reply_count_hidden":0,"_bbp_forum_subforum_count":0,"footnotes":""},"class_list":["post-296","page","type-page","status-publish","hentry"],"post_mailing_queue_ids":[],"_links":{"self":[{"href":"https:\/\/agora.xtec.cat\/cfagornal\/wp-json\/wp\/v2\/pages\/296","targetHints":{"allow":["GET"]}}],"collection":[{"href":"https:\/\/agora.xtec.cat\/cfagornal\/wp-json\/wp\/v2\/pages"}],"about":[{"href":"https:\/\/agora.xtec.cat\/cfagornal\/wp-json\/wp\/v2\/types\/page"}],"author":[{"embeddable":true,"href":"https:\/\/agora.xtec.cat\/cfagornal\/wp-json\/wp\/v2\/users\/2"}],"replies":[{"embeddable":true,"href":"https:\/\/agora.xtec.cat\/cfagornal\/wp-json\/wp\/v2\/comments?post=296"}],"version-history":[{"count":4,"href":"https:\/\/agora.xtec.cat\/cfagornal\/wp-json\/wp\/v2\/pages\/296\/revisions"}],"predecessor-version":[{"id":620,"href":"https:\/\/agora.xtec.cat\/cfagornal\/wp-json\/wp\/v2\/pages\/296\/revisions\/620"}],"up":[{"embeddable":true,"href":"https:\/\/agora.xtec.cat\/cfagornal\/wp-json\/wp\/v2\/pages\/283"}],"wp:attachment":[{"href":"https:\/\/agora.xtec.cat\/cfagornal\/wp-json\/wp\/v2\/media?parent=296"}],"curies":[{"name":"wp","href":"https:\/\/api.w.org\/{rel}","templated":true}]}}