{"id":27,"date":"2014-09-17T16:24:03","date_gmt":"2014-09-17T16:24:03","guid":{"rendered":"http:\/\/agora.xtec.cat\/cfagornal\/\/?page_id=27"},"modified":"2017-03-03T14:34:21","modified_gmt":"2017-03-03T13:34:21","slug":"historia","status":"publish","type":"page","link":"https:\/\/agora.xtec.cat\/cfagornal\/el-centre\/historia\/","title":{"rendered":"Hist\u00f2ria"},"content":{"rendered":"<p>L&#8217;any 1980 els ve\u00efns del Gornal, amb la col\u00b7laboraci\u00f3 de l&#8217;Ajuntament, van organitzar una Campanya d&#8217;alfabetitzaci\u00f3 per Adults. Despr\u00e9s es va considerar necessari que aquesta formaci\u00f3 tingu\u00e9s una continu\u00eftat i es va reivindicar una escola d&#8217;adults per al barri.<br \/>\nL&#8217;Escola d&#8217;Adults va comen\u00e7ar a funcionar el curs 1981-82, als baixos del bloc 5, amb una superf\u00edcie d&#8217;uns 25 metres quadrats, amb un professor nomenat per la Generalitat i uns quants voluntaris del barri.<br \/>\nS&#8217;impartien cursos d&#8217;alfabetitzaci\u00f3, neolectors, certificat escolar, graduat escolar, classes de catal\u00e0, tallers,etc.<br \/>\nM\u00e9s endavant, es van nomenar m\u00e9s professors i ens van traslladar als barracons de l&#8217;escola Mart\u00ed Feced. En aquests terrenys, posteriorment es va construir el centre c\u00edvic, on va quedar ubicada l&#8217;escola.<\/p>\n","protected":false},"excerpt":{"rendered":"<p>L&#8217;any 1980 els ve\u00efns del Gornal, amb la col\u00b7laboraci\u00f3 de l&#8217;Ajuntament, van organitzar una Campanya d&#8217;alfabetitzaci\u00f3 per Adults. Despr\u00e9s es va considerar necessari que aquesta formaci\u00f3 tingu\u00e9s una continu\u00eftat i es va reivindicar una escola d&#8217;adults per al barri.<br \/>\nL&#8217;Escola d&#8217;Adults va comen\u00e7ar a funcionar el&hellip;  <a href=\"https:\/\/agora.xtec.cat\/cfagornal\/el-centre\/historia\/\" title=\"Read Hist\u00f2ria\">Llegeix m\u00e9s\u00bb<\/a><\/p>\n","protected":false},"author":1,"featured_media":0,"parent":261,"menu_order":20,"comment_status":"closed","ping_status":"closed","template":"page-templates\/side-menu.php","meta":{"_bbp_topic_count":0,"_bbp_reply_count":0,"_bbp_total_topic_count":0,"_bbp_total_reply_count":0,"_bbp_voice_count":0,"_bbp_anonymous_reply_count":0,"_bbp_topic_count_hidden":0,"_bbp_reply_count_hidden":0,"_bbp_forum_subforum_count":0,"footnotes":""},"class_list":["post-27","page","type-page","status-publish","hentry"],"post_mailing_queue_ids":[],"_links":{"self":[{"href":"https:\/\/agora.xtec.cat\/cfagornal\/wp-json\/wp\/v2\/pages\/27","targetHints":{"allow":["GET"]}}],"collection":[{"href":"https:\/\/agora.xtec.cat\/cfagornal\/wp-json\/wp\/v2\/pages"}],"about":[{"href":"https:\/\/agora.xtec.cat\/cfagornal\/wp-json\/wp\/v2\/types\/page"}],"author":[{"embeddable":true,"href":"https:\/\/agora.xtec.cat\/cfagornal\/wp-json\/wp\/v2\/users\/1"}],"replies":[{"embeddable":true,"href":"https:\/\/agora.xtec.cat\/cfagornal\/wp-json\/wp\/v2\/comments?post=27"}],"version-history":[{"count":3,"href":"https:\/\/agora.xtec.cat\/cfagornal\/wp-json\/wp\/v2\/pages\/27\/revisions"}],"predecessor-version":[{"id":407,"href":"https:\/\/agora.xtec.cat\/cfagornal\/wp-json\/wp\/v2\/pages\/27\/revisions\/407"}],"up":[{"embeddable":true,"href":"https:\/\/agora.xtec.cat\/cfagornal\/wp-json\/wp\/v2\/pages\/261"}],"wp:attachment":[{"href":"https:\/\/agora.xtec.cat\/cfagornal\/wp-json\/wp\/v2\/media?parent=27"}],"curies":[{"name":"wp","href":"https:\/\/api.w.org\/{rel}","templated":true}]}}