{"id":265,"date":"2015-01-27T17:28:56","date_gmt":"2015-01-27T16:28:56","guid":{"rendered":"http:\/\/agora.xtec.cat\/cfagornal\/\/?page_id=265"},"modified":"2024-09-14T09:56:45","modified_gmt":"2024-09-14T07:56:45","slug":"organitzacio-interna","status":"publish","type":"page","link":"https:\/\/agora.xtec.cat\/cfagornal\/el-centre\/organitzacio-interna\/","title":{"rendered":"Organitzaci\u00f3 interna"},"content":{"rendered":"<ul>\n<li>Equip directiu:\n<ul>\n<li>Faust Jaul\u00edn\u00a0(director)<\/li>\n<li>Mar Codina (cap d&#8217;estudis)<\/li>\n<li>\u00c0ngels Grandia (secret\u00e0ria)<\/li>\n<\/ul>\n<\/li>\n<\/ul>\n<ul>\n<li>Coordinacions:\n<ul>\n<li>J\u00falia Maqueda (coordinaci\u00f3 PAU)<\/li>\n<li>Xavier Mateo (coordinaci\u00f3 inform\u00e0tica)<\/li>\n<li>Noem\u00ed Exp\u00f3sito (coordinaci\u00f3 Ensenyaments b\u00e0sics)<\/li>\n<li>Sandra Ros (coordinaci\u00f3 ensenyaments inicials)<\/li>\n<li>Helena Albert\u00a0 (coordinaci\u00f3 Llengua, interculturalitat i cohesi\u00f3)<\/li>\n<\/ul>\n<\/li>\n<li>Resta professorat\n<ul>\n<li>Sara Hidalgo<\/li>\n<li>M\u00f3nica Forn\u00e9<\/li>\n<li>Laia Mont\u00f3n<\/li>\n<\/ul>\n<\/li>\n<li>Auxiliar administrativa\n<ul>\n<li>Olga P\u00e9rez<\/li>\n<\/ul>\n<\/li>\n<\/ul>\n<p>&nbsp;<\/p>\n","protected":false},"excerpt":{"rendered":"<ul>\n<li>Equip directiu:\n<ul>\n<li>Faust Jaul\u00edn\u00a0(director)<\/li>\n<li>Mar Codina (cap d&#8217;estudis)<\/li>\n<li>\u00c0ngels Grandia (secret\u00e0ria)<\/li>\n<\/ul>\n<\/li>\n<\/ul>\n<ul>\n<li>Coordinacions:\n<ul>\n<li>J\u00falia Maqueda (coordinaci\u00f3 PAU)<\/li>\n<li>Xavier Mateo (coordinaci\u00f3 inform\u00e0tica)<\/li>\n<li>Noem\u00ed Exp\u00f3sito (coordinaci\u00f3 Ensenyaments b\u00e0sics)<\/li>\n<li>Sandra Ros (coordinaci\u00f3 ensenyaments inicials)<\/li>\n<li>Helena Albert\u00a0 (coordinaci\u00f3 Llengua, interculturalitat i cohesi\u00f3)<\/li>\n<\/ul>\n<\/li>\n<li>Resta professorat\n<ul>\n<li>Sara Hidalgo<\/li>\n<li>M\u00f3nica Forn\u00e9<\/li>\n<li>Laia Mont\u00f3n<\/li>\n<\/ul>\n<\/li>\n<li>Auxiliar administrativa\n<ul>\n<li>Olga P\u00e9rez<\/li>\n<\/ul>\n<\/li>\n<\/ul>\n<p>&nbsp;<\/p>\n","protected":false},"author":2,"featured_media":0,"parent":261,"menu_order":40,"comment_status":"closed","ping_status":"closed","template":"page-templates\/side-menu.php","meta":{"_bbp_topic_count":0,"_bbp_reply_count":0,"_bbp_total_topic_count":0,"_bbp_total_reply_count":0,"_bbp_voice_count":0,"_bbp_anonymous_reply_count":0,"_bbp_topic_count_hidden":0,"_bbp_reply_count_hidden":0,"_bbp_forum_subforum_count":0,"footnotes":""},"class_list":["post-265","page","type-page","status-publish","hentry"],"post_mailing_queue_ids":[],"_links":{"self":[{"href":"https:\/\/agora.xtec.cat\/cfagornal\/wp-json\/wp\/v2\/pages\/265","targetHints":{"allow":["GET"]}}],"collection":[{"href":"https:\/\/agora.xtec.cat\/cfagornal\/wp-json\/wp\/v2\/pages"}],"about":[{"href":"https:\/\/agora.xtec.cat\/cfagornal\/wp-json\/wp\/v2\/types\/page"}],"author":[{"embeddable":true,"href":"https:\/\/agora.xtec.cat\/cfagornal\/wp-json\/wp\/v2\/users\/2"}],"replies":[{"embeddable":true,"href":"https:\/\/agora.xtec.cat\/cfagornal\/wp-json\/wp\/v2\/comments?post=265"}],"version-history":[{"count":6,"href":"https:\/\/agora.xtec.cat\/cfagornal\/wp-json\/wp\/v2\/pages\/265\/revisions"}],"predecessor-version":[{"id":1478,"href":"https:\/\/agora.xtec.cat\/cfagornal\/wp-json\/wp\/v2\/pages\/265\/revisions\/1478"}],"up":[{"embeddable":true,"href":"https:\/\/agora.xtec.cat\/cfagornal\/wp-json\/wp\/v2\/pages\/261"}],"wp:attachment":[{"href":"https:\/\/agora.xtec.cat\/cfagornal\/wp-json\/wp\/v2\/media?parent=265"}],"curies":[{"name":"wp","href":"https:\/\/api.w.org\/{rel}","templated":true}]}}