{"id":9,"date":"2014-09-12T10:15:01","date_gmt":"2014-09-12T10:15:01","guid":{"rendered":"http:\/\/agora.xtec.cat\/cfagirona\/?page_id=9"},"modified":"2026-04-14T17:56:24","modified_gmt":"2026-04-14T15:56:24","slug":"pagina-dinici-buida","status":"publish","type":"page","link":"https:\/\/agora.xtec.cat\/cfagirona\/","title":{"rendered":"Escola d&#8217;adults CFA Girona"},"content":{"rendered":"<h1 style=\"text-align: center;\"><img loading=\"lazy\" decoding=\"async\" class=\"alignnone wp-image-4147\" src=\"https:\/\/agora.xtec.cat\/cfagirona\/wp-content\/uploads\/usu1847\/2025\/07\/FotoFacana_CFAGirona-1024x576.jpg\" alt=\"\" width=\"956\" height=\"538\" srcset=\"https:\/\/agora.xtec.cat\/cfagirona\/wp-content\/uploads\/usu1847\/2025\/07\/FotoFacana_CFAGirona-1024x576.jpg 1024w, https:\/\/agora.xtec.cat\/cfagirona\/wp-content\/uploads\/usu1847\/2025\/07\/FotoFacana_CFAGirona-300x169.jpg 300w, https:\/\/agora.xtec.cat\/cfagirona\/wp-content\/uploads\/usu1847\/2025\/07\/FotoFacana_CFAGirona-768x432.jpg 768w, https:\/\/agora.xtec.cat\/cfagirona\/wp-content\/uploads\/usu1847\/2025\/07\/FotoFacana_CFAGirona.jpg 1080w\" sizes=\"auto, (max-width: 956px) 100vw, 956px\" \/><\/h1>\n<hr \/>\n<h1 style=\"text-align: center;\"><!--more--><\/h1>\n<h4><\/h4>\n<h3><span style=\"color: #000000;\">Aqu\u00ed teniu els <a style=\"color: #000000;\" href=\"https:\/\/docs.google.com\/document\/d\/1TDVFHrDSv96dA9NuahKxLHhIzF5aKn5d_kXgqQH9WSE\/edit?usp=sharing\" target=\"_blank\" rel=\"noopener\"><span style=\"color: #0000ff;\">horaris <\/span><\/a>del curs 2025-2026 <\/span><a href=\"https:\/\/docs.google.com\/document\/d\/1TDVFHrDSv96dA9NuahKxLHhIzF5aKn5d_kXgqQH9WSE\/edit?usp=sharing\" target=\"_blank\" rel=\"noopener\"><img loading=\"lazy\" decoding=\"async\" class=\"alignnone wp-image-2361\" src=\"https:\/\/agora.xtec.cat\/cfagirona\/wp-content\/uploads\/usu1847\/2022\/03\/enlace.png\" alt=\"\" width=\"20\" height=\"20\" srcset=\"https:\/\/agora.xtec.cat\/cfagirona\/wp-content\/uploads\/usu1847\/2022\/03\/enlace.png 512w, https:\/\/agora.xtec.cat\/cfagirona\/wp-content\/uploads\/usu1847\/2022\/03\/enlace-300x300.png 300w, https:\/\/agora.xtec.cat\/cfagirona\/wp-content\/uploads\/usu1847\/2022\/03\/enlace-150x150.png 150w\" sizes=\"auto, (max-width: 20px) 100vw, 20px\" \/><\/a><\/h3>\n<hr \/>\n<h1><img loading=\"lazy\" decoding=\"async\" class=\"wp-image-4398 aligncenter\" src=\"https:\/\/agora.xtec.cat\/cfagirona\/wp-content\/uploads\/usu1847\/2026\/01\/NovetatsCFAGirona.jpg\" alt=\"\" width=\"400\" height=\"72\" srcset=\"https:\/\/agora.xtec.cat\/cfagirona\/wp-content\/uploads\/usu1847\/2026\/01\/NovetatsCFAGirona.jpg 747w, https:\/\/agora.xtec.cat\/cfagirona\/wp-content\/uploads\/usu1847\/2026\/01\/NovetatsCFAGirona-300x54.jpg 300w\" sizes=\"auto, (max-width: 400px) 100vw, 400px\" \/><\/h1>\n<hr \/>\n<h1><img loading=\"lazy\" decoding=\"async\" class=\"alignnone size-large wp-image-4483\" src=\"https:\/\/agora.xtec.cat\/cfagirona\/wp-content\/uploads\/usu1847\/2026\/03\/Sortida-a-la-Fageda-den-Jorda-Abril26-724x1024.jpg\" alt=\"\" width=\"724\" height=\"1024\" srcset=\"https:\/\/agora.xtec.cat\/cfagirona\/wp-content\/uploads\/usu1847\/2026\/03\/Sortida-a-la-Fageda-den-Jorda-Abril26-724x1024.jpg 724w, https:\/\/agora.xtec.cat\/cfagirona\/wp-content\/uploads\/usu1847\/2026\/03\/Sortida-a-la-Fageda-den-Jorda-Abril26-212x300.jpg 212w, https:\/\/agora.xtec.cat\/cfagirona\/wp-content\/uploads\/usu1847\/2026\/03\/Sortida-a-la-Fageda-den-Jorda-Abril26-768x1086.jpg 768w, https:\/\/agora.xtec.cat\/cfagirona\/wp-content\/uploads\/usu1847\/2026\/03\/Sortida-a-la-Fageda-den-Jorda-Abril26-1086x1536.jpg 1086w, https:\/\/agora.xtec.cat\/cfagirona\/wp-content\/uploads\/usu1847\/2026\/03\/Sortida-a-la-Fageda-den-Jorda-Abril26.jpg 1414w\" sizes=\"auto, (max-width: 724px) 100vw, 724px\" \/><\/h1>\n<hr \/>\n<h1><span style=\"color: #ff0000;\">Actes per la setmana de Sant Jordi<\/span><\/h1>\n<h6><img loading=\"lazy\" decoding=\"async\" class=\"alignnone wp-image-4490 \" src=\"https:\/\/agora.xtec.cat\/cfagirona\/wp-content\/uploads\/usu1847\/2026\/04\/RutaLiterariaSantJordi26-e1776066014519.png\" alt=\"\" width=\"501\" height=\"704\" srcset=\"https:\/\/agora.xtec.cat\/cfagirona\/wp-content\/uploads\/usu1847\/2026\/04\/RutaLiterariaSantJordi26-e1776066014519.png 498w, https:\/\/agora.xtec.cat\/cfagirona\/wp-content\/uploads\/usu1847\/2026\/04\/RutaLiterariaSantJordi26-e1776066014519-213x300.png 213w\" sizes=\"auto, (max-width: 501px) 100vw, 501px\" \/><img loading=\"lazy\" decoding=\"async\" class=\"alignnone wp-image-4493\" src=\"https:\/\/agora.xtec.cat\/cfagirona\/wp-content\/uploads\/usu1847\/2026\/04\/TardaPoetica26.png\" alt=\"\" width=\"517\" height=\"704\" srcset=\"https:\/\/agora.xtec.cat\/cfagirona\/wp-content\/uploads\/usu1847\/2026\/04\/TardaPoetica26.png 598w, https:\/\/agora.xtec.cat\/cfagirona\/wp-content\/uploads\/usu1847\/2026\/04\/TardaPoetica26-220x300.png 220w\" sizes=\"auto, (max-width: 517px) 100vw, 517px\" \/><\/h6>\n<hr \/>\n<h1><span style=\"color: #ff6600;\">Let&#8217;s go egg hunting!<\/span><\/h1>\n<h6>Els alumnes d\u2019angl\u00e8s aquesta setmana han participat en l\u2019activitat Egg Hunting. L\u2019Egg Hunting \u00e9s una tradici\u00f3 popular brit\u00e0nica que se celebra a Easter &#8211; Pasqua-. S&#8217;amaguen ous decorats, normalment de xocolata o pl\u00e0stic, i tot seguit, els m\u00e9s menuts i grans tamb\u00e9 els han de trobar. Nosaltres els hem amagat a l\u2019aula i els companys d&#8217;altres classes els han hagut de trobar. Ha estat divertid\u00edssim, hem retornat a la inf\u00e0ncia!<\/h6>\n<p><img loading=\"lazy\" decoding=\"async\" class=\"alignnone size-large wp-image-4485\" src=\"https:\/\/agora.xtec.cat\/cfagirona\/wp-content\/uploads\/usu1847\/2026\/03\/CollageEggs26-1024x768.jpg\" alt=\"\" width=\"1024\" height=\"768\" srcset=\"https:\/\/agora.xtec.cat\/cfagirona\/wp-content\/uploads\/usu1847\/2026\/03\/CollageEggs26-1024x768.jpg 1024w, https:\/\/agora.xtec.cat\/cfagirona\/wp-content\/uploads\/usu1847\/2026\/03\/CollageEggs26-300x225.jpg 300w, https:\/\/agora.xtec.cat\/cfagirona\/wp-content\/uploads\/usu1847\/2026\/03\/CollageEggs26-768x576.jpg 768w, https:\/\/agora.xtec.cat\/cfagirona\/wp-content\/uploads\/usu1847\/2026\/03\/CollageEggs26.jpg 1200w\" sizes=\"auto, (max-width: 1024px) 100vw, 1024px\" \/><\/p>\n<hr \/>\n<h1><span style=\"color: #0000ff;\">Art i identitat: els nostres alumnes d&#8217;Alfabetitzaci\u00f3 1 es donen a con\u00e8ixer<\/span><\/h1>\n<h6>Els nostres alumnes d&#8217;Alfabetitzaci\u00f3 1 han demostrat ser tots uns artistes dibuixant i explicant elements que els representen, com els seus pa\u00efsos d&#8217;origen o les seves aficions. Ha estat una activitat fant\u00e0stica per compartir la nostra identitat i practicar el catal\u00e0 a trav\u00e9s de l&#8217;art.<\/h6>\n<p><img loading=\"lazy\" decoding=\"async\" class=\"alignnone size-large wp-image-4477\" src=\"https:\/\/agora.xtec.cat\/cfagirona\/wp-content\/uploads\/usu1847\/2026\/03\/TascaInstrumental126-1024x1024.jpg\" alt=\"\" width=\"1024\" height=\"1024\" srcset=\"https:\/\/agora.xtec.cat\/cfagirona\/wp-content\/uploads\/usu1847\/2026\/03\/TascaInstrumental126-1024x1024.jpg 1024w, https:\/\/agora.xtec.cat\/cfagirona\/wp-content\/uploads\/usu1847\/2026\/03\/TascaInstrumental126-300x300.jpg 300w, https:\/\/agora.xtec.cat\/cfagirona\/wp-content\/uploads\/usu1847\/2026\/03\/TascaInstrumental126-150x150.jpg 150w, https:\/\/agora.xtec.cat\/cfagirona\/wp-content\/uploads\/usu1847\/2026\/03\/TascaInstrumental126-768x768.jpg 768w, https:\/\/agora.xtec.cat\/cfagirona\/wp-content\/uploads\/usu1847\/2026\/03\/TascaInstrumental126-1536x1536.jpg 1536w, https:\/\/agora.xtec.cat\/cfagirona\/wp-content\/uploads\/usu1847\/2026\/03\/TascaInstrumental126-2048x2048.jpg 2048w\" sizes=\"auto, (max-width: 1024px) 100vw, 1024px\" \/><\/p>\n<hr \/>\n<h1><span style=\"color: #ff9900;\">Fem bunyols a Santa Eug\u00e8nia<\/span><\/h1>\n<h6>El dia de Sant Josep, el 19 de mar\u00e7, els alumnes d\u2019N1.2 que estudien al Centre C\u00edvic Santa Eug\u00e8nia van fer una classe de catal\u00e0 ben diferent i dol\u00e7a. Com cada any, van poder seguir les explicacions de dos cuiners que anaven ensenyant els ingredients i com s\u2019havien de fer els bunyols. Van aprendre que aquests dol\u00e7os s\u00f3n t\u00edpics de l\u2019\u00e8poca de la Quaresma. Tamb\u00e9 van poder escoltar unes quantes can\u00e7ons catalanes, especialment havaneres. Al final de la classe, van tastar els bunyols. Estaven per llepar-se\u2019n els dits!<br \/>\nPer recordar b\u00e9 com es fan els bunyols, es van emportar la recepta per fer-los a casa.<\/h6>\n<p><img loading=\"lazy\" decoding=\"async\" class=\"alignnone size-large wp-image-4473\" src=\"https:\/\/agora.xtec.cat\/cfagirona\/wp-content\/uploads\/usu1847\/2026\/03\/Brunyolada26-1024x501.jpg\" alt=\"\" width=\"1024\" height=\"501\" srcset=\"https:\/\/agora.xtec.cat\/cfagirona\/wp-content\/uploads\/usu1847\/2026\/03\/Brunyolada26-1024x501.jpg 1024w, https:\/\/agora.xtec.cat\/cfagirona\/wp-content\/uploads\/usu1847\/2026\/03\/Brunyolada26-300x147.jpg 300w, https:\/\/agora.xtec.cat\/cfagirona\/wp-content\/uploads\/usu1847\/2026\/03\/Brunyolada26-768x376.jpg 768w, https:\/\/agora.xtec.cat\/cfagirona\/wp-content\/uploads\/usu1847\/2026\/03\/Brunyolada26.jpg 1175w\" sizes=\"auto, (max-width: 1024px) 100vw, 1024px\" \/><\/p>\n<hr \/>\n<h1><span style=\"color: #000080;\">St. Patrick&#8217;s day amb els alumnes d&#8217;angl\u00e8s\u00a0<\/span><\/h1>\n<h5>Dilluns passat dia 16 de mar\u00e7, el programa d&#8217;Idiomes va organitzar un cop m\u00e9s una xerrada per a l&#8217;alumnat d&#8217;angl\u00e8s 1, 2 i 3. Enguany, la Jenny Smith ens ha explicat la tradici\u00f3 irlandesa de St. Patrick&#8217;s day, que se celebra anualment el 17 de mar\u00e7. M\u00e9s de 40 alumnes van gaudir d&#8217;aquesta activitat immersiva, molt enriquidora i participativa.<\/h5>\n<p><img loading=\"lazy\" decoding=\"async\" class=\"alignnone size-full wp-image-4469\" src=\"https:\/\/agora.xtec.cat\/cfagirona\/wp-content\/uploads\/usu1847\/2026\/03\/St.PatricksDay26.png\" alt=\"\" width=\"944\" height=\"327\" srcset=\"https:\/\/agora.xtec.cat\/cfagirona\/wp-content\/uploads\/usu1847\/2026\/03\/St.PatricksDay26.png 944w, https:\/\/agora.xtec.cat\/cfagirona\/wp-content\/uploads\/usu1847\/2026\/03\/St.PatricksDay26-300x104.png 300w, https:\/\/agora.xtec.cat\/cfagirona\/wp-content\/uploads\/usu1847\/2026\/03\/St.PatricksDay26-768x266.png 768w\" sizes=\"auto, (max-width: 944px) 100vw, 944px\" \/><\/p>\n<hr \/>\n<h1><span style=\"color: #008000;\">Participem en la votaci\u00f3 de la 8a edici\u00f3 del monar&#8217;T<\/span><\/h1>\n<h5>Del 9 de mar\u00e7 al 9 d\u2019abril el ve\u00efnat, escoles i entitats del barri, participen en la votaci\u00f3 dels murs i parets que formaran part de la 8a edici\u00f3 del monar\u2019T als barris de Can Gibert i Santa Eug\u00e8nia.\u00a0Tamb\u00e9 hi han participat els alumnes que van al Centre C\u00edvic a aprendre catal\u00e0, sumant la seva veu a la tria dels espais.<\/h5>\n<p><img loading=\"lazy\" decoding=\"async\" class=\"alignnone size-large wp-image-4465\" src=\"https:\/\/agora.xtec.cat\/cfagirona\/wp-content\/uploads\/usu1847\/2026\/03\/VotacioMonart2026-1024x1024.jpg\" alt=\"\" width=\"1024\" height=\"1024\" srcset=\"https:\/\/agora.xtec.cat\/cfagirona\/wp-content\/uploads\/usu1847\/2026\/03\/VotacioMonart2026-1024x1024.jpg 1024w, https:\/\/agora.xtec.cat\/cfagirona\/wp-content\/uploads\/usu1847\/2026\/03\/VotacioMonart2026-300x300.jpg 300w, https:\/\/agora.xtec.cat\/cfagirona\/wp-content\/uploads\/usu1847\/2026\/03\/VotacioMonart2026-150x150.jpg 150w, https:\/\/agora.xtec.cat\/cfagirona\/wp-content\/uploads\/usu1847\/2026\/03\/VotacioMonart2026-768x768.jpg 768w, https:\/\/agora.xtec.cat\/cfagirona\/wp-content\/uploads\/usu1847\/2026\/03\/VotacioMonart2026-1536x1536.jpg 1536w, https:\/\/agora.xtec.cat\/cfagirona\/wp-content\/uploads\/usu1847\/2026\/03\/VotacioMonart2026.jpg 1950w\" sizes=\"auto, (max-width: 1024px) 100vw, 1024px\" \/><\/p>\n<hr \/>\n<h1><span style=\"color: #008000;\">8M Dia de la Dona a l&#8217;escola<\/span><\/h1>\n<h5>Amb motiu del Dia de la Dona, els alumnes d\u2019alfabetitzaci\u00f3 han treballat vocabulari relacionat amb la dona. Els alumnes del nivell inicial han escrit un adjectiu per descriure-la, i els del nivell 2 han redactat un petit text sobre la dona m\u00e9s important de la seva vida: unes paraules plenes d\u2019estima i reconeixement.<\/h5>\n<p><img loading=\"lazy\" decoding=\"async\" class=\"alignnone size-large wp-image-4461\" src=\"https:\/\/agora.xtec.cat\/cfagirona\/wp-content\/uploads\/usu1847\/2026\/03\/DiaDona8M2026-1024x1024.jpg\" alt=\"\" width=\"1024\" height=\"1024\" srcset=\"https:\/\/agora.xtec.cat\/cfagirona\/wp-content\/uploads\/usu1847\/2026\/03\/DiaDona8M2026-1024x1024.jpg 1024w, https:\/\/agora.xtec.cat\/cfagirona\/wp-content\/uploads\/usu1847\/2026\/03\/DiaDona8M2026-300x300.jpg 300w, https:\/\/agora.xtec.cat\/cfagirona\/wp-content\/uploads\/usu1847\/2026\/03\/DiaDona8M2026-150x150.jpg 150w, https:\/\/agora.xtec.cat\/cfagirona\/wp-content\/uploads\/usu1847\/2026\/03\/DiaDona8M2026-768x768.jpg 768w, https:\/\/agora.xtec.cat\/cfagirona\/wp-content\/uploads\/usu1847\/2026\/03\/DiaDona8M2026.jpg 1492w\" sizes=\"auto, (max-width: 1024px) 100vw, 1024px\" \/><\/p>\n<hr \/>\n<h1><span style=\"color: #0000ff;\">Ens n&#8217;anem d&#8217;Erasmus!<\/span><\/h1>\n<h6>Una part de l\u2019alumnat de Competic de l&#8217;escola est\u00e0 gaudint de l\u2019experi\u00e8ncia Erasmus a Herford, Alemanya.<\/h6>\n<p><img loading=\"lazy\" decoding=\"async\" class=\"alignnone size-large wp-image-4458\" src=\"https:\/\/agora.xtec.cat\/cfagirona\/wp-content\/uploads\/usu1847\/2026\/03\/SortidaErasmusCompetic-768x1024.jpg\" alt=\"\" width=\"768\" height=\"1024\" srcset=\"https:\/\/agora.xtec.cat\/cfagirona\/wp-content\/uploads\/usu1847\/2026\/03\/SortidaErasmusCompetic-768x1024.jpg 768w, https:\/\/agora.xtec.cat\/cfagirona\/wp-content\/uploads\/usu1847\/2026\/03\/SortidaErasmusCompetic-225x300.jpg 225w, https:\/\/agora.xtec.cat\/cfagirona\/wp-content\/uploads\/usu1847\/2026\/03\/SortidaErasmusCompetic-1152x1536.jpg 1152w, https:\/\/agora.xtec.cat\/cfagirona\/wp-content\/uploads\/usu1847\/2026\/03\/SortidaErasmusCompetic.jpg 1200w\" sizes=\"auto, (max-width: 768px) 100vw, 768px\" \/><\/p>\n","protected":false},"excerpt":{"rendered":"","protected":false},"author":1,"featured_media":0,"parent":7,"menu_order":0,"comment_status":"closed","ping_status":"closed","template":"","meta":{"_bbp_topic_count":0,"_bbp_reply_count":0,"_bbp_total_topic_count":0,"_bbp_total_reply_count":0,"_bbp_voice_count":0,"_bbp_anonymous_reply_count":0,"_bbp_topic_count_hidden":0,"_bbp_reply_count_hidden":0,"_bbp_forum_subforum_count":0,"site-sidebar-layout":"default","site-content-layout":"","ast-site-content-layout":"default","site-content-style":"default","site-sidebar-style":"default","ast-global-header-display":"","ast-banner-title-visibility":"","ast-main-header-display":"","ast-hfb-above-header-display":"","ast-hfb-below-header-display":"","ast-hfb-mobile-header-display":"","site-post-title":"","ast-breadcrumbs-content":"","ast-featured-img":"","footer-sml-layout":"","theme-transparent-header-meta":"default","adv-header-id-meta":"","stick-header-meta":"","header-above-stick-meta":"","header-main-stick-meta":"","header-below-stick-meta":"","astra-migrate-meta-layouts":"set","ast-page-background-enabled":"default","ast-page-background-meta":{"desktop":{"background-color":"var(--ast-global-color-4)","background-image":"","background-repeat":"repeat","background-position":"center center","background-size":"auto","background-attachment":"scroll","background-type":"","background-media":"","overlay-type":"","overlay-color":"","overlay-opacity":"","overlay-gradient":""},"tablet":{"background-color":"","background-image":"","background-repeat":"repeat","background-position":"center center","background-size":"auto","background-attachment":"scroll","background-type":"","background-media":"","overlay-type":"","overlay-color":"","overlay-opacity":"","overlay-gradient":""},"mobile":{"background-color":"","background-image":"","background-repeat":"repeat","background-position":"center center","background-size":"auto","background-attachment":"scroll","background-type":"","background-media":"","overlay-type":"","overlay-color":"","overlay-opacity":"","overlay-gradient":""}},"ast-content-background-meta":{"desktop":{"background-color":"var(--ast-global-color-5)","background-image":"","background-repeat":"repeat","background-position":"center center","background-size":"auto","background-attachment":"scroll","background-type":"","background-media":"","overlay-type":"","overlay-color":"","overlay-opacity":"","overlay-gradient":""},"tablet":{"background-color":"var(--ast-global-color-5)","background-image":"","background-repeat":"repeat","background-position":"center center","background-size":"auto","background-attachment":"scroll","background-type":"","background-media":"","overlay-type":"","overlay-color":"","overlay-opacity":"","overlay-gradient":""},"mobile":{"background-color":"var(--ast-global-color-5)","background-image":"","background-repeat":"repeat","background-position":"center center","background-size":"auto","background-attachment":"scroll","background-type":"","background-media":"","overlay-type":"","overlay-color":"","overlay-opacity":"","overlay-gradient":""}},"footnotes":""},"class_list":["post-9","page","type-page","status-publish","hentry"],"post_mailing_queue_ids":[],"_links":{"self":[{"href":"https:\/\/agora.xtec.cat\/cfagirona\/wp-json\/wp\/v2\/pages\/9","targetHints":{"allow":["GET"]}}],"collection":[{"href":"https:\/\/agora.xtec.cat\/cfagirona\/wp-json\/wp\/v2\/pages"}],"about":[{"href":"https:\/\/agora.xtec.cat\/cfagirona\/wp-json\/wp\/v2\/types\/page"}],"author":[{"embeddable":true,"href":"https:\/\/agora.xtec.cat\/cfagirona\/wp-json\/wp\/v2\/users\/1"}],"replies":[{"embeddable":true,"href":"https:\/\/agora.xtec.cat\/cfagirona\/wp-json\/wp\/v2\/comments?post=9"}],"version-history":[{"count":6,"href":"https:\/\/agora.xtec.cat\/cfagirona\/wp-json\/wp\/v2\/pages\/9\/revisions"}],"predecessor-version":[{"id":4494,"href":"https:\/\/agora.xtec.cat\/cfagirona\/wp-json\/wp\/v2\/pages\/9\/revisions\/4494"}],"up":[{"embeddable":true,"href":"https:\/\/agora.xtec.cat\/cfagirona\/wp-json\/wp\/v2\/pages\/7"}],"wp:attachment":[{"href":"https:\/\/agora.xtec.cat\/cfagirona\/wp-json\/wp\/v2\/media?parent=9"}],"curies":[{"name":"wp","href":"https:\/\/api.w.org\/{rel}","templated":true}]}}