{"id":688,"date":"2018-09-12T18:36:23","date_gmt":"2018-09-12T16:36:23","guid":{"rendered":"http:\/\/agora.xtec.cat\/cfagirona\/?page_id=688"},"modified":"2018-09-12T19:14:17","modified_gmt":"2018-09-12T17:14:17","slug":"centre-collaborador-actic","status":"publish","type":"page","link":"https:\/\/agora.xtec.cat\/cfagirona\/serveis\/centre-collaborador-actic\/","title":{"rendered":"Centre col\u00b7laborador ACTIC"},"content":{"rendered":"<h1><a href=\"http:\/\/actic.gencat.cat\/ca\/\" target=\"_blank\" rel=\"noopener\"><img loading=\"lazy\" decoding=\"async\" class=\"\" src=\"http:\/\/www20.gencat.cat\/docs\/actic\/05%20Administracio\/Banners\/Arxius\/BANNER%20ACTIC_nou.jpg\" alt=\"Acreditaci\u00f3 de compet\u00e8ncies en tecnologies de la informaci\u00f3 i la comunicaci\u00f3 \" width=\"685\" height=\"78\" \/><\/a><\/h1>\n<h5>El CFA Girona \u00e9s centre col\u00b7laborador ACTIC amb un calendari de dates de proves mensuals i trimestrals.<\/h5>\n<h4>Assessorament :\u00a0dilluns de 12.30 a 13.30h<\/h4>\n<p>&nbsp;<\/p>\n<p>L\u2019ACTIC permet a qualsevol persona de m\u00e9s de 16 anys demostrar les seves compet\u00e8ncies TIC mitjan\u00e7ant una prova per ordinador.<\/p>\n<p>Tant la prova com l\u2019obtenci\u00f3 del certificat son telem\u00e0tics. les seves compet\u00e8ncies en tecnologies de la informaci\u00f3 i la comunicaci\u00f3.<\/p>\n<p>El model d\u2019acreditaci\u00f3 es compon de tres nivells de certificaci\u00f3:<\/p>\n<ul>\n<li>Nivell 1 \u2013 Certificat b\u00e0sic<\/li>\n<li>Nivell 2 \u2013 Certificat mitj\u00e0<\/li>\n<li>Nivell 3 \u2013 Certificat avan\u00e7at<\/li>\n<\/ul>\n<h4>Qu\u00e8 s\u2019avalua?<\/h4>\n<ul>\n<li>El nivell 1 inclou 6 compet\u00e8ncies.<\/li>\n<li>El nivell 2, com a nivell de refer\u00e8ncia, inclou les 8 compet\u00e8ncies.<\/li>\n<li>El nivell 3, pel seu car\u00e0cter especialitzat, comporta acreditar un\u00a0nivell avan\u00e7at en un m\u00ednim de dues compet\u00e8ncies triades per l\u2019aspirant entre les\u00a0seg\u00fcents: C4, C5, C6, C7 i C8. Per tant, per presentar-se a la prova del nivell 3caldr\u00e0 tenir el certificat mitj\u00e0.<\/li>\n<\/ul>\n<p>El nombre d\u2019activitats i el temps m\u00e0xim per realitzar la prova, segons nivells, s\u00f3n:<\/p>\n<ul>\n<li>Per al nivell 1 (certificat b\u00e0sic): 75 minuts i 40 activitats<\/li>\n<li>Per al nivell 2 (certificat mitj\u00e0): 100 minuts i 70 activitats<\/li>\n<li>Per al nivell 3 (certificat avan\u00e7at): 35 minuts i 25 activitats per compet\u00e8ncia<\/li>\n<\/ul>\n<h6>El tr\u00e0mit haur\u00e0 de ser telem\u00e0tic.<\/h6>\n<h4>M\u00e9s informaci\u00f3 per al procediment per obtenir l\u2019acreditaci\u00f3:<\/h4>\n<h4><a href=\"http:\/\/www.actic.gencat.cat\/\"><strong>www.actic.gencat.cat<\/strong><\/a><\/h4>\n","protected":false},"excerpt":{"rendered":"<p>El CFA Girona \u00e9s centre col\u00b7laborador ACTIC amb un calendari de dates de proves mensuals i trimestrals. Assessorament :\u00a0dilluns de 12.30 a 13.30h &nbsp; L\u2019ACTIC permet a qualsevol persona de m\u00e9s de 16 anys demostrar les seves compet\u00e8ncies TIC mitjan\u00e7ant una prova per ordinador. Tant la prova com l\u2019obtenci\u00f3 del certificat son telem\u00e0tics. les seves [&hellip;]<\/p>\n","protected":false},"author":1,"featured_media":0,"parent":63,"menu_order":0,"comment_status":"closed","ping_status":"closed","template":"page-templates\/side-menu.php","meta":{"_bbp_topic_count":0,"_bbp_reply_count":0,"_bbp_total_topic_count":0,"_bbp_total_reply_count":0,"_bbp_voice_count":0,"_bbp_anonymous_reply_count":0,"_bbp_topic_count_hidden":0,"_bbp_reply_count_hidden":0,"_bbp_forum_subforum_count":0,"site-sidebar-layout":"default","site-content-layout":"","ast-site-content-layout":"","site-content-style":"default","site-sidebar-style":"default","ast-global-header-display":"","ast-banner-title-visibility":"","ast-main-header-display":"","ast-hfb-above-header-display":"","ast-hfb-below-header-display":"","ast-hfb-mobile-header-display":"","site-post-title":"","ast-breadcrumbs-content":"","ast-featured-img":"","footer-sml-layout":"","theme-transparent-header-meta":"","adv-header-id-meta":"","stick-header-meta":"","header-above-stick-meta":"","header-main-stick-meta":"","header-below-stick-meta":"","astra-migrate-meta-layouts":"default","ast-page-background-enabled":"default","ast-page-background-meta":{"desktop":{"background-color":"var(--ast-global-color-4)","background-image":"","background-repeat":"repeat","background-position":"center center","background-size":"auto","background-attachment":"scroll","background-type":"","background-media":"","overlay-type":"","overlay-color":"","overlay-opacity":"","overlay-gradient":""},"tablet":{"background-color":"","background-image":"","background-repeat":"repeat","background-position":"center center","background-size":"auto","background-attachment":"scroll","background-type":"","background-media":"","overlay-type":"","overlay-color":"","overlay-opacity":"","overlay-gradient":""},"mobile":{"background-color":"","background-image":"","background-repeat":"repeat","background-position":"center center","background-size":"auto","background-attachment":"scroll","background-type":"","background-media":"","overlay-type":"","overlay-color":"","overlay-opacity":"","overlay-gradient":""}},"ast-content-background-meta":{"desktop":{"background-color":"var(--ast-global-color-5)","background-image":"","background-repeat":"repeat","background-position":"center center","background-size":"auto","background-attachment":"scroll","background-type":"","background-media":"","overlay-type":"","overlay-color":"","overlay-opacity":"","overlay-gradient":""},"tablet":{"background-color":"var(--ast-global-color-5)","background-image":"","background-repeat":"repeat","background-position":"center center","background-size":"auto","background-attachment":"scroll","background-type":"","background-media":"","overlay-type":"","overlay-color":"","overlay-opacity":"","overlay-gradient":""},"mobile":{"background-color":"var(--ast-global-color-5)","background-image":"","background-repeat":"repeat","background-position":"center center","background-size":"auto","background-attachment":"scroll","background-type":"","background-media":"","overlay-type":"","overlay-color":"","overlay-opacity":"","overlay-gradient":""}},"footnotes":""},"class_list":["post-688","page","type-page","status-publish","hentry"],"post_mailing_queue_ids":[],"_links":{"self":[{"href":"https:\/\/agora.xtec.cat\/cfagirona\/wp-json\/wp\/v2\/pages\/688","targetHints":{"allow":["GET"]}}],"collection":[{"href":"https:\/\/agora.xtec.cat\/cfagirona\/wp-json\/wp\/v2\/pages"}],"about":[{"href":"https:\/\/agora.xtec.cat\/cfagirona\/wp-json\/wp\/v2\/types\/page"}],"author":[{"embeddable":true,"href":"https:\/\/agora.xtec.cat\/cfagirona\/wp-json\/wp\/v2\/users\/1"}],"replies":[{"embeddable":true,"href":"https:\/\/agora.xtec.cat\/cfagirona\/wp-json\/wp\/v2\/comments?post=688"}],"version-history":[{"count":3,"href":"https:\/\/agora.xtec.cat\/cfagirona\/wp-json\/wp\/v2\/pages\/688\/revisions"}],"predecessor-version":[{"id":701,"href":"https:\/\/agora.xtec.cat\/cfagirona\/wp-json\/wp\/v2\/pages\/688\/revisions\/701"}],"up":[{"embeddable":true,"href":"https:\/\/agora.xtec.cat\/cfagirona\/wp-json\/wp\/v2\/pages\/63"}],"wp:attachment":[{"href":"https:\/\/agora.xtec.cat\/cfagirona\/wp-json\/wp\/v2\/media?parent=688"}],"curies":[{"name":"wp","href":"https:\/\/api.w.org\/{rel}","templated":true}]}}