{"id":578,"date":"2018-09-07T18:44:46","date_gmt":"2018-09-07T16:44:46","guid":{"rendered":"http:\/\/agora.xtec.cat\/cfagirona\/?page_id=578"},"modified":"2022-02-23T12:51:39","modified_gmt":"2022-02-23T11:51:39","slug":"projecte-erasmus","status":"publish","type":"page","link":"https:\/\/agora.xtec.cat\/cfagirona\/el-centre\/projectes-innovacio\/projectes-erasmus-descola\/projecte-erasmus\/","title":{"rendered":"Projecte Erasmus + 2018-2020"},"content":{"rendered":"<div><a href=\"https:\/\/ec.europa.eu\/programmes\/erasmus-plus\/projects\/eplus-project-details\/#project\/2018-1-ES01-KA104-048049\" target=\"_blank\" rel=\"noopener noreferrer\"><img loading=\"lazy\" decoding=\"async\" class=\"alignnone wp-image-1463 size-full\" src=\"https:\/\/agora.xtec.cat\/cfagirona\/wp-content\/uploads\/usu1847\/2020\/01\/unnamed.png\" alt=\"\" width=\"386\" height=\"130\" srcset=\"https:\/\/agora.xtec.cat\/cfagirona\/wp-content\/uploads\/usu1847\/2020\/01\/unnamed.png 386w, https:\/\/agora.xtec.cat\/cfagirona\/wp-content\/uploads\/usu1847\/2020\/01\/unnamed-300x101.png 300w\" sizes=\"auto, (max-width: 386px) 100vw, 386px\" \/><\/a><\/div>\n<div><\/div>\n<h5><a href=\"https:\/\/ec.europa.eu\/programmes\/erasmus-plus\/projects\/eplus-project-details\/#project\/2018-1-ES01-KA104-048049\" target=\"_blank\" rel=\"noopener noreferrer\">https:\/\/ec.europa.eu\/programmes\/erasmus-plus\/projects\/eplus-project-details\/#project\/2018-1-ES01-KA104-048049<\/a><\/h5>\n<div><\/div>\n<div>\n<table style=\"border-collapse: collapse; width: 100%;\" border=\"1\">\n<tbody>\n<tr>\n<td colspan=\"2\">\n<h1 style=\"text-align: center;\">La llengua \u00e9s\u00a0T-R-A-N-S-V-E-R-S-A-L<\/h1>\n<\/td>\n<\/tr>\n<tr>\n<td>\n<h5 style=\"text-align: justify;\">El projecte \u201cLa llengua \u00e9s\u00a0T-R-A-N-S-V-E-R-S-A-L\u201d neix de la voluntat d\u2019un equip de professors d\u2019un centre formaci\u00f3 d\u2019adults de Girona, CFA GIRONA, per millorar les compet\u00e8ncies comunicatives de tots els alumnes del centre. \u00c9s un projecte que t\u00e9 tres objectius b\u00e0sics:<\/h5>\n<p>&nbsp;<\/p>\n<h5 style=\"padding-left: 30px; text-align: justify;\">1. Plantejar l\u2019ensenyament-aprenentatge de la llengua com una eina transversal a totes les \u00e0rees del curr\u00edculum, a partir d\u2019unes pautes i criteris de seguiment i avaluaci\u00f3 facilitats pels professors de llengua.<\/h5>\n<h5 style=\"padding-left: 30px; text-align: justify;\">2. Organitzar intercanvis ling\u00fc\u00edstics fomentant l\u2019aprenentatge entre iguals, l\u2019autonomia i la compet\u00e8ncia d\u2019aprendre a aprendre.<\/h5>\n<h5 style=\"padding-left: 30px; text-align: justify;\">3. Implicar tot el personal i l\u2019alumnat del centre en la millora de l\u2019ensenyament i de l\u2019aprenentatge de la llengua.<\/h5>\n<p>&nbsp;<\/p>\n<h5 style=\"text-align: justify;\">Per aconseguir-ho es parteix dels punts forts detectats: un alumnat motivat, multicultural i pluriling\u00fce, un professorat fortament implicat amb l\u2019escola i amb l\u2019entorn social, i uns projectes d\u2019ensenyament de la llengua consolidats. Malgrat aix\u00f2, el projecte haur\u00e0 d\u2019incorporar tamb\u00e9 les noves tecnologies i metodologies, la qual cosa s\u2019aconseguir\u00e0, en part, gr\u00e0cies a la formaci\u00f3 que els docents rebran a trav\u00e9s del programa Erasmus KA1.<\/h5>\n<p>&nbsp;<\/td>\n<td style=\"width: 50%;\"><img loading=\"lazy\" decoding=\"async\" class=\"aligncenter wp-image-834\" src=\"https:\/\/agora.xtec.cat\/cfagirona\/wp-content\/uploads\/usu1847\/2018\/10\/rollUp-crop.png\" alt=\"\" width=\"375\" height=\"614\" \/><\/td>\n<\/tr>\n<tr>\n<td>\n<h5 style=\"text-align: justify;\"><span style=\"color: #333399;\"><em>The project &#8220;Language is T-R-A-N-S-V-E-R-S-A-L&#8221; is born from the will of a team of teachers of an adult\u2019s school in Girona, CFA GIRONA, in order to improve the communication skills of all the students within the institution. After an analysis, it is necessary to give an impulse to the written language in a transversal way in the different subjects taught in the school and it is also essential to promote oral language through peer learning, that is, between students of cultural, age, educational programs and different subjects heterogeneity.\u00a0In line with this starting point, a project is laid out with three basic objectives:<\/em><\/span><\/h5>\n<p>&nbsp;<\/p>\n<h5 style=\"padding-left: 30px; text-align: justify;\"><span style=\"color: #333399;\"><em>1. To propose the teaching-learning of the language as a transversal tool in all areas of the curriculum, based on guidelines and assessment criteria provided by the language teachers.<\/em><\/span><\/h5>\n<h5 style=\"padding-left: 30px; text-align: justify;\"><span style=\"color: #333399;\"><em>2. To organize linguistic exchanges in order to promote peer learning, autonomy and the learning to learn competence simultaneously.<\/em><\/span><\/h5>\n<h5 style=\"padding-left: 30px; text-align: justify;\"><span style=\"color: #333399;\"><em>3. To involve all the teachers and students of the centre in building on the teaching and learning of the language so as to boost the students\u2019 results in all areas, levels and types of study.<\/em><\/span><\/h5>\n<p>&nbsp;<\/p>\n<h5 style=\"text-align: justify;\"><span style=\"color: #333399;\"><em>To achieve this, we start from the strong detected points: motivated, multicultural and plurilingual students; a teaching staff which is strongly involved with the school and the social environment, and some consolidated language teaching projects. In spite of this, the project will also have to incorporate the new technologies and methodologies that will be achieved, in part, thanks to the training that teachers will receive through the Erasmus KA1 program<\/em><\/span>.<\/h5>\n<\/td>\n<td style=\"width: 50%;\"><a href=\"http:\/\/xtec.gencat.cat\/ca\/projectes\/plurilinguisme\/programes\/internacionals\/erasmusplus\/index.html\" target=\"_blank\" rel=\"noopener noreferrer\"><img loading=\"lazy\" decoding=\"async\" class=\"aligncenter wp-image-577 size-full\" src=\"https:\/\/agora.xtec.cat\/cfagirona\/wp-content\/uploads\/usu1847\/2018\/09\/erasmus-plus.png_2147148254.png\" alt=\"\" width=\"271\" height=\"271\" srcset=\"https:\/\/agora.xtec.cat\/cfagirona\/wp-content\/uploads\/usu1847\/2018\/09\/erasmus-plus.png_2147148254.png 271w, https:\/\/agora.xtec.cat\/cfagirona\/wp-content\/uploads\/usu1847\/2018\/09\/erasmus-plus.png_2147148254-150x150.png 150w\" sizes=\"auto, (max-width: 271px) 100vw, 271px\" \/><\/a><\/td>\n<\/tr>\n<\/tbody>\n<\/table>\n<\/div>\n<div><\/div>\n","protected":false},"excerpt":{"rendered":"<p>https:\/\/ec.europa.eu\/programmes\/erasmus-plus\/projects\/eplus-project-details\/#project\/2018-1-ES01-KA104-048049 La llengua \u00e9s\u00a0T-R-A-N-S-V-E-R-S-A-L El projecte \u201cLa llengua \u00e9s\u00a0T-R-A-N-S-V-E-R-S-A-L\u201d neix de la voluntat d\u2019un equip de professors d\u2019un centre formaci\u00f3 d\u2019adults de Girona, CFA GIRONA, per millorar les compet\u00e8ncies comunicatives de tots els alumnes del centre. \u00c9s un projecte que t\u00e9 tres objectius b\u00e0sics: &nbsp; 1. Plantejar l\u2019ensenyament-aprenentatge de la llengua com una eina transversal [&hellip;]<\/p>\n","protected":false},"author":1,"featured_media":0,"parent":2344,"menu_order":0,"comment_status":"closed","ping_status":"closed","template":"page-templates\/side-menu.php","meta":{"_bbp_topic_count":0,"_bbp_reply_count":0,"_bbp_total_topic_count":0,"_bbp_total_reply_count":0,"_bbp_voice_count":0,"_bbp_anonymous_reply_count":0,"_bbp_topic_count_hidden":0,"_bbp_reply_count_hidden":0,"_bbp_forum_subforum_count":0,"site-sidebar-layout":"default","site-content-layout":"","ast-site-content-layout":"","site-content-style":"default","site-sidebar-style":"default","ast-global-header-display":"","ast-banner-title-visibility":"","ast-main-header-display":"","ast-hfb-above-header-display":"","ast-hfb-below-header-display":"","ast-hfb-mobile-header-display":"","site-post-title":"","ast-breadcrumbs-content":"","ast-featured-img":"","footer-sml-layout":"","theme-transparent-header-meta":"","adv-header-id-meta":"","stick-header-meta":"","header-above-stick-meta":"","header-main-stick-meta":"","header-below-stick-meta":"","astra-migrate-meta-layouts":"default","ast-page-background-enabled":"default","ast-page-background-meta":{"desktop":{"background-color":"var(--ast-global-color-4)","background-image":"","background-repeat":"repeat","background-position":"center center","background-size":"auto","background-attachment":"scroll","background-type":"","background-media":"","overlay-type":"","overlay-color":"","overlay-opacity":"","overlay-gradient":""},"tablet":{"background-color":"","background-image":"","background-repeat":"repeat","background-position":"center center","background-size":"auto","background-attachment":"scroll","background-type":"","background-media":"","overlay-type":"","overlay-color":"","overlay-opacity":"","overlay-gradient":""},"mobile":{"background-color":"","background-image":"","background-repeat":"repeat","background-position":"center center","background-size":"auto","background-attachment":"scroll","background-type":"","background-media":"","overlay-type":"","overlay-color":"","overlay-opacity":"","overlay-gradient":""}},"ast-content-background-meta":{"desktop":{"background-color":"var(--ast-global-color-5)","background-image":"","background-repeat":"repeat","background-position":"center center","background-size":"auto","background-attachment":"scroll","background-type":"","background-media":"","overlay-type":"","overlay-color":"","overlay-opacity":"","overlay-gradient":""},"tablet":{"background-color":"var(--ast-global-color-5)","background-image":"","background-repeat":"repeat","background-position":"center center","background-size":"auto","background-attachment":"scroll","background-type":"","background-media":"","overlay-type":"","overlay-color":"","overlay-opacity":"","overlay-gradient":""},"mobile":{"background-color":"var(--ast-global-color-5)","background-image":"","background-repeat":"repeat","background-position":"center center","background-size":"auto","background-attachment":"scroll","background-type":"","background-media":"","overlay-type":"","overlay-color":"","overlay-opacity":"","overlay-gradient":""}},"footnotes":""},"class_list":["post-578","page","type-page","status-publish","hentry"],"post_mailing_queue_ids":[],"_links":{"self":[{"href":"https:\/\/agora.xtec.cat\/cfagirona\/wp-json\/wp\/v2\/pages\/578","targetHints":{"allow":["GET"]}}],"collection":[{"href":"https:\/\/agora.xtec.cat\/cfagirona\/wp-json\/wp\/v2\/pages"}],"about":[{"href":"https:\/\/agora.xtec.cat\/cfagirona\/wp-json\/wp\/v2\/types\/page"}],"author":[{"embeddable":true,"href":"https:\/\/agora.xtec.cat\/cfagirona\/wp-json\/wp\/v2\/users\/1"}],"replies":[{"embeddable":true,"href":"https:\/\/agora.xtec.cat\/cfagirona\/wp-json\/wp\/v2\/comments?post=578"}],"version-history":[{"count":4,"href":"https:\/\/agora.xtec.cat\/cfagirona\/wp-json\/wp\/v2\/pages\/578\/revisions"}],"predecessor-version":[{"id":2348,"href":"https:\/\/agora.xtec.cat\/cfagirona\/wp-json\/wp\/v2\/pages\/578\/revisions\/2348"}],"up":[{"embeddable":true,"href":"https:\/\/agora.xtec.cat\/cfagirona\/wp-json\/wp\/v2\/pages\/2344"}],"wp:attachment":[{"href":"https:\/\/agora.xtec.cat\/cfagirona\/wp-json\/wp\/v2\/media?parent=578"}],"curies":[{"name":"wp","href":"https:\/\/api.w.org\/{rel}","templated":true}]}}